{"id":17570,"date":"2021-12-09T14:10:21","date_gmt":"2021-12-09T14:10:21","guid":{"rendered":"https:\/\/chiaseklos.lt\/?post_type=product&#038;p=17570"},"modified":"2025-12-03T08:04:16","modified_gmt":"2025-12-03T08:04:16","slug":"prieskoniu-misinys-karstam-vynui-su-cukruotu-imbieru-50g","status":"publish","type":"product","link":"https:\/\/chiaseklos.lt\/en\/product\/prieskoniu-misinys-karstam-vynui-su-cukruotu-imbieru-50g\/","title":{"rendered":"Prieskoni\u0173 mi\u0161inys Kar\u0161tam vynui su cukruotu imbieru 50g."},"content":{"rendered":"<p><strong>Prieskoni\u0173 mi\u0161inys Kar\u0161tan vynui su cukruotu imbieru 50g.<\/strong><\/p>\n<p>Tiesiog suberkite prieskonius \u012f vyn\u0105 ir pakaitinkite, bet neu\u017evirkite. Vieno pakelio prieskoni\u0173 u\u017etenka dviems buteliams kar\u0161to vyno.<\/p>\n<p>Sudedamosios dalys: prieskoniai (cinamono lazdel\u0117s,\u017evaig\u017edinis any\u017eius, citrinos \u017eievel\u0117,\u00a0 gvazdik\u0117liai,\u00a0 kvapieji pipirai), imbieras cukruje (cukrus, imbieras, antioksidantas E 330) &#8211; 14,6 %<\/p>\n<p>&nbsp;<\/p>\n<p>&nbsp;<\/p>","protected":false},"excerpt":{"rendered":"<p>Prieskoni\u0173 mi\u0161inys Kar\u0161tan vynui su cukruotu imbieru 50g. Tiesiog suberkite prieskonius \u012f vyn\u0105 ir pakaitinkite, bet neu\u017evirkite. Vieno pakelio prieskoni\u0173 u\u017etenka dviems buteliams kar\u0161to vyno. Sudedamosios dalys: prieskoniai (cinamono lazdel\u0117s,\u017evaig\u017edinis any\u017eius, citrinos \u017eievel\u0117,\u00a0 gvazdik\u0117liai,\u00a0 kvapieji pipirai), imbieras cukruje (cukrus, imbieras, antioksidantas E 330) &#8211; 14,6 % &nbsp; &nbsp;<\/p>","protected":false},"featured_media":17571,"template":"","meta":{"_acf_changed":false},"product_brand":[],"product_cat":[68],"product_tag":[],"class_list":{"0":"post-17570","1":"product","2":"type-product","3":"status-publish","4":"has-post-thumbnail","6":"product_cat-prieskoniai","7":"nt-post-class","8":"","9":"masonry-item","10":"col-lg-6","14":"excerpt-none","18":"first","19":"instock","20":"taxable","21":"shipping-taxable","22":"purchasable","23":"product-type-simple","24":"add-to-wishlist-after_add_to_cart"},"acf":[],"_links":{"self":[{"href":"https:\/\/chiaseklos.lt\/en\/wp-json\/wp\/v2\/product\/17570","targetHints":{"allow":["GET"]}}],"collection":[{"href":"https:\/\/chiaseklos.lt\/en\/wp-json\/wp\/v2\/product"}],"about":[{"href":"https:\/\/chiaseklos.lt\/en\/wp-json\/wp\/v2\/types\/product"}],"wp:featuredmedia":[{"embeddable":true,"href":"https:\/\/chiaseklos.lt\/en\/wp-json\/wp\/v2\/media\/17571"}],"wp:attachment":[{"href":"https:\/\/chiaseklos.lt\/en\/wp-json\/wp\/v2\/media?parent=17570"}],"wp:term":[{"taxonomy":"product_brand","embeddable":true,"href":"https:\/\/chiaseklos.lt\/en\/wp-json\/wp\/v2\/product_brand?post=17570"},{"taxonomy":"product_cat","embeddable":true,"href":"https:\/\/chiaseklos.lt\/en\/wp-json\/wp\/v2\/product_cat?post=17570"},{"taxonomy":"product_tag","embeddable":true,"href":"https:\/\/chiaseklos.lt\/en\/wp-json\/wp\/v2\/product_tag?post=17570"}],"curies":[{"name":"wp","href":"https:\/\/api.w.org\/{rel}","templated":true}]}}