{"id":17559,"date":"2021-12-09T10:40:09","date_gmt":"2021-12-09T10:40:09","guid":{"rendered":"https:\/\/chiaseklos.lt\/?post_type=product&#038;p=17559"},"modified":"2026-04-30T11:42:09","modified_gmt":"2026-04-30T11:42:09","slug":"maltas-imbieras-100g","status":"publish","type":"product","link":"https:\/\/chiaseklos.lt\/en\/product\/maltas-imbieras-100g\/","title":{"rendered":"Maltas imbieras 100g."},"content":{"rendered":"<p>Maltas imbieras 100g.<\/p>\n<p>Maisto gamyboje naudojami a\u0161traus, \u0161ildan\u010dio skonio ir aitraus kvapo imbiero milteliai. Puikiai tinka ruo\u0161iant\u00a0\u017euv\u012f, dar\u017eoves, m\u0117s\u0105 bei \u017ev\u0117rien\u0105. Imbiero galima d\u0117ti \u012f sriubas, pada\u017eus, kepinius, arbat\u0105.<\/p>\n<div class=\"title\">Sudedamosios dalys:\u00a0Imbieras 100%<\/div>\n<div><\/div>\n<div>Kilm\u0117s \u0161alis: Nigerija<\/div>\n<div><\/div>","protected":false},"excerpt":{"rendered":"<p>Maltas imbieras 100g. Maisto gamyboje naudojami a\u0161traus, \u0161ildan\u010dio skonio ir aitraus kvapo imbiero milteliai. Puikiai tinka ruo\u0161iant\u00a0\u017euv\u012f, dar\u017eoves, m\u0117s\u0105 bei \u017ev\u0117rien\u0105. Imbiero galima d\u0117ti \u012f sriubas, pada\u017eus, kepinius, arbat\u0105. Sudedamosios dalys:\u00a0Imbieras 100% Kilm\u0117s \u0161alis: Nigerija<\/p>","protected":false},"featured_media":17561,"template":"","meta":{"_acf_changed":false},"product_brand":[],"product_cat":[68],"product_tag":[],"class_list":{"0":"post-17559","1":"product","2":"type-product","3":"status-publish","4":"has-post-thumbnail","6":"product_cat-prieskoniai","7":"nt-post-class","8":"","9":"masonry-item","10":"col-lg-6","14":"excerpt-none","18":"first","19":"instock","20":"taxable","21":"shipping-taxable","22":"purchasable","23":"product-type-simple","24":"add-to-wishlist-after_add_to_cart"},"acf":[],"_links":{"self":[{"href":"https:\/\/chiaseklos.lt\/en\/wp-json\/wp\/v2\/product\/17559","targetHints":{"allow":["GET"]}}],"collection":[{"href":"https:\/\/chiaseklos.lt\/en\/wp-json\/wp\/v2\/product"}],"about":[{"href":"https:\/\/chiaseklos.lt\/en\/wp-json\/wp\/v2\/types\/product"}],"wp:featuredmedia":[{"embeddable":true,"href":"https:\/\/chiaseklos.lt\/en\/wp-json\/wp\/v2\/media\/17561"}],"wp:attachment":[{"href":"https:\/\/chiaseklos.lt\/en\/wp-json\/wp\/v2\/media?parent=17559"}],"wp:term":[{"taxonomy":"product_brand","embeddable":true,"href":"https:\/\/chiaseklos.lt\/en\/wp-json\/wp\/v2\/product_brand?post=17559"},{"taxonomy":"product_cat","embeddable":true,"href":"https:\/\/chiaseklos.lt\/en\/wp-json\/wp\/v2\/product_cat?post=17559"},{"taxonomy":"product_tag","embeddable":true,"href":"https:\/\/chiaseklos.lt\/en\/wp-json\/wp\/v2\/product_tag?post=17559"}],"curies":[{"name":"wp","href":"https:\/\/api.w.org\/{rel}","templated":true}]}}