{"id":17510,"date":"2021-12-05T11:05:38","date_gmt":"2021-12-05T11:05:38","guid":{"rendered":"https:\/\/chiaseklos.lt\/?post_type=product&#038;p=17510"},"modified":"2025-12-02T08:10:58","modified_gmt":"2025-12-02T08:10:58","slug":"rinkinys-nr-2","status":"publish","type":"product","link":"https:\/\/chiaseklos.lt\/en\/product\/rinkinys-nr-2\/","title":{"rendered":"Rinkinys Nr.2"},"content":{"rendered":"<p><strong><em>Rinkinys Nr.2<\/em><\/strong><\/p>\n<p>\u0160\u012f rinkin\u012f sudaro:<\/p>\n<p class=\"product-title entry-title\">Didieji migdol\u0173 rie\u0161utai Non Pareil\u00a0\u00a0\u2013 200g.<\/p>\n<p>Bertoletij\u0173 rie\u0161utai\u00a0 \u2013 100g.<\/p>\n<p>Lazdyno rie\u0161utai \u2013 150g.<\/p>\n<p class=\"product-title entry-title\">Anakard\u017ei\u0173 rie\u0161utai kepinti ir s\u016bdyti\u00a0 \u2013 150g.<\/p>\n<p>Pekanini\u0173 karij\u0173 rie\u0161utai\u00a0 \u2013 150g.<\/p>\n<p>Bendras grynasis svoris: 750g.<\/p>\n<p>Rinkinys supakuotas baltoje d\u0117\u017eut\u0117je su langeliu.<\/p>","protected":false},"excerpt":{"rendered":"<p>Rinkinys Nr.2 \u0160\u012f rinkin\u012f sudaro: Didieji migdol\u0173 rie\u0161utai Non Pareil\u00a0\u00a0\u2013 200g. Bertoletij\u0173 rie\u0161utai\u00a0 \u2013 100g. Lazdyno rie\u0161utai \u2013 150g. Anakard\u017ei\u0173 rie\u0161utai kepinti ir s\u016bdyti\u00a0 \u2013 150g. Pekanini\u0173 karij\u0173 rie\u0161utai\u00a0 \u2013 150g. Bendras grynasis svoris: 750g. Rinkinys supakuotas baltoje d\u0117\u017eut\u0117je su langeliu.<\/p>","protected":false},"featured_media":17511,"template":"","meta":{"_acf_changed":false},"product_brand":[],"product_cat":[95],"product_tag":[],"class_list":{"0":"post-17510","1":"product","2":"type-product","3":"status-publish","4":"has-post-thumbnail","6":"product_cat-rinkiniai","7":"nt-post-class","8":"","9":"masonry-item","10":"col-lg-6","14":"excerpt-none","18":"first","19":"instock","20":"taxable","21":"shipping-taxable","22":"purchasable","23":"product-type-simple","24":"add-to-wishlist-after_add_to_cart"},"acf":[],"_links":{"self":[{"href":"https:\/\/chiaseklos.lt\/en\/wp-json\/wp\/v2\/product\/17510","targetHints":{"allow":["GET"]}}],"collection":[{"href":"https:\/\/chiaseklos.lt\/en\/wp-json\/wp\/v2\/product"}],"about":[{"href":"https:\/\/chiaseklos.lt\/en\/wp-json\/wp\/v2\/types\/product"}],"wp:featuredmedia":[{"embeddable":true,"href":"https:\/\/chiaseklos.lt\/en\/wp-json\/wp\/v2\/media\/17511"}],"wp:attachment":[{"href":"https:\/\/chiaseklos.lt\/en\/wp-json\/wp\/v2\/media?parent=17510"}],"wp:term":[{"taxonomy":"product_brand","embeddable":true,"href":"https:\/\/chiaseklos.lt\/en\/wp-json\/wp\/v2\/product_brand?post=17510"},{"taxonomy":"product_cat","embeddable":true,"href":"https:\/\/chiaseklos.lt\/en\/wp-json\/wp\/v2\/product_cat?post=17510"},{"taxonomy":"product_tag","embeddable":true,"href":"https:\/\/chiaseklos.lt\/en\/wp-json\/wp\/v2\/product_tag?post=17510"}],"curies":[{"name":"wp","href":"https:\/\/api.w.org\/{rel}","templated":true}]}}