{"id":17505,"date":"2021-12-05T11:05:55","date_gmt":"2021-12-05T11:05:55","guid":{"rendered":"https:\/\/chiaseklos.lt\/?post_type=product&#038;p=17505"},"modified":"2023-11-27T13:00:27","modified_gmt":"2023-11-27T13:00:27","slug":"rinkinys-nr-3","status":"publish","type":"product","link":"https:\/\/chiaseklos.lt\/en\/product\/rinkinys-nr-3\/","title":{"rendered":"Rinkinys Nr.3"},"content":{"rendered":"<p><strong><em>Rinkinys Nr.3<\/em><\/strong><\/p>\n<p>\u0160\u012f rinkin\u012f sudaro:<\/p>\n<p>D\u017eiovintos spanguol\u0117s &#8211; 200g.<\/p>\n<p>Goji uogos &#8211; 100g.<\/p>\n<p>\u0160ilkmed\u017eio uogos &#8211; 150g.<\/p>\n<p>Dumplainio uogos &#8211; 100g.<\/p>\n<p>Ananas\u0173 d\u017eiovinti \u017eiedai be prid\u0117tinio cukraus &#8211; 100g.<\/p>\n<p>Bendras svoris: 650g.<\/p>\n<p>Rinkinys supakuotas baltoje d\u0117\u017eut\u0117je su langeliu.<\/p>","protected":false},"excerpt":{"rendered":"<p>Rinkinys Nr.3 \u0160\u012f rinkin\u012f sudaro: D\u017eiovintos spanguol\u0117s &#8211; 200g. Goji uogos &#8211; 100g. \u0160ilkmed\u017eio uogos &#8211; 150g. Dumplainio uogos &#8211; 100g. Ananas\u0173 d\u017eiovinti \u017eiedai be prid\u0117tinio cukraus &#8211; 100g. Bendras svoris: 650g. Rinkinys supakuotas baltoje d\u0117\u017eut\u0117je su langeliu.<\/p>","protected":false},"featured_media":17506,"template":"","meta":{"_acf_changed":false},"product_brand":[],"product_cat":[95],"product_tag":[],"class_list":{"0":"post-17505","1":"product","2":"type-product","3":"status-publish","4":"has-post-thumbnail","6":"product_cat-rinkiniai","7":"nt-post-class","8":"","9":"masonry-item","10":"col-lg-6","14":"excerpt-none","18":"first","19":"instock","20":"taxable","21":"shipping-taxable","22":"purchasable","23":"product-type-simple","24":"add-to-wishlist-after_add_to_cart"},"acf":[],"_links":{"self":[{"href":"https:\/\/chiaseklos.lt\/en\/wp-json\/wp\/v2\/product\/17505","targetHints":{"allow":["GET"]}}],"collection":[{"href":"https:\/\/chiaseklos.lt\/en\/wp-json\/wp\/v2\/product"}],"about":[{"href":"https:\/\/chiaseklos.lt\/en\/wp-json\/wp\/v2\/types\/product"}],"wp:featuredmedia":[{"embeddable":true,"href":"https:\/\/chiaseklos.lt\/en\/wp-json\/wp\/v2\/media\/17506"}],"wp:attachment":[{"href":"https:\/\/chiaseklos.lt\/en\/wp-json\/wp\/v2\/media?parent=17505"}],"wp:term":[{"taxonomy":"product_brand","embeddable":true,"href":"https:\/\/chiaseklos.lt\/en\/wp-json\/wp\/v2\/product_brand?post=17505"},{"taxonomy":"product_cat","embeddable":true,"href":"https:\/\/chiaseklos.lt\/en\/wp-json\/wp\/v2\/product_cat?post=17505"},{"taxonomy":"product_tag","embeddable":true,"href":"https:\/\/chiaseklos.lt\/en\/wp-json\/wp\/v2\/product_tag?post=17505"}],"curies":[{"name":"wp","href":"https:\/\/api.w.org\/{rel}","templated":true}]}}