{"id":17502,"date":"2021-12-05T11:05:17","date_gmt":"2021-12-05T11:05:17","guid":{"rendered":"https:\/\/chiaseklos.lt\/?post_type=product&#038;p=17502"},"modified":"2024-12-17T11:59:33","modified_gmt":"2024-12-17T11:59:33","slug":"rinkinys-nr-1","status":"publish","type":"product","link":"https:\/\/chiaseklos.lt\/en\/product\/rinkinys-nr-1\/","title":{"rendered":"Rinkinys Nr.1"},"content":{"rendered":"<p><strong><em>Rinkinys Nr. 1<\/em><\/strong><\/p>\n<p>\u0160\u012f rinkin\u012f sudaro:<\/p>\n<p>Cukruotas imbieras &#8211; 150g.<\/p>\n<p>Nat\u016bral\u016bs mango lapeliai &#8211; 150g.<\/p>\n<p>Skrudint\u0173 rie\u0161ut\u0173 meduje mi\u0161inys: anakard\u017eiai 36,59%, \u017eem\u0117s 48,78% bei migdol\u0173 rie\u0161utai 14,63% &#8211; 200g.<\/p>\n<p>Bendras grynasis svoris: 500g<\/p>\n<p>Rinkinys supakuotas baltoje d\u0117\u017eut\u0117je su langeliu.<\/p>","protected":false},"excerpt":{"rendered":"<p>Rinkinys Nr. 1 \u0160\u012f rinkin\u012f sudaro: Cukruotas imbieras &#8211; 150g. Nat\u016bral\u016bs mango lapeliai &#8211; 150g. Skrudint\u0173 rie\u0161ut\u0173 meduje mi\u0161inys: anakard\u017eiai 36,59%, \u017eem\u0117s 48,78% bei migdol\u0173 rie\u0161utai 14,63% &#8211; 200g. Bendras grynasis svoris: 500g Rinkinys supakuotas baltoje d\u0117\u017eut\u0117je su langeliu.<\/p>","protected":false},"featured_media":17503,"template":"","meta":{"_acf_changed":false},"product_brand":[],"product_cat":[95],"product_tag":[],"class_list":{"0":"post-17502","1":"product","2":"type-product","3":"status-publish","4":"has-post-thumbnail","6":"product_cat-rinkiniai","7":"nt-post-class","8":"","9":"masonry-item","10":"col-lg-6","14":"excerpt-none","18":"first","19":"instock","20":"taxable","21":"shipping-taxable","22":"purchasable","23":"product-type-simple","24":"add-to-wishlist-after_add_to_cart"},"acf":[],"_links":{"self":[{"href":"https:\/\/chiaseklos.lt\/en\/wp-json\/wp\/v2\/product\/17502","targetHints":{"allow":["GET"]}}],"collection":[{"href":"https:\/\/chiaseklos.lt\/en\/wp-json\/wp\/v2\/product"}],"about":[{"href":"https:\/\/chiaseklos.lt\/en\/wp-json\/wp\/v2\/types\/product"}],"wp:featuredmedia":[{"embeddable":true,"href":"https:\/\/chiaseklos.lt\/en\/wp-json\/wp\/v2\/media\/17503"}],"wp:attachment":[{"href":"https:\/\/chiaseklos.lt\/en\/wp-json\/wp\/v2\/media?parent=17502"}],"wp:term":[{"taxonomy":"product_brand","embeddable":true,"href":"https:\/\/chiaseklos.lt\/en\/wp-json\/wp\/v2\/product_brand?post=17502"},{"taxonomy":"product_cat","embeddable":true,"href":"https:\/\/chiaseklos.lt\/en\/wp-json\/wp\/v2\/product_cat?post=17502"},{"taxonomy":"product_tag","embeddable":true,"href":"https:\/\/chiaseklos.lt\/en\/wp-json\/wp\/v2\/product_tag?post=17502"}],"curies":[{"name":"wp","href":"https:\/\/api.w.org\/{rel}","templated":true}]}}