{"id":17498,"date":"2021-12-05T10:11:13","date_gmt":"2021-12-05T10:11:13","guid":{"rendered":"https:\/\/chiaseklos.lt\/?post_type=product&#038;p=17498"},"modified":"2022-12-01T13:17:46","modified_gmt":"2022-12-01T13:17:46","slug":"rinkinys-1","status":"publish","type":"product","link":"https:\/\/chiaseklos.lt\/en\/product\/rinkinys-1\/","title":{"rendered":"Rinkinys Nr.1"},"content":{"rendered":"<p><em><strong>Rinkinys Nr.1<\/strong><\/em><\/p>\n<p>Rinkin\u012f sudaro:<\/p>\n<p>Nat\u016bral\u016bs papaj\u0173 gabaliukai &#8211; 150g.<\/p>\n<p>Cukruoti imbiero gabaliukai &#8211; 150g.<\/p>\n<p>Skrudint\u0173 rie\u0161ut\u0173 meduje mi\u0161inys: anakard\u017eiai 36,59%, \u017eem\u0117s 48,78% bei lazdyno rie\u0161utai 14,63% &#8211; 200g.<\/p>\n<p>Bendras grynasis svoris: 500g.<\/p>\n<p>Rinkinys supakuotas d\u0117\u017eut\u0117je su langeliu. D\u0117\u017eut\u0117s spalva bus balta arba rusva.<\/p>","protected":false},"excerpt":{"rendered":"<p>Rinkinys Nr.1 Rinkin\u012f sudaro: Nat\u016bral\u016bs papaj\u0173 gabaliukai &#8211; 150g. Cukruoti imbiero gabaliukai &#8211; 150g. Skrudint\u0173 rie\u0161ut\u0173 meduje mi\u0161inys: anakard\u017eiai 36,59%, \u017eem\u0117s 48,78% bei lazdyno rie\u0161utai 14,63% &#8211; 200g. Bendras grynasis svoris: 500g. Rinkinys supakuotas d\u0117\u017eut\u0117je su langeliu. D\u0117\u017eut\u0117s spalva bus balta arba rusva.<\/p>","protected":false},"featured_media":17499,"template":"","meta":{"_acf_changed":false},"product_brand":[],"product_cat":[95],"product_tag":[],"class_list":{"0":"post-17498","1":"product","2":"type-product","3":"status-publish","4":"has-post-thumbnail","6":"product_cat-rinkiniai","7":"nt-post-class","8":"","9":"masonry-item","10":"col-lg-6","14":"excerpt-none","18":"first","19":"outofstock","20":"taxable","21":"shipping-taxable","22":"purchasable","23":"product-type-simple","24":"add-to-wishlist-after_add_to_cart"},"acf":[],"_links":{"self":[{"href":"https:\/\/chiaseklos.lt\/en\/wp-json\/wp\/v2\/product\/17498","targetHints":{"allow":["GET"]}}],"collection":[{"href":"https:\/\/chiaseklos.lt\/en\/wp-json\/wp\/v2\/product"}],"about":[{"href":"https:\/\/chiaseklos.lt\/en\/wp-json\/wp\/v2\/types\/product"}],"wp:featuredmedia":[{"embeddable":true,"href":"https:\/\/chiaseklos.lt\/en\/wp-json\/wp\/v2\/media\/17499"}],"wp:attachment":[{"href":"https:\/\/chiaseklos.lt\/en\/wp-json\/wp\/v2\/media?parent=17498"}],"wp:term":[{"taxonomy":"product_brand","embeddable":true,"href":"https:\/\/chiaseklos.lt\/en\/wp-json\/wp\/v2\/product_brand?post=17498"},{"taxonomy":"product_cat","embeddable":true,"href":"https:\/\/chiaseklos.lt\/en\/wp-json\/wp\/v2\/product_cat?post=17498"},{"taxonomy":"product_tag","embeddable":true,"href":"https:\/\/chiaseklos.lt\/en\/wp-json\/wp\/v2\/product_tag?post=17498"}],"curies":[{"name":"wp","href":"https:\/\/api.w.org\/{rel}","templated":true}]}}