{"id":17475,"date":"2021-12-03T13:14:18","date_gmt":"2021-12-03T13:14:18","guid":{"rendered":"https:\/\/chiaseklos.lt\/?post_type=product&#038;p=17475"},"modified":"2022-05-11T12:11:57","modified_gmt":"2022-05-11T12:11:57","slug":"vonios-putos-baylis-harding-beauticology-unicorn-320ml","status":"publish","type":"product","link":"https:\/\/chiaseklos.lt\/en\/product\/vonios-putos-baylis-harding-beauticology-unicorn-320ml\/","title":{"rendered":"Vonios putos Baylis &#038; Harding Beauticology Unicorn 320ml"},"content":{"rendered":"<p><strong>Vonios putos Baylis &amp; Harding Beauticology Unicorn 320ml<\/strong><\/p>\n<p>M\u0117gautis vonios malonumais dar smagiau kaip jose gausu put\u0173 bei burbuliuk\u0173. Puikus vy\u0161ni\u0173 bu\u010dini\u0173, sald\u017ei\u0173 saldaini\u0173, vanil\u0117s \u0161erk\u0161no aromato.<\/p>\n<ul>\n<li><span class=\"Y2IQFc\" lang=\"lt\">Supakuota 100% perdirbamoje pakuot\u0117je. <\/span><\/li>\n<li><span class=\"Y2IQFc\" lang=\"lt\">Tinka veganams;<\/span><\/li>\n<li><span class=\"Y2IQFc\" lang=\"lt\">Netestuota su gyv\u016bnais.<\/span><\/li>\n<\/ul>\n<p>Naudojimas:\u00a0\u012e\u00a0voni\u0105 \u012fpilkite \u0161iek tiek vonios put\u0173\u00a0ir i\u0161mai\u0161ykite. Gero poilsio!<\/p>\n<p>&nbsp;<\/p>","protected":false},"excerpt":{"rendered":"<p>Vonios putos Baylis &amp; Harding Beauticology Unicorn 320ml M\u0117gautis vonios malonumais dar smagiau kaip jose gausu put\u0173 bei burbuliuk\u0173. Puikus vy\u0161ni\u0173 bu\u010dini\u0173, sald\u017ei\u0173 saldaini\u0173, vanil\u0117s \u0161erk\u0161no aromato. Supakuota 100% perdirbamoje pakuot\u0117je. Tinka veganams; Netestuota su gyv\u016bnais. Naudojimas:\u00a0\u012e\u00a0voni\u0105 \u012fpilkite \u0161iek tiek vonios put\u0173\u00a0ir i\u0161mai\u0161ykite. Gero poilsio! &nbsp;<\/p>","protected":false},"featured_media":17477,"template":"","meta":{"_acf_changed":false},"product_brand":[],"product_cat":[95],"product_tag":[],"class_list":{"0":"post-17475","1":"product","2":"type-product","3":"status-publish","4":"has-post-thumbnail","6":"product_cat-rinkiniai","7":"nt-post-class","8":"","9":"masonry-item","10":"col-lg-6","14":"excerpt-none","18":"first","19":"outofstock","20":"taxable","21":"shipping-taxable","22":"purchasable","23":"product-type-simple","24":"add-to-wishlist-after_add_to_cart"},"acf":[],"_links":{"self":[{"href":"https:\/\/chiaseklos.lt\/en\/wp-json\/wp\/v2\/product\/17475","targetHints":{"allow":["GET"]}}],"collection":[{"href":"https:\/\/chiaseklos.lt\/en\/wp-json\/wp\/v2\/product"}],"about":[{"href":"https:\/\/chiaseklos.lt\/en\/wp-json\/wp\/v2\/types\/product"}],"wp:featuredmedia":[{"embeddable":true,"href":"https:\/\/chiaseklos.lt\/en\/wp-json\/wp\/v2\/media\/17477"}],"wp:attachment":[{"href":"https:\/\/chiaseklos.lt\/en\/wp-json\/wp\/v2\/media?parent=17475"}],"wp:term":[{"taxonomy":"product_brand","embeddable":true,"href":"https:\/\/chiaseklos.lt\/en\/wp-json\/wp\/v2\/product_brand?post=17475"},{"taxonomy":"product_cat","embeddable":true,"href":"https:\/\/chiaseklos.lt\/en\/wp-json\/wp\/v2\/product_cat?post=17475"},{"taxonomy":"product_tag","embeddable":true,"href":"https:\/\/chiaseklos.lt\/en\/wp-json\/wp\/v2\/product_tag?post=17475"}],"curies":[{"name":"wp","href":"https:\/\/api.w.org\/{rel}","templated":true}]}}