{"id":17462,"date":"2021-12-02T13:21:21","date_gmt":"2021-12-02T13:21:21","guid":{"rendered":"https:\/\/chiaseklos.lt\/?post_type=product&#038;p=17462"},"modified":"2026-01-07T12:29:19","modified_gmt":"2026-01-07T12:29:19","slug":"kuno-prieziuros-baylis-harding-boudoire-collection-rose-rinkinys-4vnt","status":"publish","type":"product","link":"https:\/\/chiaseklos.lt\/en\/product\/kuno-prieziuros-baylis-harding-boudoire-collection-rose-rinkinys-4vnt\/","title":{"rendered":"K\u016bno prie\u017ei\u016bros Baylis &#038; Harding Boudoire Collection Rose rinkinys 4vnt"},"content":{"rendered":"<p><strong>K\u016bno prie\u017ei\u016bros Baylis &amp; Harding Boudoire Collection Rose rinkinys 4vnt<\/strong><\/p>\n<p id=\"tw-target-text\" class=\"tw-data-text tw-text-large tw-ta\" dir=\"ltr\" data-placeholder=\"Vertimas\"><span class=\"Y2IQFc\" lang=\"lt\">Boudoire kolekcija yra pati moteri\u0161kiausia Baylis &amp; Harding kolekcija. Subtilus ro\u017ei\u0173 aromatas yra \u0161velnus, modernus ir prabangus, puikiai dera prie \u0161ios i\u0161skirtin\u0117s kolekcijos.<\/span><\/p>\n<p>\u0160is rinkinys gali b\u016bti gra\u017ei dovana gimtadienio\u00a0ar Kal\u0117d\u0173 proga.<\/p>\n<p>Rinkin\u012f sudaro:<\/p>\n<p>K\u016bno prausimosi kremas 300ml<\/p>\n<p>Rank\u0173 bei k\u016bno losjonas 200ml<\/p>\n<p>Vonios burbulas 2 x 75g.<\/p>\n<p>&nbsp;<\/p>\n<p>&nbsp;<\/p>\n<p>&nbsp;<\/p>","protected":false},"excerpt":{"rendered":"<p>K\u016bno prie\u017ei\u016bros Baylis &amp; Harding Boudoire Collection Rose rinkinys 4vnt Boudoire kolekcija yra pati moteri\u0161kiausia Baylis &amp; Harding kolekcija. Subtilus ro\u017ei\u0173 aromatas yra \u0161velnus, modernus ir prabangus, puikiai dera prie \u0161ios i\u0161skirtin\u0117s kolekcijos. \u0160is rinkinys gali b\u016bti gra\u017ei dovana gimtadienio\u00a0ar Kal\u0117d\u0173 proga. Rinkin\u012f sudaro: K\u016bno prausimosi kremas 300ml Rank\u0173 bei k\u016bno losjonas 200ml Vonios burbulas&#8230;<\/p>","protected":false},"featured_media":17463,"template":"","meta":{"_acf_changed":false},"product_brand":[],"product_cat":[95],"product_tag":[],"class_list":{"0":"post-17462","1":"product","2":"type-product","3":"status-publish","4":"has-post-thumbnail","6":"product_cat-rinkiniai","7":"nt-post-class","8":"","9":"masonry-item","10":"col-lg-6","14":"excerpt-none","18":"first","19":"instock","20":"taxable","21":"shipping-taxable","22":"purchasable","23":"product-type-simple","24":"add-to-wishlist-after_add_to_cart"},"acf":[],"_links":{"self":[{"href":"https:\/\/chiaseklos.lt\/en\/wp-json\/wp\/v2\/product\/17462","targetHints":{"allow":["GET"]}}],"collection":[{"href":"https:\/\/chiaseklos.lt\/en\/wp-json\/wp\/v2\/product"}],"about":[{"href":"https:\/\/chiaseklos.lt\/en\/wp-json\/wp\/v2\/types\/product"}],"wp:featuredmedia":[{"embeddable":true,"href":"https:\/\/chiaseklos.lt\/en\/wp-json\/wp\/v2\/media\/17463"}],"wp:attachment":[{"href":"https:\/\/chiaseklos.lt\/en\/wp-json\/wp\/v2\/media?parent=17462"}],"wp:term":[{"taxonomy":"product_brand","embeddable":true,"href":"https:\/\/chiaseklos.lt\/en\/wp-json\/wp\/v2\/product_brand?post=17462"},{"taxonomy":"product_cat","embeddable":true,"href":"https:\/\/chiaseklos.lt\/en\/wp-json\/wp\/v2\/product_cat?post=17462"},{"taxonomy":"product_tag","embeddable":true,"href":"https:\/\/chiaseklos.lt\/en\/wp-json\/wp\/v2\/product_tag?post=17462"}],"curies":[{"name":"wp","href":"https:\/\/api.w.org\/{rel}","templated":true}]}}