{"id":17457,"date":"2021-12-02T13:05:47","date_gmt":"2021-12-02T13:05:47","guid":{"rendered":"https:\/\/chiaseklos.lt\/?post_type=product&#038;p=17457"},"modified":"2022-12-14T11:20:00","modified_gmt":"2022-12-14T11:20:00","slug":"kuno-prieziuros-baylis-harding-the-fuzzy-duck-rinkinys-5-vnt","status":"publish","type":"product","link":"https:\/\/chiaseklos.lt\/en\/product\/kuno-prieziuros-baylis-harding-the-fuzzy-duck-rinkinys-5-vnt\/","title":{"rendered":"K\u016bno prie\u017ei\u016bros Baylis &#038; Harding The Fuzzy Duck rinkinys 5 vnt"},"content":{"rendered":"<p><strong>K\u016bno prie\u017ei\u016bros Baylis &amp; Harding The Fuzzy Duck rinkinys\u00a0<\/strong><\/p>\n<p id=\"tw-target-text\" class=\"tw-data-text tw-text-large tw-ta\" dir=\"ltr\" data-placeholder=\"Vertimas\"><span class=\"Y2IQFc\" lang=\"lt\">Gra\u017eiai \u0161venti\u0161kai supakuotas, k\u016bno prie\u017ei\u016bros rinkinys. Tegul \u0161vent\u0117s prasideda nuo \u0161ios prabangios dovan\u0173 kolekcijos. M\u0117gaukit\u0117s \u0161ventiniais kvapais, tokiais kaip:<br \/>\n\u0161ilkmed\u017eio ir amalo, \u0161erk\u0161no spanguoli\u0173, d\u017eino su toniku bei imbierini\u0173 sausaini\u0173 kvapas. <\/span><\/p>\n<p>Rinkin\u012f sudaro:<\/p>\n<ul>\n<li>Prausimosi gelis, 100 ml;<\/li>\n<li>Du\u0161o kremas, 100 ml;<\/li>\n<li>Rank\u0173 ir k\u016bno losjonas, 100 ml;<\/li>\n<li>Rank\u0173 kremas, 100 ml;<\/li>\n<li>Vonios kremas, 100 ml.<\/li>\n<\/ul>\n<p>Gra\u017ei dovana\u00a0\u00a0&#8211; prad\u017eiugins kiekvien\u0105!<\/p>\n<p>&nbsp;<\/p>","protected":false},"excerpt":{"rendered":"<p>K\u016bno prie\u017ei\u016bros Baylis &amp; Harding The Fuzzy Duck rinkinys\u00a0 Gra\u017eiai \u0161venti\u0161kai supakuotas, k\u016bno prie\u017ei\u016bros rinkinys. Tegul \u0161vent\u0117s prasideda nuo \u0161ios prabangios dovan\u0173 kolekcijos. M\u0117gaukit\u0117s \u0161ventiniais kvapais, tokiais kaip: \u0161ilkmed\u017eio ir amalo, \u0161erk\u0161no spanguoli\u0173, d\u017eino su toniku bei imbierini\u0173 sausaini\u0173 kvapas. Rinkin\u012f sudaro: Prausimosi gelis, 100 ml; Du\u0161o kremas, 100 ml; Rank\u0173 ir k\u016bno losjonas, 100&#8230;<\/p>","protected":false},"featured_media":17458,"template":"","meta":{"_acf_changed":false},"product_brand":[],"product_cat":[95],"product_tag":[],"class_list":{"0":"post-17457","1":"product","2":"type-product","3":"status-publish","4":"has-post-thumbnail","6":"product_cat-rinkiniai","7":"nt-post-class","8":"","9":"masonry-item","10":"col-lg-6","14":"excerpt-none","18":"first","19":"outofstock","20":"taxable","21":"shipping-taxable","22":"purchasable","23":"product-type-simple","24":"add-to-wishlist-after_add_to_cart"},"acf":[],"_links":{"self":[{"href":"https:\/\/chiaseklos.lt\/en\/wp-json\/wp\/v2\/product\/17457","targetHints":{"allow":["GET"]}}],"collection":[{"href":"https:\/\/chiaseklos.lt\/en\/wp-json\/wp\/v2\/product"}],"about":[{"href":"https:\/\/chiaseklos.lt\/en\/wp-json\/wp\/v2\/types\/product"}],"wp:featuredmedia":[{"embeddable":true,"href":"https:\/\/chiaseklos.lt\/en\/wp-json\/wp\/v2\/media\/17458"}],"wp:attachment":[{"href":"https:\/\/chiaseklos.lt\/en\/wp-json\/wp\/v2\/media?parent=17457"}],"wp:term":[{"taxonomy":"product_brand","embeddable":true,"href":"https:\/\/chiaseklos.lt\/en\/wp-json\/wp\/v2\/product_brand?post=17457"},{"taxonomy":"product_cat","embeddable":true,"href":"https:\/\/chiaseklos.lt\/en\/wp-json\/wp\/v2\/product_cat?post=17457"},{"taxonomy":"product_tag","embeddable":true,"href":"https:\/\/chiaseklos.lt\/en\/wp-json\/wp\/v2\/product_tag?post=17457"}],"curies":[{"name":"wp","href":"https:\/\/api.w.org\/{rel}","templated":true}]}}