{"id":17448,"date":"2021-12-02T12:23:02","date_gmt":"2021-12-02T12:23:02","guid":{"rendered":"https:\/\/chiaseklos.lt\/?post_type=product&#038;p=17448"},"modified":"2022-12-14T11:20:45","modified_gmt":"2022-12-14T11:20:45","slug":"kuno-prieziuros-baylis-harding-the-fuzzy-duck-winter-wonderland-rinkinys","status":"publish","type":"product","link":"https:\/\/chiaseklos.lt\/en\/product\/kuno-prieziuros-baylis-harding-the-fuzzy-duck-winter-wonderland-rinkinys\/","title":{"rendered":"K\u016bno prie\u017ei\u016bros Baylis &#038; Harding The Fuzzy Duck Winter Wonderland rinkinys"},"content":{"rendered":"<p><strong>K\u016bno prie\u017ei\u016bros Baylis &amp; Harding The Fuzzy Duck Winter Wonderland rinkinys<\/strong><\/p>\n<p>Gra\u017eiai supakuotas Kal\u0117dinis k\u016bno prie\u017ei\u016bros rinkinys &#8211; tai puiki dovanos id\u0117ja!<\/p>\n<p><strong>Rinkini sudaro:<\/strong><\/p>\n<ul>\n<li>du\u0161o \u017eel\u0117 100 ml<\/li>\n<li>du\u0161o kremas 100 ml<\/li>\n<li>rank\u0173 kremas 50 ml<\/li>\n<li>k\u016bno losjonas 50 ml<\/li>\n<li>vonios druska 25 g<\/li>\n<li>\u0161velni kempin\u0117<\/li>\n<\/ul>\n<p>Malonaus bei \u0161velnaus aromato rinkinys, prad\u017eiugins kiekvien\u0105!<\/p>","protected":false},"excerpt":{"rendered":"<p>K\u016bno prie\u017ei\u016bros Baylis &amp; Harding The Fuzzy Duck Winter Wonderland rinkinys Gra\u017eiai supakuotas Kal\u0117dinis k\u016bno prie\u017ei\u016bros rinkinys &#8211; tai puiki dovanos id\u0117ja! Rinkini sudaro: du\u0161o \u017eel\u0117 100 ml du\u0161o kremas 100 ml rank\u0173 kremas 50 ml k\u016bno losjonas 50 ml vonios druska 25 g \u0161velni kempin\u0117 Malonaus bei \u0161velnaus aromato rinkinys, prad\u017eiugins kiekvien\u0105!<\/p>","protected":false},"featured_media":17449,"template":"","meta":{"_acf_changed":false},"product_brand":[],"product_cat":[95],"product_tag":[],"class_list":{"0":"post-17448","1":"product","2":"type-product","3":"status-publish","4":"has-post-thumbnail","6":"product_cat-rinkiniai","7":"nt-post-class","8":"","9":"masonry-item","10":"col-lg-6","14":"excerpt-none","18":"first","19":"outofstock","20":"taxable","21":"shipping-taxable","22":"purchasable","23":"product-type-simple","24":"add-to-wishlist-after_add_to_cart"},"acf":[],"_links":{"self":[{"href":"https:\/\/chiaseklos.lt\/en\/wp-json\/wp\/v2\/product\/17448","targetHints":{"allow":["GET"]}}],"collection":[{"href":"https:\/\/chiaseklos.lt\/en\/wp-json\/wp\/v2\/product"}],"about":[{"href":"https:\/\/chiaseklos.lt\/en\/wp-json\/wp\/v2\/types\/product"}],"wp:featuredmedia":[{"embeddable":true,"href":"https:\/\/chiaseklos.lt\/en\/wp-json\/wp\/v2\/media\/17449"}],"wp:attachment":[{"href":"https:\/\/chiaseklos.lt\/en\/wp-json\/wp\/v2\/media?parent=17448"}],"wp:term":[{"taxonomy":"product_brand","embeddable":true,"href":"https:\/\/chiaseklos.lt\/en\/wp-json\/wp\/v2\/product_brand?post=17448"},{"taxonomy":"product_cat","embeddable":true,"href":"https:\/\/chiaseklos.lt\/en\/wp-json\/wp\/v2\/product_cat?post=17448"},{"taxonomy":"product_tag","embeddable":true,"href":"https:\/\/chiaseklos.lt\/en\/wp-json\/wp\/v2\/product_tag?post=17448"}],"curies":[{"name":"wp","href":"https:\/\/api.w.org\/{rel}","templated":true}]}}