{"id":17445,"date":"2021-12-02T11:57:49","date_gmt":"2021-12-02T11:57:49","guid":{"rendered":"https:\/\/chiaseklos.lt\/?post_type=product&#038;p=17445"},"modified":"2026-01-07T12:28:45","modified_gmt":"2026-01-07T12:28:45","slug":"prabangus-baylis-and-harding-sweet-mandarin-and-grapefruit-kaledine-eglute-rinkinys","status":"publish","type":"product","link":"https:\/\/chiaseklos.lt\/en\/product\/prabangus-baylis-and-harding-sweet-mandarin-and-grapefruit-kaledine-eglute-rinkinys\/","title":{"rendered":"Prabangus Baylis and Harding Sweet Mandarin and Grapefruit &#8220;Eglut\u0117&#8221; rinkinys"},"content":{"rendered":"<p><strong>Prabangus Baylis and Harding Sweet Mandarin and Grapefruit &#8220;Eglut\u0117&#8221; rinkinys <\/strong><\/p>\n<p>Supakuota auksu \u017e\u0117rin\u010dioje d\u0117\u017e\u0117je. Prabangus rinkinys k\u016bno prie\u017ei\u016brai. Nesenstantis ir gaivus aromatas &#8211; tai saldaus mandarino bei greipfrut\u0173 natos. Rinkinyje:<\/p>\n<ul>\n<li>K\u016bno prausiklis, du\u0161o kremas 300ml;<\/li>\n<li>K\u016bno losjonas 200ml<\/li>\n<li>Vonios burbulas 140g.<\/li>\n<\/ul>\n<p>Naudojimas:\u00a0Visus produktus i\u0161 kosmetikos rinkinio naudokite pagal etiket\u0117je pateiktas instrukcijas.<\/p>","protected":false},"excerpt":{"rendered":"<p>Prabangus Baylis and Harding Sweet Mandarin and Grapefruit &#8220;Eglut\u0117&#8221; rinkinys Supakuota auksu \u017e\u0117rin\u010dioje d\u0117\u017e\u0117je. Prabangus rinkinys k\u016bno prie\u017ei\u016brai. Nesenstantis ir gaivus aromatas &#8211; tai saldaus mandarino bei greipfrut\u0173 natos. Rinkinyje: K\u016bno prausiklis, du\u0161o kremas 300ml; K\u016bno losjonas 200ml Vonios burbulas 140g. Naudojimas:\u00a0Visus produktus i\u0161 kosmetikos rinkinio naudokite pagal etiket\u0117je pateiktas instrukcijas.<\/p>","protected":false},"featured_media":17446,"template":"","meta":{"_acf_changed":false},"product_brand":[],"product_cat":[95],"product_tag":[],"class_list":{"0":"post-17445","1":"product","2":"type-product","3":"status-publish","4":"has-post-thumbnail","6":"product_cat-rinkiniai","7":"nt-post-class","8":"","9":"masonry-item","10":"col-lg-6","14":"excerpt-none","18":"first","19":"instock","20":"taxable","21":"shipping-taxable","22":"purchasable","23":"product-type-simple","24":"add-to-wishlist-after_add_to_cart"},"acf":[],"_links":{"self":[{"href":"https:\/\/chiaseklos.lt\/en\/wp-json\/wp\/v2\/product\/17445","targetHints":{"allow":["GET"]}}],"collection":[{"href":"https:\/\/chiaseklos.lt\/en\/wp-json\/wp\/v2\/product"}],"about":[{"href":"https:\/\/chiaseklos.lt\/en\/wp-json\/wp\/v2\/types\/product"}],"wp:featuredmedia":[{"embeddable":true,"href":"https:\/\/chiaseklos.lt\/en\/wp-json\/wp\/v2\/media\/17446"}],"wp:attachment":[{"href":"https:\/\/chiaseklos.lt\/en\/wp-json\/wp\/v2\/media?parent=17445"}],"wp:term":[{"taxonomy":"product_brand","embeddable":true,"href":"https:\/\/chiaseklos.lt\/en\/wp-json\/wp\/v2\/product_brand?post=17445"},{"taxonomy":"product_cat","embeddable":true,"href":"https:\/\/chiaseklos.lt\/en\/wp-json\/wp\/v2\/product_cat?post=17445"},{"taxonomy":"product_tag","embeddable":true,"href":"https:\/\/chiaseklos.lt\/en\/wp-json\/wp\/v2\/product_tag?post=17445"}],"curies":[{"name":"wp","href":"https:\/\/api.w.org\/{rel}","templated":true}]}}