{"id":17436,"date":"2021-12-02T10:56:54","date_gmt":"2021-12-02T10:56:54","guid":{"rendered":"https:\/\/chiaseklos.lt\/?post_type=product&#038;p=17436"},"modified":"2023-12-08T10:54:11","modified_gmt":"2023-12-08T10:54:11","slug":"druska-voniai-baylis-harding-the-fuzzy-duck-winter-wonderland-dovanu-rinkinys-5-vnt","status":"publish","type":"product","link":"https:\/\/chiaseklos.lt\/en\/product\/druska-voniai-baylis-harding-the-fuzzy-duck-winter-wonderland-dovanu-rinkinys-5-vnt\/","title":{"rendered":"Druska voniai Baylis &#038; Harding The Fuzzy Duck Winter Wonderland dovan\u0173 rinkinys 5 vnt"},"content":{"rendered":"<p>Druska voniai Baylis &amp; Harding The Fuzzy Duck Winter Wonderland dovan\u0173 rinkinys 5 vnt<\/p>\n<p>\u0160ios druskos lengvai tirpsta \u0161iltame vonios vandenyje. Maudyn\u0117s bus tikras d\u017eiaugsmas bei atgaiva k\u016bnui.<\/p>\n<p>Kvapai: Apelsin\u0173 \u017eievel\u0117s; Ro\u017eini\u0173 pipir\u0173; \u0160eivamed\u017eio uogos; Ro\u017ei\u0173 \u017eiedlapi\u0173; kadagi\u0173 uog\u0173<\/p>\n<p>Kiekis:\u00a0vonios druska 5vnt x 65 g<\/p>\n<ul style=\"font-family: Helvetica, Arial, sans-serif; font-size: 14.4px; white-space: normal;\">\n<li class=\"tw-data-text tw-text-large tw-ta\" dir=\"ltr\" data-placeholder=\"Vertimas\"><span class=\"Y2IQFc\" lang=\"lt\">Malon\u016bs Kal\u0117diniai aromatai;<\/span><\/li>\n<li class=\"tw-data-text tw-text-large tw-ta\" dir=\"ltr\" data-placeholder=\"Vertimas\"><span class=\"Y2IQFc\" lang=\"lt\">Tinka veganams<\/span><\/li>\n<li class=\"tw-data-text tw-text-large tw-ta\" dir=\"ltr\" data-placeholder=\"Vertimas\"><span class=\"Y2IQFc\" lang=\"lt\">Nebandyta su gyv\u016bnais<\/span><\/li>\n<\/ul>","protected":false},"excerpt":{"rendered":"<p>Druska voniai Baylis &amp; Harding The Fuzzy Duck Winter Wonderland dovan\u0173 rinkinys 5 vnt \u0160ios druskos lengvai tirpsta \u0161iltame vonios vandenyje. Maudyn\u0117s bus tikras d\u017eiaugsmas bei atgaiva k\u016bnui. Kvapai: Apelsin\u0173 \u017eievel\u0117s; Ro\u017eini\u0173 pipir\u0173; \u0160eivamed\u017eio uogos; Ro\u017ei\u0173 \u017eiedlapi\u0173; kadagi\u0173 uog\u0173 Kiekis:\u00a0vonios druska 5vnt x 65 g Malon\u016bs Kal\u0117diniai aromatai; Tinka veganams Nebandyta su gyv\u016bnais<\/p>","protected":false},"featured_media":17438,"template":"","meta":{"_acf_changed":false},"product_brand":[],"product_cat":[95],"product_tag":[],"class_list":{"0":"post-17436","1":"product","2":"type-product","3":"status-publish","4":"has-post-thumbnail","6":"product_cat-rinkiniai","7":"nt-post-class","8":"","9":"masonry-item","10":"col-lg-6","14":"excerpt-none","18":"first","19":"outofstock","20":"taxable","21":"shipping-taxable","22":"purchasable","23":"product-type-simple","24":"add-to-wishlist-after_add_to_cart"},"acf":[],"_links":{"self":[{"href":"https:\/\/chiaseklos.lt\/en\/wp-json\/wp\/v2\/product\/17436","targetHints":{"allow":["GET"]}}],"collection":[{"href":"https:\/\/chiaseklos.lt\/en\/wp-json\/wp\/v2\/product"}],"about":[{"href":"https:\/\/chiaseklos.lt\/en\/wp-json\/wp\/v2\/types\/product"}],"wp:featuredmedia":[{"embeddable":true,"href":"https:\/\/chiaseklos.lt\/en\/wp-json\/wp\/v2\/media\/17438"}],"wp:attachment":[{"href":"https:\/\/chiaseklos.lt\/en\/wp-json\/wp\/v2\/media?parent=17436"}],"wp:term":[{"taxonomy":"product_brand","embeddable":true,"href":"https:\/\/chiaseklos.lt\/en\/wp-json\/wp\/v2\/product_brand?post=17436"},{"taxonomy":"product_cat","embeddable":true,"href":"https:\/\/chiaseklos.lt\/en\/wp-json\/wp\/v2\/product_cat?post=17436"},{"taxonomy":"product_tag","embeddable":true,"href":"https:\/\/chiaseklos.lt\/en\/wp-json\/wp\/v2\/product_tag?post=17436"}],"curies":[{"name":"wp","href":"https:\/\/api.w.org\/{rel}","templated":true}]}}