{"id":17428,"date":"2021-12-01T18:54:09","date_gmt":"2021-12-01T18:54:09","guid":{"rendered":"https:\/\/chiaseklos.lt\/?post_type=product&#038;p=17428"},"modified":"2025-05-17T04:05:34","modified_gmt":"2025-05-17T04:05:34","slug":"rinkinys-baylis-harding-moterims-sirdele","status":"publish","type":"product","link":"https:\/\/chiaseklos.lt\/en\/product\/rinkinys-baylis-harding-moterims-sirdele\/","title":{"rendered":"Rinkinys Baylis &#038; Harding moterims &#8220;\u0160irdel\u0117&#8221;"},"content":{"rendered":"<p>Rinkinys Baylis &amp; Harding moterims &#8220;\u0160irdel\u0117&#8221;<\/p>\n<p class=\"h2 fl\">\u0160is rinkinys Baylis &amp; Harding moterims susideda :<\/p>\n<ul>\n<li class=\"h2 fl\">du\u0161o kremas, 300 ml<\/li>\n<li class=\"h2 fl\">\u00a0vonios burbulas, 120 g<\/li>\n<li class=\"h2 fl\">rank\u0173 ir k\u016bno losjonas, 200 ml<\/li>\n<\/ul>\n<p>Tokia dovana prad\u017eiugins kiekvien\u0105 moter\u012f ar mergin\u0105. Puikiai tinka gimtadienio ar Valentino dienos proga!<\/p>","protected":false},"excerpt":{"rendered":"<p>Rinkinys Baylis &amp; Harding moterims &#8220;\u0160irdel\u0117&#8221; \u0160is rinkinys Baylis &amp; Harding moterims susideda : du\u0161o kremas, 300 ml \u00a0vonios burbulas, 120 g rank\u0173 ir k\u016bno losjonas, 200 ml Tokia dovana prad\u017eiugins kiekvien\u0105 moter\u012f ar mergin\u0105. Puikiai tinka gimtadienio ar Valentino dienos proga!<\/p>","protected":false},"featured_media":17429,"template":"","meta":{"_acf_changed":false},"product_brand":[],"product_cat":[95],"product_tag":[],"class_list":{"0":"post-17428","1":"product","2":"type-product","3":"status-publish","4":"has-post-thumbnail","6":"product_cat-rinkiniai","7":"nt-post-class","8":"","9":"masonry-item","10":"col-lg-6","14":"excerpt-none","18":"first","19":"instock","20":"taxable","21":"shipping-taxable","22":"purchasable","23":"product-type-simple","24":"add-to-wishlist-after_add_to_cart"},"acf":[],"_links":{"self":[{"href":"https:\/\/chiaseklos.lt\/en\/wp-json\/wp\/v2\/product\/17428","targetHints":{"allow":["GET"]}}],"collection":[{"href":"https:\/\/chiaseklos.lt\/en\/wp-json\/wp\/v2\/product"}],"about":[{"href":"https:\/\/chiaseklos.lt\/en\/wp-json\/wp\/v2\/types\/product"}],"wp:featuredmedia":[{"embeddable":true,"href":"https:\/\/chiaseklos.lt\/en\/wp-json\/wp\/v2\/media\/17429"}],"wp:attachment":[{"href":"https:\/\/chiaseklos.lt\/en\/wp-json\/wp\/v2\/media?parent=17428"}],"wp:term":[{"taxonomy":"product_brand","embeddable":true,"href":"https:\/\/chiaseklos.lt\/en\/wp-json\/wp\/v2\/product_brand?post=17428"},{"taxonomy":"product_cat","embeddable":true,"href":"https:\/\/chiaseklos.lt\/en\/wp-json\/wp\/v2\/product_cat?post=17428"},{"taxonomy":"product_tag","embeddable":true,"href":"https:\/\/chiaseklos.lt\/en\/wp-json\/wp\/v2\/product_tag?post=17428"}],"curies":[{"name":"wp","href":"https:\/\/api.w.org\/{rel}","templated":true}]}}