{"id":17421,"date":"2021-12-01T18:43:59","date_gmt":"2021-12-01T18:43:59","guid":{"rendered":"https:\/\/chiaseklos.lt\/?post_type=product&#038;p=17421"},"modified":"2024-07-18T08:11:12","modified_gmt":"2024-07-18T08:11:12","slug":"vonios-burbulai-baylis-harding-the-fuzzy-duck-4-vnt","status":"publish","type":"product","link":"https:\/\/chiaseklos.lt\/en\/product\/vonios-burbulai-baylis-harding-the-fuzzy-duck-4-vnt\/","title":{"rendered":"Vonios burbulai Baylis &#038; Harding Vanilla &#038; Almond Oil Fizzer 3vnt"},"content":{"rendered":"<p><strong>Vonios burbulai Baylis &amp; Harding\u00a0Vanilla Almond Oil Fizzer 3vnt<\/strong><\/p>\n<p>Vandenyje tirpstantis vonios burbulas &#8211; tai puikus b\u016bdas pails\u0117ti bei atsipalaiduoti po dienos darb\u0173.<\/p>\n<p>Vonios proced\u016bros palepins Jus. Burbul\u0173 prisotintas vanduo tonizuoja ir mink\u0161tina od\u0105, padeda atsipalaiduoti.<\/p>\n<p>Kvapai:\u00a0\u0160veln\u016bs simondsij\u0173, sodrios vanil\u0117s ir sald\u017ei\u0173j\u0173 migdol\u0173 aromatai.<\/p>\n<p>Rinkinyje yra 3vnt vonios burbulai\u00a0po 100 g.<\/p>\n<p><strong>Naudojimas:\u00a0<\/strong>\u012fmeskite burbul\u0105 \u012f \u0161ilt\u0105 vanden\u012f, palaukite, kol visi\u0161kai i\u0161tirps. M\u0117gaukit\u0117s!<\/p>\n<p>Gra\u017eiai supakuota &#8211; puiki dovana!<\/p>\n<p>&nbsp;<\/p>\n<p>&nbsp;<\/p>\n<p>&nbsp;<\/p>","protected":false},"excerpt":{"rendered":"<p>Vonios burbulai Baylis &amp; Harding\u00a0Vanilla Almond Oil Fizzer 3vnt Vandenyje tirpstantis vonios burbulas &#8211; tai puikus b\u016bdas pails\u0117ti bei atsipalaiduoti po dienos darb\u0173. Vonios proced\u016bros palepins Jus. Burbul\u0173 prisotintas vanduo tonizuoja ir mink\u0161tina od\u0105, padeda atsipalaiduoti. Kvapai:\u00a0\u0160veln\u016bs simondsij\u0173, sodrios vanil\u0117s ir sald\u017ei\u0173j\u0173 migdol\u0173 aromatai. Rinkinyje yra 3vnt vonios burbulai\u00a0po 100 g. Naudojimas:\u00a0\u012fmeskite burbul\u0105 \u012f \u0161ilt\u0105&#8230;<\/p>","protected":false},"featured_media":17595,"template":"","meta":{"_acf_changed":false},"product_brand":[],"product_cat":[95],"product_tag":[],"class_list":{"0":"post-17421","1":"product","2":"type-product","3":"status-publish","4":"has-post-thumbnail","6":"product_cat-rinkiniai","7":"nt-post-class","8":"","9":"masonry-item","10":"col-lg-6","14":"excerpt-none","18":"first","19":"instock","20":"sale","21":"taxable","22":"shipping-taxable","23":"purchasable","24":"product-type-simple","25":"add-to-wishlist-after_add_to_cart"},"acf":[],"_links":{"self":[{"href":"https:\/\/chiaseklos.lt\/en\/wp-json\/wp\/v2\/product\/17421","targetHints":{"allow":["GET"]}}],"collection":[{"href":"https:\/\/chiaseklos.lt\/en\/wp-json\/wp\/v2\/product"}],"about":[{"href":"https:\/\/chiaseklos.lt\/en\/wp-json\/wp\/v2\/types\/product"}],"wp:featuredmedia":[{"embeddable":true,"href":"https:\/\/chiaseklos.lt\/en\/wp-json\/wp\/v2\/media\/17595"}],"wp:attachment":[{"href":"https:\/\/chiaseklos.lt\/en\/wp-json\/wp\/v2\/media?parent=17421"}],"wp:term":[{"taxonomy":"product_brand","embeddable":true,"href":"https:\/\/chiaseklos.lt\/en\/wp-json\/wp\/v2\/product_brand?post=17421"},{"taxonomy":"product_cat","embeddable":true,"href":"https:\/\/chiaseklos.lt\/en\/wp-json\/wp\/v2\/product_cat?post=17421"},{"taxonomy":"product_tag","embeddable":true,"href":"https:\/\/chiaseklos.lt\/en\/wp-json\/wp\/v2\/product_tag?post=17421"}],"curies":[{"name":"wp","href":"https:\/\/api.w.org\/{rel}","templated":true}]}}