{"id":17407,"date":"2021-11-30T18:58:39","date_gmt":"2021-11-30T18:58:39","guid":{"rendered":"https:\/\/chiaseklos.lt\/?post_type=product&#038;p=17407"},"modified":"2024-02-05T08:25:54","modified_gmt":"2024-02-05T08:25:54","slug":"zelatina-100g","status":"publish","type":"product","link":"https:\/\/chiaseklos.lt\/en\/product\/zelatina-100g\/","title":{"rendered":"\u017delatina 100g"},"content":{"rendered":"<div class=\"title\">\u017delatina 100g.<\/div>\n<div><\/div>\n<div class=\"description\">Skirta maisto gamybai<\/div>\n<div class=\"title\">Sudedamosios dalys:\u00a0\u017delatina (i\u0161 kiauli\u0173 odeli\u0173).<\/div>","protected":false},"excerpt":{"rendered":"<p>\u017delatina 100g. Skirta maisto gamybai Sudedamosios dalys:\u00a0\u017delatina (i\u0161 kiauli\u0173 odeli\u0173).<\/p>","protected":false},"featured_media":17405,"template":"","meta":{"_acf_changed":false},"product_brand":[],"product_cat":[68],"product_tag":[],"class_list":{"0":"post-17407","1":"product","2":"type-product","3":"status-publish","4":"has-post-thumbnail","6":"product_cat-prieskoniai","7":"nt-post-class","8":"","9":"masonry-item","10":"col-lg-6","14":"excerpt-none","18":"first","19":"instock","20":"taxable","21":"shipping-taxable","22":"purchasable","23":"product-type-simple","24":"add-to-wishlist-after_add_to_cart"},"acf":[],"_links":{"self":[{"href":"https:\/\/chiaseklos.lt\/en\/wp-json\/wp\/v2\/product\/17407","targetHints":{"allow":["GET"]}}],"collection":[{"href":"https:\/\/chiaseklos.lt\/en\/wp-json\/wp\/v2\/product"}],"about":[{"href":"https:\/\/chiaseklos.lt\/en\/wp-json\/wp\/v2\/types\/product"}],"wp:featuredmedia":[{"embeddable":true,"href":"https:\/\/chiaseklos.lt\/en\/wp-json\/wp\/v2\/media\/17405"}],"wp:attachment":[{"href":"https:\/\/chiaseklos.lt\/en\/wp-json\/wp\/v2\/media?parent=17407"}],"wp:term":[{"taxonomy":"product_brand","embeddable":true,"href":"https:\/\/chiaseklos.lt\/en\/wp-json\/wp\/v2\/product_brand?post=17407"},{"taxonomy":"product_cat","embeddable":true,"href":"https:\/\/chiaseklos.lt\/en\/wp-json\/wp\/v2\/product_cat?post=17407"},{"taxonomy":"product_tag","embeddable":true,"href":"https:\/\/chiaseklos.lt\/en\/wp-json\/wp\/v2\/product_tag?post=17407"}],"curies":[{"name":"wp","href":"https:\/\/api.w.org\/{rel}","templated":true}]}}