{"id":17398,"date":"2021-11-30T18:49:32","date_gmt":"2021-11-30T18:49:32","guid":{"rendered":"https:\/\/chiaseklos.lt\/?post_type=product&#038;p=17398"},"modified":"2024-04-24T07:07:43","modified_gmt":"2024-04-24T07:07:43","slug":"prieskoniu-misinys-persillade-50g","status":"publish","type":"product","link":"https:\/\/chiaseklos.lt\/en\/product\/prieskoniu-misinys-persillade-50g\/","title":{"rendered":"Prieskoni\u0173 mi\u0161inys Persillade 100g."},"content":{"rendered":"<p><strong>Prieskoni\u0173 mi\u0161inys Persillade 100g.<\/strong><\/p>\n<div class=\"description\">Rekomenduojama gardinti \u012fvairios m\u0117sos, \u017euvies, dar\u017eovi\u0173, makaron\u0173, j\u016bros g\u0117rybi\u0173 patiekalus, taip pat tinka salotoms bei pada\u017eams.<\/div>\n<div class=\"title\"><\/div>\n<div class=\"description\">Sudedamosios dalys: J\u016bros druska 53%, \u010desnakai, petra\u017eol\u0117s, augalinis aliejus (raps\u0173), ciber\u017eol\u0117.<\/div>\n<div>Kilm\u0117s \u0161alis: Lietuva<\/div>","protected":false},"excerpt":{"rendered":"<p>Prieskoni\u0173 mi\u0161inys Persillade 100g. Rekomenduojama gardinti \u012fvairios m\u0117sos, \u017euvies, dar\u017eovi\u0173, makaron\u0173, j\u016bros g\u0117rybi\u0173 patiekalus, taip pat tinka salotoms bei pada\u017eams. Sudedamosios dalys: J\u016bros druska 53%, \u010desnakai, petra\u017eol\u0117s, augalinis aliejus (raps\u0173), ciber\u017eol\u0117. Kilm\u0117s \u0161alis: Lietuva<\/p>","protected":false},"featured_media":17401,"template":"","meta":{"_acf_changed":false},"product_brand":[],"product_cat":[68],"product_tag":[],"class_list":{"0":"post-17398","1":"product","2":"type-product","3":"status-publish","4":"has-post-thumbnail","6":"product_cat-prieskoniai","7":"nt-post-class","8":"","9":"masonry-item","10":"col-lg-6","14":"excerpt-none","18":"first","19":"instock","20":"taxable","21":"shipping-taxable","22":"purchasable","23":"product-type-simple","24":"add-to-wishlist-after_add_to_cart"},"acf":[],"_links":{"self":[{"href":"https:\/\/chiaseklos.lt\/en\/wp-json\/wp\/v2\/product\/17398","targetHints":{"allow":["GET"]}}],"collection":[{"href":"https:\/\/chiaseklos.lt\/en\/wp-json\/wp\/v2\/product"}],"about":[{"href":"https:\/\/chiaseklos.lt\/en\/wp-json\/wp\/v2\/types\/product"}],"wp:featuredmedia":[{"embeddable":true,"href":"https:\/\/chiaseklos.lt\/en\/wp-json\/wp\/v2\/media\/17401"}],"wp:attachment":[{"href":"https:\/\/chiaseklos.lt\/en\/wp-json\/wp\/v2\/media?parent=17398"}],"wp:term":[{"taxonomy":"product_brand","embeddable":true,"href":"https:\/\/chiaseklos.lt\/en\/wp-json\/wp\/v2\/product_brand?post=17398"},{"taxonomy":"product_cat","embeddable":true,"href":"https:\/\/chiaseklos.lt\/en\/wp-json\/wp\/v2\/product_cat?post=17398"},{"taxonomy":"product_tag","embeddable":true,"href":"https:\/\/chiaseklos.lt\/en\/wp-json\/wp\/v2\/product_tag?post=17398"}],"curies":[{"name":"wp","href":"https:\/\/api.w.org\/{rel}","templated":true}]}}