{"id":17372,"date":"2021-11-27T19:55:51","date_gmt":"2021-11-27T19:55:51","guid":{"rendered":"https:\/\/chiaseklos.lt\/?post_type=product&#038;p=17372"},"modified":"2023-03-22T09:31:49","modified_gmt":"2023-03-22T09:31:49","slug":"baltyminis-vaflis-nicks-sokolado-skonio-40g","status":"publish","type":"product","link":"https:\/\/chiaseklos.lt\/en\/product\/baltyminis-vaflis-nicks-sokolado-skonio-40g\/","title":{"rendered":"Baltyminis vaflis \u201cNick\u2019s\u201d \u0161okolado skonio, 40g"},"content":{"rendered":"<h1 class=\"product-title product_title entry-title\">Baltyminis vaflis \u201cNick\u2019s\u201d \u0161okolado skonio, 40g<\/h1>\n<p><strong>Net 30% baltym\u0173! Ypa\u010d gardaus skonio<\/strong><\/p>\n<ul>\n<li>Be glitimo<\/li>\n<li>Be palmi\u0173 aliejaus<\/li>\n<li>Be prid\u0117tinio cukraus<\/li>\n<\/ul>\n<p>Baltyminis vaflis Nick\u2019s \u0161okolado skonio. Jis neturi gliuteno, prid\u0117tinio cukraus bei palmi\u0173 aliejaus.<\/p>\n<p>Sud\u0117tin\u0117s dalys:\u00a0<strong>pieno<\/strong>\u00a0baltymai, augalinis laiejus ( kokos\u0173, sviesmed\u017eio), milt\u0173 mi\u0161inys be gliuteno (kukur\u016bz\u0173, bulvi\u0173 krakmolo), kakavos mas\u0117, polidekstroz\u0117 (skaidulos), saldiklis: eritritolis, nenugriebto\u00a0<strong>pieno<\/strong>\u00a0milteliai,\u00a0<strong>soj\u0173<\/strong>\u00a0miltai, augalinis aliejus ( saul\u0117gr\u0105\u017e\u0173 aliejus), emulsiklis:\u00a0<strong>soj\u0173<\/strong>\u00a0lecitinas, druska, kakavos sviestas, kakava, kildinimo med\u017eiagos: valgomoji soda, amonio karbonatas, saldiklis: steviolio glikozidai, vitamin\u0173 mi\u0161inys ( E,C,B1,B2,B3,B5,B6,B7,B9,B12), nat\u016brali kvapioji med\u017eiaga. Maistin\u0117 vert\u0117 100g: 2031kJ\/485 kcal, riebalai 34,1 g, I\u0161 kuri\u0173 so\u010di\u0173j\u0173 riebal\u0173 rug\u0161\u010di\u0173 20,1 g, angliavandeniai 23,1 g, i\u0161 kuri\u0173 cukr\u0173 6,0g,i\u0161 kuri\u0173 polioli\u0173 9,3g (eritritolis*), skaidulos 8,1 g, baltymai 30 g, druska 0,05 g, vitaminas E 4,5 mg vitaminas C 30 mg,vitaminas B1 0,41 mg,vitaminas B2 0,53 mg, vitaminas B3 6 mg,vitaminas B5 2,3 mg, vitaminas B6 0,53 mg, vitaminas B7 19 \u00b5g, vitaminas B9 \u00b5g, vitaminas B12 \u00b5g. D\u0117mesio:\u00a0<strong>*\u00a0<\/strong>Eritritolis nekelia cukraus kiekio kraujyje, Glikemijos indeksas 0<\/p>","protected":false},"excerpt":{"rendered":"<p>Baltyminis vaflis \u201cNick\u2019s\u201d \u0161okolado skonio, 40g Net 30% baltym\u0173! Ypa\u010d gardaus skonio Be glitimo Be palmi\u0173 aliejaus Be prid\u0117tinio cukraus Baltyminis vaflis Nick\u2019s \u0161okolado skonio. Jis neturi gliuteno, prid\u0117tinio cukraus bei palmi\u0173 aliejaus. Sud\u0117tin\u0117s dalys:\u00a0pieno\u00a0baltymai, augalinis laiejus ( kokos\u0173, sviesmed\u017eio), milt\u0173 mi\u0161inys be gliuteno (kukur\u016bz\u0173, bulvi\u0173 krakmolo), kakavos mas\u0117, polidekstroz\u0117 (skaidulos), saldiklis: eritritolis, nenugriebto\u00a0pieno\u00a0milteliai,\u00a0soj\u0173\u00a0miltai, augalinis&#8230;<\/p>","protected":false},"featured_media":17373,"template":"","meta":{"_acf_changed":false},"product_brand":[],"product_cat":[93],"product_tag":[],"class_list":{"0":"post-17372","1":"product","2":"type-product","3":"status-publish","4":"has-post-thumbnail","6":"product_cat-batoneliai-sokoladas","7":"nt-post-class","8":"","9":"masonry-item","10":"col-lg-6","14":"excerpt-none","18":"first","19":"instock","20":"taxable","21":"shipping-taxable","22":"purchasable","23":"product-type-simple","24":"add-to-wishlist-after_add_to_cart"},"acf":[],"_links":{"self":[{"href":"https:\/\/chiaseklos.lt\/en\/wp-json\/wp\/v2\/product\/17372","targetHints":{"allow":["GET"]}}],"collection":[{"href":"https:\/\/chiaseklos.lt\/en\/wp-json\/wp\/v2\/product"}],"about":[{"href":"https:\/\/chiaseklos.lt\/en\/wp-json\/wp\/v2\/types\/product"}],"wp:featuredmedia":[{"embeddable":true,"href":"https:\/\/chiaseklos.lt\/en\/wp-json\/wp\/v2\/media\/17373"}],"wp:attachment":[{"href":"https:\/\/chiaseklos.lt\/en\/wp-json\/wp\/v2\/media?parent=17372"}],"wp:term":[{"taxonomy":"product_brand","embeddable":true,"href":"https:\/\/chiaseklos.lt\/en\/wp-json\/wp\/v2\/product_brand?post=17372"},{"taxonomy":"product_cat","embeddable":true,"href":"https:\/\/chiaseklos.lt\/en\/wp-json\/wp\/v2\/product_cat?post=17372"},{"taxonomy":"product_tag","embeddable":true,"href":"https:\/\/chiaseklos.lt\/en\/wp-json\/wp\/v2\/product_tag?post=17372"}],"curies":[{"name":"wp","href":"https:\/\/api.w.org\/{rel}","templated":true}]}}