{"id":17359,"date":"2021-11-27T19:25:46","date_gmt":"2021-11-27T19:25:46","guid":{"rendered":"https:\/\/chiaseklos.lt\/?post_type=product&#038;p=17359"},"modified":"2022-06-06T09:56:47","modified_gmt":"2022-06-06T09:56:47","slug":"batonelis-su-seklomis-riesutais-ir-pienisku-sokoladu-nicks-go-nuts-30-g","status":"publish","type":"product","link":"https:\/\/chiaseklos.lt\/en\/product\/batonelis-su-seklomis-riesutais-ir-pienisku-sokoladu-nicks-go-nuts-30-g\/","title":{"rendered":"Baton\u0117lis su s\u0117klomis, rie\u0161utais ir pieni\u0161ku \u0161okoladu \u201cNick\u2019s Go Nuts\u201d, 30 g"},"content":{"rendered":"<h1 class=\"product-title product_title entry-title\">Baton\u0117lis su s\u0117klomis, rie\u0161utais ir pieni\u0161ku \u0161okoladu \u201cNick\u2019s Go Nuts\u201d, 30 g<\/h1>\n<p>Skan\u0117ste yra ma\u017eai angliavandeni\u0173 ir jis yra tinkamas besilaikantiems keto dietos.<\/p>\n<p>Tinka\u00a0 vegetarams, celiakija sergantiems, keto dietai ir kitiems ma\u017eai angliavandeni\u0173 turintiems mitybos variantams bei \u017emon\u0117ms, bandantiems i\u0161vengti cukraus, \u201etu\u0161\u010di\u0173 angliavandeni\u0173\u201c, ie\u0161kantiems sveikesn\u0117s alternatyvos.<\/p>\n<p>Sud\u0117tin\u0117s dalys: tirpios gliukoz\u0117s skaidulos, saul\u0117gr\u0105\u017e\u0173 s\u0117klos,\u00a0<strong>rie\u0161utai<\/strong>, saldiklis: eritritolis,\u00a0<strong>migdolai<\/strong>, polidekstroz\u0117, kakavos sviestas,\u00a0<strong>sezamo<\/strong>\u00a0s\u0117klos, moli\u016bg\u0173 s\u0117klos,\u00a0<strong>pieno<\/strong>\u00a0milteliai, ry\u017eiai,\u00a0<strong>sviestas<\/strong>, lin\u0173 s\u0117menys, saldiklis: ksilitolis, glicerolis, emulsiklis: saul\u0117gr\u0105\u017e\u0173 lecitinas. Gali b\u016bti\u00a0<strong>sojos<\/strong>\u00a0p\u0117dsak\u0173. Maistin\u0117 vert\u0117: 1812kJ\/ 433kcal, riebalai 33g, i\u0161 kuri\u0173 so\u010di\u0173j\u0173 riebal\u0173 r\u016bg\u0161\u010di\u0173 9g, angliavandeniai 24g, i\u0161 kuri\u0173 cukr\u0173 3g, is kuri\u0173 polioli\u0173 11g (eritritolis*), skaidulos 22g, baltymai 12g, druska 0.27g. *Eritritolis nekelia cukraus lygio kraujyje, glikeminis indeksas 0.<\/p>","protected":false},"excerpt":{"rendered":"<p>Baton\u0117lis su s\u0117klomis, rie\u0161utais ir pieni\u0161ku \u0161okoladu \u201cNick\u2019s Go Nuts\u201d, 30 g Skan\u0117ste yra ma\u017eai angliavandeni\u0173 ir jis yra tinkamas besilaikantiems keto dietos. Tinka\u00a0 vegetarams, celiakija sergantiems, keto dietai ir kitiems ma\u017eai angliavandeni\u0173 turintiems mitybos variantams bei \u017emon\u0117ms, bandantiems i\u0161vengti cukraus, \u201etu\u0161\u010di\u0173 angliavandeni\u0173\u201c, ie\u0161kantiems sveikesn\u0117s alternatyvos. Sud\u0117tin\u0117s dalys: tirpios gliukoz\u0117s skaidulos, saul\u0117gr\u0105\u017e\u0173 s\u0117klos,\u00a0rie\u0161utai, saldiklis: eritritolis,\u00a0migdolai,&#8230;<\/p>","protected":false},"featured_media":17360,"template":"","meta":{"_acf_changed":false},"product_brand":[],"product_cat":[93],"product_tag":[],"class_list":{"0":"post-17359","1":"product","2":"type-product","3":"status-publish","4":"has-post-thumbnail","6":"product_cat-batoneliai-sokoladas","7":"nt-post-class","8":"","9":"masonry-item","10":"col-lg-6","14":"excerpt-none","18":"first","19":"outofstock","20":"taxable","21":"shipping-taxable","22":"purchasable","23":"product-type-simple","24":"add-to-wishlist-after_add_to_cart"},"acf":[],"_links":{"self":[{"href":"https:\/\/chiaseklos.lt\/en\/wp-json\/wp\/v2\/product\/17359","targetHints":{"allow":["GET"]}}],"collection":[{"href":"https:\/\/chiaseklos.lt\/en\/wp-json\/wp\/v2\/product"}],"about":[{"href":"https:\/\/chiaseklos.lt\/en\/wp-json\/wp\/v2\/types\/product"}],"wp:featuredmedia":[{"embeddable":true,"href":"https:\/\/chiaseklos.lt\/en\/wp-json\/wp\/v2\/media\/17360"}],"wp:attachment":[{"href":"https:\/\/chiaseklos.lt\/en\/wp-json\/wp\/v2\/media?parent=17359"}],"wp:term":[{"taxonomy":"product_brand","embeddable":true,"href":"https:\/\/chiaseklos.lt\/en\/wp-json\/wp\/v2\/product_brand?post=17359"},{"taxonomy":"product_cat","embeddable":true,"href":"https:\/\/chiaseklos.lt\/en\/wp-json\/wp\/v2\/product_cat?post=17359"},{"taxonomy":"product_tag","embeddable":true,"href":"https:\/\/chiaseklos.lt\/en\/wp-json\/wp\/v2\/product_tag?post=17359"}],"curies":[{"name":"wp","href":"https:\/\/api.w.org\/{rel}","templated":true}]}}