{"id":17356,"date":"2021-11-27T19:18:35","date_gmt":"2021-11-27T19:18:35","guid":{"rendered":"https:\/\/chiaseklos.lt\/?post_type=product&#038;p=17356"},"modified":"2022-02-08T13:37:29","modified_gmt":"2022-02-08T13:37:29","slug":"tamsus-sokoladas-nicks-su-stevija-25-g","status":"publish","type":"product","link":"https:\/\/chiaseklos.lt\/en\/product\/tamsus-sokoladas-nicks-su-stevija-25-g\/","title":{"rendered":"Tamsus \u0161okoladas \u201cNick\u2019s\u201d su stevija, 25 g."},"content":{"rendered":"<h1 class=\"product-title product_title entry-title\">Tamsus \u0161okoladas \u201cNick\u2019s\u201d su stevija, 25 g.<\/h1>\n<p>Tamsus \u0161okoaldukas\u00a0 su stevija Nick\u2019s , be prid\u0117tinio cukraus, be gliuteno, be palmi\u0173 aliejaus.<\/p>\n<ul>\n<li><strong>Be palmi\u0173 aliejaus<\/strong><\/li>\n<li><strong>Be gliuteno<\/strong><\/li>\n<li><strong>Be prid\u0117tinio cukraus<\/strong><\/li>\n<\/ul>\n<p>Sud\u0117tin\u0117s dalys: kakavos mas\u0117 (50%), polidekstroz\u0117 (pluo\u0161tas), eritritolio (19%), kakavos sviestas, saul\u0117gr\u0105\u017e\u0173 lecitinas, nat\u016bralus vanil\u0117s aromatas, Stevia glikozidas. Maistingumas: energetin\u0117 vert\u0117 100 g:410 kcal \/ 1717 kJ riebalai, 36,3 g i\u0161 j\u0173 so\u010di\u0173j\u0173 riebal\u0173 21,8 g, angliavandeni\u0173 22,6 g, i\u0161 kuri\u0173 cukr\u0173 1,3 g, i\u0161 kuri\u0173 polioli\u0173 18,6 g (eritritolio *), Skaidulos, 29 g, baltym\u0173 5,8 g, druska 0,15 g. * Eritritolis nekelia cukraus kiek\u012f kraujyje, glikemijos indeksas 0. D\u0117mesio: 30g vienkartin\u0117 eritritolio doz\u0117 gali laisvinti vidurius<\/p>","protected":false},"excerpt":{"rendered":"<p>Tamsus \u0161okoladas \u201cNick\u2019s\u201d su stevija, 25 g. Tamsus \u0161okoaldukas\u00a0 su stevija Nick\u2019s , be prid\u0117tinio cukraus, be gliuteno, be palmi\u0173 aliejaus. Be palmi\u0173 aliejaus Be gliuteno Be prid\u0117tinio cukraus Sud\u0117tin\u0117s dalys: kakavos mas\u0117 (50%), polidekstroz\u0117 (pluo\u0161tas), eritritolio (19%), kakavos sviestas, saul\u0117gr\u0105\u017e\u0173 lecitinas, nat\u016bralus vanil\u0117s aromatas, Stevia glikozidas. Maistingumas: energetin\u0117 vert\u0117 100 g:410 kcal \/ 1717&#8230;<\/p>","protected":false},"featured_media":17357,"template":"","meta":{"_acf_changed":false},"product_brand":[],"product_cat":[93,88],"product_tag":[],"class_list":{"0":"post-17356","1":"product","2":"type-product","3":"status-publish","4":"has-post-thumbnail","6":"product_cat-batoneliai-sokoladas","7":"product_cat-naujiena","8":"nt-post-class","9":"","10":"masonry-item","11":"col-lg-6","15":"excerpt-none","19":"first","20":"instock","21":"taxable","22":"shipping-taxable","23":"purchasable","24":"product-type-simple","25":"add-to-wishlist-after_add_to_cart"},"acf":[],"_links":{"self":[{"href":"https:\/\/chiaseklos.lt\/en\/wp-json\/wp\/v2\/product\/17356","targetHints":{"allow":["GET"]}}],"collection":[{"href":"https:\/\/chiaseklos.lt\/en\/wp-json\/wp\/v2\/product"}],"about":[{"href":"https:\/\/chiaseklos.lt\/en\/wp-json\/wp\/v2\/types\/product"}],"wp:featuredmedia":[{"embeddable":true,"href":"https:\/\/chiaseklos.lt\/en\/wp-json\/wp\/v2\/media\/17357"}],"wp:attachment":[{"href":"https:\/\/chiaseklos.lt\/en\/wp-json\/wp\/v2\/media?parent=17356"}],"wp:term":[{"taxonomy":"product_brand","embeddable":true,"href":"https:\/\/chiaseklos.lt\/en\/wp-json\/wp\/v2\/product_brand?post=17356"},{"taxonomy":"product_cat","embeddable":true,"href":"https:\/\/chiaseklos.lt\/en\/wp-json\/wp\/v2\/product_cat?post=17356"},{"taxonomy":"product_tag","embeddable":true,"href":"https:\/\/chiaseklos.lt\/en\/wp-json\/wp\/v2\/product_tag?post=17356"}],"curies":[{"name":"wp","href":"https:\/\/api.w.org\/{rel}","templated":true}]}}