{"id":17353,"date":"2021-11-27T19:05:11","date_gmt":"2021-11-27T19:05:11","guid":{"rendered":"https:\/\/chiaseklos.lt\/?post_type=product&#038;p=17353"},"modified":"2022-03-08T14:17:03","modified_gmt":"2022-03-08T14:17:03","slug":"sviesus-sokoladas-nicks-su-stevija-25-g","status":"publish","type":"product","link":"https:\/\/chiaseklos.lt\/en\/product\/sviesus-sokoladas-nicks-su-stevija-25-g\/","title":{"rendered":"\u0160viesus \u0161okoladas \u201cNick\u2019s\u201d su stevija, 25 g."},"content":{"rendered":"<h1 class=\"product-title product_title entry-title\">\u0160viesus \u0161okoladas \u201cNick\u2019s\u201d su stevija, 25 g.<\/h1>\n<p>Pieni\u0161kas \u0161okoladukas Nick\u2019s, be prid\u0117tinio cukraus, be palmi\u0173 aliejaus ir be gliuteno. Gardus ir sveikas u\u017ekandis.<\/p>\n<ul>\n<li><strong>Be gliuteno\u00a0<\/strong><\/li>\n<li><strong>Be palmi\u0173 aliejaus\u00a0<\/strong><\/li>\n<li><strong>Be prid\u0117tinio cukraus<\/strong><\/li>\n<\/ul>\n<p>Sud\u0117tin\u0117s dalys: Kakavos sviestas (&gt; 25%), saldiklis: eritritolis (22%), polidekstroz\u0117 (skaidulos),\u00a0<strong>pieno<\/strong>\u00a0milteliai (&gt; 14%), kakavos mas\u0117 (&gt; 13%), antioksidantas: saul\u0117gr\u0105\u017e\u0173 lecitinas, nat\u016bralus vanil\u0117s aromatas, saldiklis: steviolio glikozidai. Energetin\u0117 vert\u0117: 100 g produkto maistingumas: 425 kcal \/ 1780 kJ Riebalai 36,5 g ,i\u0161 kuri\u0173 so\u010di\u0173j\u0173 riebal\u0173 r\u016bg\u0161\u010di\u0173 22 g, angliavandeniai 33,8 g, i\u0161 kuri\u0173 cukr\u0173 9,6 g, i\u0161 kuri\u0173 polioli\u0173 23,3 g (eritritolis*), skaidulos 17.8 g baltymai 7,3 g, druska 0.08 g. *Eritritolis nekelia cukraus lygio kraujyje, glikeminis indeksas 0 . D\u0116MESIO: didesn\u0117 negu 30g vienkartin\u0117 eritritolio doz\u0117 gali laisvinti vidurius. Sud\u0117tyje gali b\u016bti\u00a0<strong>sezam\u0173<\/strong>,\u00a0<strong>rie\u0161ut\u0173<\/strong>\u00a0p\u0117dsak\u0173.<\/p>","protected":false},"excerpt":{"rendered":"<p>\u0160viesus \u0161okoladas \u201cNick\u2019s\u201d su stevija, 25 g. Pieni\u0161kas \u0161okoladukas Nick\u2019s, be prid\u0117tinio cukraus, be palmi\u0173 aliejaus ir be gliuteno. Gardus ir sveikas u\u017ekandis. Be gliuteno\u00a0 Be palmi\u0173 aliejaus\u00a0 Be prid\u0117tinio cukraus Sud\u0117tin\u0117s dalys: Kakavos sviestas (&gt; 25%), saldiklis: eritritolis (22%), polidekstroz\u0117 (skaidulos),\u00a0pieno\u00a0milteliai (&gt; 14%), kakavos mas\u0117 (&gt; 13%), antioksidantas: saul\u0117gr\u0105\u017e\u0173 lecitinas, nat\u016bralus vanil\u0117s aromatas, saldiklis:&#8230;<\/p>","protected":false},"featured_media":17354,"template":"","meta":{"_acf_changed":false},"product_brand":[],"product_cat":[93],"product_tag":[],"class_list":{"0":"post-17353","1":"product","2":"type-product","3":"status-publish","4":"has-post-thumbnail","6":"product_cat-batoneliai-sokoladas","7":"nt-post-class","8":"","9":"masonry-item","10":"col-lg-6","14":"excerpt-none","18":"first","19":"instock","20":"taxable","21":"shipping-taxable","22":"purchasable","23":"product-type-simple","24":"add-to-wishlist-after_add_to_cart"},"acf":[],"_links":{"self":[{"href":"https:\/\/chiaseklos.lt\/en\/wp-json\/wp\/v2\/product\/17353","targetHints":{"allow":["GET"]}}],"collection":[{"href":"https:\/\/chiaseklos.lt\/en\/wp-json\/wp\/v2\/product"}],"about":[{"href":"https:\/\/chiaseklos.lt\/en\/wp-json\/wp\/v2\/types\/product"}],"wp:featuredmedia":[{"embeddable":true,"href":"https:\/\/chiaseklos.lt\/en\/wp-json\/wp\/v2\/media\/17354"}],"wp:attachment":[{"href":"https:\/\/chiaseklos.lt\/en\/wp-json\/wp\/v2\/media?parent=17353"}],"wp:term":[{"taxonomy":"product_brand","embeddable":true,"href":"https:\/\/chiaseklos.lt\/en\/wp-json\/wp\/v2\/product_brand?post=17353"},{"taxonomy":"product_cat","embeddable":true,"href":"https:\/\/chiaseklos.lt\/en\/wp-json\/wp\/v2\/product_cat?post=17353"},{"taxonomy":"product_tag","embeddable":true,"href":"https:\/\/chiaseklos.lt\/en\/wp-json\/wp\/v2\/product_tag?post=17353"}],"curies":[{"name":"wp","href":"https:\/\/api.w.org\/{rel}","templated":true}]}}