{"id":17240,"date":"2021-11-18T14:40:28","date_gmt":"2021-11-18T14:40:28","guid":{"rendered":"https:\/\/chiaseklos.lt\/?post_type=product&#038;p=17240"},"modified":"2025-09-10T12:15:20","modified_gmt":"2025-09-10T12:15:20","slug":"anakardziu-riesutai-skrudinti-meduje","status":"publish","type":"product","link":"https:\/\/chiaseklos.lt\/en\/product\/anakardziu-riesutai-skrudinti-meduje\/","title":{"rendered":"Anakard\u017ei\u0173 rie\u0161utai skrudinti meduje"},"content":{"rendered":"<p>Anakard\u017ei\u0173 rie\u0161utai skrudinti meduje<\/p>\n<p>Gard\u016bs, tra\u0161k\u016bs, saikingai sald\u016bs rie\u0161utai. Puikus u\u017ekandis.<\/p>\n<p><strong>Maistin\u0117 ir energin\u0117 vert\u0117 100g:<\/strong><span data-sheets-value=\"{&quot;1&quot;:2,&quot;2&quot;:&quot;2158 kj\/ 516 kcal&quot;}\" data-sheets-userformat=\"{&quot;2&quot;:14399,&quot;3&quot;:{&quot;1&quot;:0,&quot;3&quot;:1},&quot;4&quot;:{&quot;1&quot;:2,&quot;2&quot;:16773836},&quot;5&quot;:{&quot;1&quot;:[{&quot;1&quot;:2,&quot;2&quot;:0,&quot;5&quot;:{&quot;1&quot;:0}},{&quot;1&quot;:0,&quot;2&quot;:0,&quot;3&quot;:3},{&quot;1&quot;:1,&quot;2&quot;:0,&quot;4&quot;:1}]},&quot;6&quot;:{&quot;1&quot;:[{&quot;1&quot;:2,&quot;2&quot;:0,&quot;5&quot;:{&quot;1&quot;:0}},{&quot;1&quot;:0,&quot;2&quot;:0,&quot;3&quot;:3},{&quot;1&quot;:1,&quot;2&quot;:0,&quot;4&quot;:1}]},&quot;7&quot;:{&quot;1&quot;:[{&quot;1&quot;:2,&quot;2&quot;:0,&quot;5&quot;:{&quot;1&quot;:0}},{&quot;1&quot;:0,&quot;2&quot;:0,&quot;3&quot;:3},{&quot;1&quot;:1,&quot;2&quot;:0,&quot;4&quot;:1}]},&quot;8&quot;:{&quot;1&quot;:[{&quot;1&quot;:2,&quot;2&quot;:0,&quot;5&quot;:{&quot;1&quot;:0}},{&quot;1&quot;:0,&quot;2&quot;:0,&quot;3&quot;:3},{&quot;1&quot;:1,&quot;2&quot;:0,&quot;4&quot;:1}]},&quot;14&quot;:{&quot;1&quot;:3,&quot;3&quot;:1},&quot;15&quot;:&quot;Calibri&quot;,&quot;16&quot;:11}\">2158 kj\/ 516 kcal<\/span>, riebalai 27 g, i\u0161 kuri\u0173 so\u010di\u0173j\u0173 rug\u0161\u010di\u0173 5 g, angliavandeniai 59 , i\u0161 kuri\u0173 cukr\u0173 43 g, baltymai 11 g, druska 0.03 g.<\/p>\n<p>Sudedamosios dalys:\u00a0<strong>Anakard\u017eio rie\u0161utai<\/strong>\u00a064%, cukrus, margarinas (augaliniai aliejai (raps\u0173, saul\u0117gr\u0105\u017e\u0173, palmi\u0173, kokos\u0173), vanduo, druska, emulsikliai : lecitinas, riebal\u0173 r\u016bg\u0161\u010di\u0173 monoliglicerinai,r\u016bg\u0161tingum\u0105 reguliuojanti med\u017eiaga citrin\u0173 r\u016bg\u0161tis, kvapioji med\u017eiaga, da\u017eiklis karotenai), nat\u016bralus medus 1 %, kvapioji med\u017eiaga.<\/p>\n<p>Laikyti sausoje ir v\u0117sioje vietoje.<\/p>\n<p>Produktas gali sukelti alergij\u0105.<\/p>\n","protected":false},"excerpt":{"rendered":"<p>Anakard\u017ei\u0173 rie\u0161utai skrudinti meduje Gard\u016bs, tra\u0161k\u016bs, saikingai sald\u016bs rie\u0161utai. Puikus u\u017ekandis. Maistin\u0117 ir energin\u0117 vert\u0117 100g:2158 kj\/ 516 kcal, riebalai 27 g, i\u0161 kuri\u0173 so\u010di\u0173j\u0173 rug\u0161\u010di\u0173 5 g, angliavandeniai 59 , i\u0161 kuri\u0173 cukr\u0173 43 g, baltymai 11 g, druska 0.03 g. Sudedamosios dalys:\u00a0Anakard\u017eio rie\u0161utai\u00a064%, cukrus, margarinas (augaliniai aliejai (raps\u0173, saul\u0117gr\u0105\u017e\u0173, palmi\u0173, kokos\u0173), vanduo, druska,&#8230;<\/p>","protected":false},"featured_media":17232,"template":"","meta":{"_acf_changed":false},"product_brand":[],"product_cat":[61],"product_tag":[],"class_list":{"0":"post-17240","1":"product","2":"type-product","3":"status-publish","4":"has-post-thumbnail","6":"product_cat-riesutai","7":"nt-post-class","8":"","9":"masonry-item","10":"col-lg-6","14":"excerpt-none","18":"first","19":"instock","20":"taxable","21":"shipping-taxable","22":"purchasable","23":"product-type-variable","24":"add-to-wishlist-after_add_to_cart"},"acf":[],"_links":{"self":[{"href":"https:\/\/chiaseklos.lt\/en\/wp-json\/wp\/v2\/product\/17240","targetHints":{"allow":["GET"]}}],"collection":[{"href":"https:\/\/chiaseklos.lt\/en\/wp-json\/wp\/v2\/product"}],"about":[{"href":"https:\/\/chiaseklos.lt\/en\/wp-json\/wp\/v2\/types\/product"}],"wp:featuredmedia":[{"embeddable":true,"href":"https:\/\/chiaseklos.lt\/en\/wp-json\/wp\/v2\/media\/17232"}],"wp:attachment":[{"href":"https:\/\/chiaseklos.lt\/en\/wp-json\/wp\/v2\/media?parent=17240"}],"wp:term":[{"taxonomy":"product_brand","embeddable":true,"href":"https:\/\/chiaseklos.lt\/en\/wp-json\/wp\/v2\/product_brand?post=17240"},{"taxonomy":"product_cat","embeddable":true,"href":"https:\/\/chiaseklos.lt\/en\/wp-json\/wp\/v2\/product_cat?post=17240"},{"taxonomy":"product_tag","embeddable":true,"href":"https:\/\/chiaseklos.lt\/en\/wp-json\/wp\/v2\/product_tag?post=17240"}],"curies":[{"name":"wp","href":"https:\/\/api.w.org\/{rel}","templated":true}]}}