{"id":17229,"date":"2021-11-18T14:34:48","date_gmt":"2021-11-18T14:34:48","guid":{"rendered":"https:\/\/chiaseklos.lt\/?post_type=product&#038;p=17229"},"modified":"2024-11-04T08:00:26","modified_gmt":"2024-11-04T08:00:26","slug":"lazdyno-riesutai-skrudinti-meduje","status":"publish","type":"product","link":"https:\/\/chiaseklos.lt\/en\/product\/lazdyno-riesutai-skrudinti-meduje\/","title":{"rendered":"Lazdyno rie\u0161utai skrudinti meduje"},"content":{"rendered":"<p>Lazdyno rie\u0161utai skrudinti meduje<\/p>\n<p>Gard\u016bs, tra\u0161k\u016bs, saikingai sald\u016bs rie\u0161utai. Puikus u\u017ekandis.<\/p>\n<p><strong>Maistin\u0117 ir energin\u0117 vert\u0117 100g:<\/strong><span data-sheets-value=\"{&quot;1&quot;:2,&quot;2&quot;:&quot;2268 kj\/ 544 kcal&quot;}\" data-sheets-userformat=\"{&quot;2&quot;:14399,&quot;3&quot;:{&quot;1&quot;:0,&quot;3&quot;:1},&quot;4&quot;:{&quot;1&quot;:2,&quot;2&quot;:16773836},&quot;5&quot;:{&quot;1&quot;:[{&quot;1&quot;:2,&quot;2&quot;:0,&quot;5&quot;:{&quot;1&quot;:0}},{&quot;1&quot;:0,&quot;2&quot;:0,&quot;3&quot;:3},{&quot;1&quot;:1,&quot;2&quot;:0,&quot;4&quot;:1}]},&quot;6&quot;:{&quot;1&quot;:[{&quot;1&quot;:2,&quot;2&quot;:0,&quot;5&quot;:{&quot;1&quot;:0}},{&quot;1&quot;:0,&quot;2&quot;:0,&quot;3&quot;:3},{&quot;1&quot;:1,&quot;2&quot;:0,&quot;4&quot;:1}]},&quot;7&quot;:{&quot;1&quot;:[{&quot;1&quot;:2,&quot;2&quot;:0,&quot;5&quot;:{&quot;1&quot;:0}},{&quot;1&quot;:0,&quot;2&quot;:0,&quot;3&quot;:3},{&quot;1&quot;:1,&quot;2&quot;:0,&quot;4&quot;:1}]},&quot;8&quot;:{&quot;1&quot;:[{&quot;1&quot;:2,&quot;2&quot;:0,&quot;5&quot;:{&quot;1&quot;:0}},{&quot;1&quot;:0,&quot;2&quot;:0,&quot;3&quot;:3},{&quot;1&quot;:1,&quot;2&quot;:0,&quot;4&quot;:1}]},&quot;14&quot;:{&quot;1&quot;:3,&quot;3&quot;:1},&quot;15&quot;:&quot;Calibri&quot;,&quot;16&quot;:11}\">2268 kj\/ 544 kcal<\/span>, riebalai 35 g, i\u0161 kuri\u0173 so\u010di\u0173j\u0173 rug\u0161\u010di\u0173 3 g, angliavandeniai 52, i\u0161 kuri\u0173 cukr\u0173 45 g, baltymai 8 g, druska 0.1 g.<\/p>\n<p><strong>Sudedamosios dalys: lazdyno rie\u0161utai<\/strong>\u00a059%, cukrus, margarinas (augaliniai aliejai (raps\u0173, saul\u0117gr\u0105\u017e\u0173, palmi\u0173, kokos\u0173), vanduo, druska, emulsikliai : lecitinas, riebal\u0173 r\u016bg\u0161\u010di\u0173 monoliglicerinai,r\u016bg\u0161tingum\u0105 reguliuojanti med\u017eiaga citrin\u0173 r\u016bg\u0161tis, kvapioji med\u017eiaga, da\u017eiklis karotenai), nat\u016bralus medus 1 %, kvapioji med\u017eiaga.<\/p>\n<p><strong>Kilm\u0117s \u0161alis:\u00a0<\/strong>Lietuva.<\/p>\n<p>Laikyti sausoje ir v\u0117sioje vietoje.\u00a0Produktas gali sukelti alergij\u0105.<\/p>\n<p>&nbsp;<\/p>\n","protected":false},"excerpt":{"rendered":"<p>Lazdyno rie\u0161utai skrudinti meduje Gard\u016bs, tra\u0161k\u016bs, saikingai sald\u016bs rie\u0161utai. Puikus u\u017ekandis. Maistin\u0117 ir energin\u0117 vert\u0117 100g:2268 kj\/ 544 kcal, riebalai 35 g, i\u0161 kuri\u0173 so\u010di\u0173j\u0173 rug\u0161\u010di\u0173 3 g, angliavandeniai 52, i\u0161 kuri\u0173 cukr\u0173 45 g, baltymai 8 g, druska 0.1 g. Sudedamosios dalys: lazdyno rie\u0161utai\u00a059%, cukrus, margarinas (augaliniai aliejai (raps\u0173, saul\u0117gr\u0105\u017e\u0173, palmi\u0173, kokos\u0173), vanduo, druska,&#8230;<\/p>","protected":false},"featured_media":17233,"template":"","meta":{"_acf_changed":false},"product_brand":[],"product_cat":[61],"product_tag":[],"class_list":{"0":"post-17229","1":"product","2":"type-product","3":"status-publish","4":"has-post-thumbnail","6":"product_cat-riesutai","7":"nt-post-class","8":"","9":"masonry-item","10":"col-lg-6","14":"excerpt-none","18":"first","19":"outofstock","20":"taxable","21":"shipping-taxable","22":"purchasable","23":"product-type-variable","24":"add-to-wishlist-after_add_to_cart"},"acf":[],"_links":{"self":[{"href":"https:\/\/chiaseklos.lt\/en\/wp-json\/wp\/v2\/product\/17229","targetHints":{"allow":["GET"]}}],"collection":[{"href":"https:\/\/chiaseklos.lt\/en\/wp-json\/wp\/v2\/product"}],"about":[{"href":"https:\/\/chiaseklos.lt\/en\/wp-json\/wp\/v2\/types\/product"}],"wp:featuredmedia":[{"embeddable":true,"href":"https:\/\/chiaseklos.lt\/en\/wp-json\/wp\/v2\/media\/17233"}],"wp:attachment":[{"href":"https:\/\/chiaseklos.lt\/en\/wp-json\/wp\/v2\/media?parent=17229"}],"wp:term":[{"taxonomy":"product_brand","embeddable":true,"href":"https:\/\/chiaseklos.lt\/en\/wp-json\/wp\/v2\/product_brand?post=17229"},{"taxonomy":"product_cat","embeddable":true,"href":"https:\/\/chiaseklos.lt\/en\/wp-json\/wp\/v2\/product_cat?post=17229"},{"taxonomy":"product_tag","embeddable":true,"href":"https:\/\/chiaseklos.lt\/en\/wp-json\/wp\/v2\/product_tag?post=17229"}],"curies":[{"name":"wp","href":"https:\/\/api.w.org\/{rel}","templated":true}]}}