{"id":17078,"date":"2021-10-27T08:30:53","date_gmt":"2021-10-27T08:30:53","guid":{"rendered":"https:\/\/chiaseklos.lt\/?post_type=product&#038;p=17078"},"modified":"2025-11-10T18:12:21","modified_gmt":"2025-11-10T18:12:21","slug":"dziovinti-ananasu-ziedai-be-pridetinio-cukraus","status":"publish","type":"product","link":"https:\/\/chiaseklos.lt\/en\/product\/dziovinti-ananasu-ziedai-be-pridetinio-cukraus\/","title":{"rendered":"D\u017eiovinti ananas\u0173 \u017eiedai, BE prid\u0117tinio cukraus"},"content":{"rendered":"<p><strong>D\u017eiovinti ananas\u0173 \u017eiedai, BE prid\u0117tinio cukraus<\/strong><\/p>\n<p>Gardus u\u017ekandis kiekvienam &#8211; BE prid\u0117tinio cukraus.<\/p>\n<p>Ananas\u0173 gabaliukuose gausu vitamino C bei B grup\u0117s vitamin\u0173.<\/p>\n<p>Kilm\u0117s \u0161alis: Gana\/Vietnamas<\/p>\n<p>Maistin\u0117 ir energetin\u0117 vert\u0117 100g: 360 kcal\/1507 kJ; angliavandeniai: 89g, i\u0161 j\u0173 cukr\u0173: 23g; riebalai: 0g.,i\u0161 j\u0173 so\u010di\u0173j\u0173 riebal\u0173: 0g; baltymai: 0g; druskos: 112 mg.<\/p>\n<p>&nbsp;<\/p>\n<p>&nbsp;<\/p>","protected":false},"excerpt":{"rendered":"<p>D\u017eiovinti ananas\u0173 \u017eiedai, BE prid\u0117tinio cukraus Gardus u\u017ekandis kiekvienam &#8211; BE prid\u0117tinio cukraus. Ananas\u0173 gabaliukuose gausu vitamino C bei B grup\u0117s vitamin\u0173. Kilm\u0117s \u0161alis: Gana\/Vietnamas Maistin\u0117 ir energetin\u0117 vert\u0117 100g: 360 kcal\/1507 kJ; angliavandeniai: 89g, i\u0161 j\u0173 cukr\u0173: 23g; riebalai: 0g.,i\u0161 j\u0173 so\u010di\u0173j\u0173 riebal\u0173: 0g; baltymai: 0g; druskos: 112 mg. &nbsp; &nbsp;<\/p>","protected":false},"featured_media":12507,"template":"","meta":{"_acf_changed":false},"product_brand":[],"product_cat":[42],"product_tag":[],"class_list":{"0":"post-17078","1":"product","2":"type-product","3":"status-publish","4":"has-post-thumbnail","6":"product_cat-dziovinti-vaisiai-uogos","7":"nt-post-class","8":"","9":"masonry-item","10":"col-lg-6","14":"excerpt-none","18":"first","19":"instock","20":"taxable","21":"shipping-taxable","22":"purchasable","23":"product-type-variable","24":"add-to-wishlist-after_add_to_cart"},"acf":[],"_links":{"self":[{"href":"https:\/\/chiaseklos.lt\/en\/wp-json\/wp\/v2\/product\/17078","targetHints":{"allow":["GET"]}}],"collection":[{"href":"https:\/\/chiaseklos.lt\/en\/wp-json\/wp\/v2\/product"}],"about":[{"href":"https:\/\/chiaseklos.lt\/en\/wp-json\/wp\/v2\/types\/product"}],"wp:featuredmedia":[{"embeddable":true,"href":"https:\/\/chiaseklos.lt\/en\/wp-json\/wp\/v2\/media\/12507"}],"wp:attachment":[{"href":"https:\/\/chiaseklos.lt\/en\/wp-json\/wp\/v2\/media?parent=17078"}],"wp:term":[{"taxonomy":"product_brand","embeddable":true,"href":"https:\/\/chiaseklos.lt\/en\/wp-json\/wp\/v2\/product_brand?post=17078"},{"taxonomy":"product_cat","embeddable":true,"href":"https:\/\/chiaseklos.lt\/en\/wp-json\/wp\/v2\/product_cat?post=17078"},{"taxonomy":"product_tag","embeddable":true,"href":"https:\/\/chiaseklos.lt\/en\/wp-json\/wp\/v2\/product_tag?post=17078"}],"curies":[{"name":"wp","href":"https:\/\/api.w.org\/{rel}","templated":true}]}}