{"id":16805,"date":"2021-09-21T13:12:58","date_gmt":"2021-09-21T13:12:58","guid":{"rendered":"http:\/\/chiaseklos.lt\/?post_type=product&#038;p=16805"},"modified":"2025-12-01T09:17:03","modified_gmt":"2025-12-01T09:17:03","slug":"sezamo-seklos","status":"publish","type":"product","link":"https:\/\/chiaseklos.lt\/en\/product\/sezamo-seklos\/","title":{"rendered":"Sezamo s\u0117klos"},"content":{"rendered":"<h2 class=\"product_title entry-title\">Sezamo s\u0117klos<\/h2>\n<p>Sezam\u0173 s\u0117klos maistui suteikia \u0161velnaus rie\u0161ut\u0173 skonio bei prideda tra\u0161kumo.<\/p>\n<p>Naudojimas:\u00a0Berkite ant salot\u0173, orkait\u0117je kept\u0173 ar garuose virt\u0173 dar\u017eovi\u0173. Vietoje d\u017ei\u016bv\u0117s\u0117li\u0173, prie\u0161 kepim\u0105 apvoliokite \u017euvies ar pauk\u0161tienos gabaliukus. Tinka kepiniams gardinti. Ypa\u010d dera desertuose su rie\u0161utais bei medumi.<\/p>\n<p>Energin\u0117 ir maistin\u0117 vert\u0117 100 g: 642 kcal\/2659 kJ, riebal\u0173 53 g, i\u0161 kuri\u0173 so\u010di\u0173j\u0173 riebal\u0173 r\u016bg\u0161\u010di\u0173 6,7 g, angliavandeni\u0173 15 g, i\u0161 kuri\u0173 cukr\u0173 0 g, baltym\u0173 24 g, druskos 0,1 g.<\/p>\n<p>Sudedamosios dalys:\u00a0sezamo\u00a0s\u0117klos.<\/p>\n<p>Kilm\u0117s \u0161alis: Indija\/Somalis<\/p>\n<p>Laikyti sausoje, \u0161varioje ir v\u0117sioje vietoje. Laikymo temperat\u016bra: nuo 0\u00b0C iki 15\u00b0C.<\/p>\n<p>&nbsp;<\/p>","protected":false},"excerpt":{"rendered":"<p>Sezamo s\u0117klos Sezam\u0173 s\u0117klos maistui suteikia \u0161velnaus rie\u0161ut\u0173 skonio bei prideda tra\u0161kumo. Naudojimas:\u00a0Berkite ant salot\u0173, orkait\u0117je kept\u0173 ar garuose virt\u0173 dar\u017eovi\u0173. Vietoje d\u017ei\u016bv\u0117s\u0117li\u0173, prie\u0161 kepim\u0105 apvoliokite \u017euvies ar pauk\u0161tienos gabaliukus. Tinka kepiniams gardinti. Ypa\u010d dera desertuose su rie\u0161utais bei medumi. Energin\u0117 ir maistin\u0117 vert\u0117 100 g: 642 kcal\/2659 kJ, riebal\u0173 53 g, i\u0161 kuri\u0173 so\u010di\u0173j\u0173&#8230;<\/p>","protected":false},"featured_media":34688,"template":"","meta":{"_acf_changed":false},"product_brand":[],"product_cat":[17],"product_tag":[],"class_list":{"0":"post-16805","1":"product","2":"type-product","3":"status-publish","4":"has-post-thumbnail","6":"product_cat-seklos","7":"nt-post-class","8":"","9":"masonry-item","10":"col-lg-6","14":"excerpt-none","18":"first","19":"instock","20":"taxable","21":"shipping-taxable","22":"purchasable","23":"product-type-variable","24":"add-to-wishlist-after_add_to_cart"},"acf":[],"_links":{"self":[{"href":"https:\/\/chiaseklos.lt\/en\/wp-json\/wp\/v2\/product\/16805","targetHints":{"allow":["GET"]}}],"collection":[{"href":"https:\/\/chiaseklos.lt\/en\/wp-json\/wp\/v2\/product"}],"about":[{"href":"https:\/\/chiaseklos.lt\/en\/wp-json\/wp\/v2\/types\/product"}],"wp:featuredmedia":[{"embeddable":true,"href":"https:\/\/chiaseklos.lt\/en\/wp-json\/wp\/v2\/media\/34688"}],"wp:attachment":[{"href":"https:\/\/chiaseklos.lt\/en\/wp-json\/wp\/v2\/media?parent=16805"}],"wp:term":[{"taxonomy":"product_brand","embeddable":true,"href":"https:\/\/chiaseklos.lt\/en\/wp-json\/wp\/v2\/product_brand?post=16805"},{"taxonomy":"product_cat","embeddable":true,"href":"https:\/\/chiaseklos.lt\/en\/wp-json\/wp\/v2\/product_cat?post=16805"},{"taxonomy":"product_tag","embeddable":true,"href":"https:\/\/chiaseklos.lt\/en\/wp-json\/wp\/v2\/product_tag?post=16805"}],"curies":[{"name":"wp","href":"https:\/\/api.w.org\/{rel}","templated":true}]}}