{"id":16777,"date":"2021-09-16T12:35:57","date_gmt":"2021-09-16T12:35:57","guid":{"rendered":"http:\/\/chiaseklos.lt\/?post_type=product&#038;p=16777"},"modified":"2026-04-09T06:53:11","modified_gmt":"2026-04-09T06:53:11","slug":"makadamiju-riesutai","status":"publish","type":"product","link":"https:\/\/chiaseklos.lt\/en\/product\/makadamiju-riesutai\/","title":{"rendered":"Makadamij\u0173 rie\u0161utai"},"content":{"rendered":"<p class=\"product-title product_title entry-title\"><strong>Makadamij\u0173 rie\u0161utai<\/strong><\/p>\n<div class=\"product__list-wrapper\">\n<p data-start=\"0\" data-end=\"270\"><span class=\"hover:entity-accent entity-underline inline cursor-pointer align-baseline\"><span class=\"whitespace-normal\">Makadamij\u0173 rie\u0161utai<\/span><\/span> \u2013 tai tra\u0161k\u016bs, gard\u016bs rie\u0161utai, pasi\u017eymintys \u0161velniu, grietin\u0117l\u0119 ar sviest\u0105 primenan\u010diu skoniu. Jie vertinami visame pasaulyje d\u0117l savo nat\u016bralumo, auk\u0161tos kokyb\u0117s ir maistingumo, tod\u0117l puikiai tinka subalansuotai kasdienei mitybai.<\/p>\n<p data-start=\"272\" data-end=\"694\">\u0160ie rie\u0161utai yra maistingas produktas, kuriame gausu B grup\u0117s vitamin\u0173, taip pat svarbi\u0173 mineral\u0173, toki\u0173 kaip magnis, kalis ir fosforas. Be to, makadamij\u0173 rie\u0161utuose yra skaidul\u0173 bei neso\u010di\u0173j\u0173 riebal\u0173 r\u016bg\u0161\u010di\u0173. Svarbu pabr\u0117\u017eti, kad \u012fvairi ir subalansuota mityba bei sveikas gyvenimo b\u016bdas yra svarb\u016bs gerai savijautai palaikyti. Makadamij\u0173 rie\u0161utai gali b\u016bti \u012ftraukti \u012f \u012fvairius mitybos planus kaip dalis kasdienio raciono.<\/p>\n<p data-start=\"696\" data-end=\"1195\">Makadamij\u0173 rie\u0161utai puikiai tinka kaip u\u017ekandis tarp pagrindini\u0173 valgym\u0173, taip pat gali b\u016bti naudojami kaip ingredientas \u012fvairiuose patiekaluose. Jie dera su jogurtu, granola, pusry\u010di\u0173 ko\u0161\u0117mis, desertais ar kepiniais, suteikdami subtil\u0173 ir i\u0161skirtin\u012f skon\u012f. Taip pat jie gali b\u016bti naudojami salotose ar kaip priedas prie \u012fvairi\u0173 patiekal\u0173. D\u0117l didel\u0117s energin\u0117s vert\u0117s \u0161iuos rie\u0161utus rekomenduojama vartoti saikingai \u2013 da\u017eniausiai pakanka vos keli\u0173 rie\u0161ut\u0173 per dien\u0105 kaip subalansuotos mitybos dal\u012f.<\/p>\n<p data-start=\"1197\" data-end=\"1488\">Makadamij\u0173 rie\u0161utai yra kruop\u0161\u010diai atrinkti ir paruo\u0161ti taip, kad i\u0161laikyt\u0173 savo nat\u016bralias savybes, skon\u012f bei tekst\u016br\u0105. Tinkamas laikymas padeda i\u0161saugoti j\u0173 kokyb\u0119 ilgesn\u012f laik\u0105, tod\u0117l rekomenduojama laikyti sandariai u\u017edarytoje pakuot\u0117je, vengiant dr\u0117gm\u0117s ir tiesiogini\u0173 saul\u0117s spinduli\u0173.<\/p>\n<p data-start=\"1490\" data-end=\"1738\"><strong data-start=\"1490\" data-end=\"1513\">Sudedamosios dalys:<\/strong> makadamij\u0173 rie\u0161utai.<br data-start=\"1534\" data-end=\"1537\" \/><strong data-start=\"1537\" data-end=\"1551\">Alergenai:<\/strong> sud\u0117tyje yra rie\u0161ut\u0173.<br data-start=\"1573\" data-end=\"1576\" \/><strong data-start=\"1576\" data-end=\"1596\">Laikymo s\u0105lygos:<\/strong> laikyti sausoje, \u0161varioje ir v\u0117sioje vietoje. Laikymo temperat\u016bra: nuo 0 \u00b0C iki 20 \u00b0C.<br data-start=\"1683\" data-end=\"1686\" \/><strong data-start=\"1686\" data-end=\"1703\">Kilm\u0117s \u0161alis:<\/strong> Piet\u0173 Afrikos Respublika \/ Kenija.<\/p>\n<\/div>\n<div class=\"product__table\">\n<div>\n<table>\n<thead>\n<tr>\n<th>Maistini\u0173 med\u017eiag\u0173<\/th>\n<th>Kiekis 100-e gram\u0173\/ml<\/th>\n<\/tr>\n<\/thead>\n<tbody>\n<tr>\n<td>energin\u0117 vert\u0117<\/td>\n<td>3152 kJ\/ 766 kcal<\/td>\n<\/tr>\n<tr>\n<td>riebalai<\/td>\n<td>78 g<\/td>\n<\/tr>\n<tr>\n<td class=\"indent\">i\u0161 kuri\u0173 so\u010di\u0173j\u0173 riebal\u0173 r\u016bg\u0161\u010di\u0173<\/td>\n<td>11 g<\/td>\n<\/tr>\n<tr>\n<td>angliavandeniai<\/td>\n<td>11 g<\/td>\n<\/tr>\n<tr>\n<td class=\"indent\">i\u0161 kuri\u0173 cukr\u0173<\/td>\n<td>11 g<\/td>\n<\/tr>\n<tr>\n<td>baltymai<\/td>\n<td>8.7 g<\/td>\n<\/tr>\n<tr>\n<td>druska<\/td>\n<td>0.1 g<\/td>\n<\/tr>\n<\/tbody>\n<\/table>\n<\/div>\n<\/div>","protected":false},"excerpt":{"rendered":"<p>Makadamij\u0173 rie\u0161utai Makadamij\u0173 rie\u0161utai \u2013 tai tra\u0161k\u016bs, gard\u016bs rie\u0161utai, pasi\u017eymintys \u0161velniu, grietin\u0117l\u0119 ar sviest\u0105 primenan\u010diu skoniu. Jie vertinami visame pasaulyje d\u0117l savo nat\u016bralumo, auk\u0161tos kokyb\u0117s ir maistingumo, tod\u0117l puikiai tinka subalansuotai kasdienei mitybai. \u0160ie rie\u0161utai yra maistingas produktas, kuriame gausu B grup\u0117s vitamin\u0173, taip pat svarbi\u0173 mineral\u0173, toki\u0173 kaip magnis, kalis ir fosforas. Be to,&#8230;<\/p>","protected":false},"featured_media":34553,"template":"","meta":{"_acf_changed":false},"product_brand":[],"product_cat":[61],"product_tag":[],"class_list":{"0":"post-16777","1":"product","2":"type-product","3":"status-publish","4":"has-post-thumbnail","6":"product_cat-riesutai","7":"nt-post-class","8":"","9":"masonry-item","10":"col-lg-6","14":"excerpt-none","18":"first","19":"instock","20":"sale","21":"taxable","22":"shipping-taxable","23":"purchasable","24":"product-type-variable","25":"add-to-wishlist-after_add_to_cart"},"acf":[],"_links":{"self":[{"href":"https:\/\/chiaseklos.lt\/en\/wp-json\/wp\/v2\/product\/16777","targetHints":{"allow":["GET"]}}],"collection":[{"href":"https:\/\/chiaseklos.lt\/en\/wp-json\/wp\/v2\/product"}],"about":[{"href":"https:\/\/chiaseklos.lt\/en\/wp-json\/wp\/v2\/types\/product"}],"wp:featuredmedia":[{"embeddable":true,"href":"https:\/\/chiaseklos.lt\/en\/wp-json\/wp\/v2\/media\/34553"}],"wp:attachment":[{"href":"https:\/\/chiaseklos.lt\/en\/wp-json\/wp\/v2\/media?parent=16777"}],"wp:term":[{"taxonomy":"product_brand","embeddable":true,"href":"https:\/\/chiaseklos.lt\/en\/wp-json\/wp\/v2\/product_brand?post=16777"},{"taxonomy":"product_cat","embeddable":true,"href":"https:\/\/chiaseklos.lt\/en\/wp-json\/wp\/v2\/product_cat?post=16777"},{"taxonomy":"product_tag","embeddable":true,"href":"https:\/\/chiaseklos.lt\/en\/wp-json\/wp\/v2\/product_tag?post=16777"}],"curies":[{"name":"wp","href":"https:\/\/api.w.org\/{rel}","templated":true}]}}