{"id":16775,"date":"2021-09-16T08:11:16","date_gmt":"2021-09-16T08:11:16","guid":{"rendered":"http:\/\/chiaseklos.lt\/?post_type=product&#038;p=16775"},"modified":"2023-02-01T10:39:22","modified_gmt":"2023-02-01T10:39:22","slug":"ekologiska-kokosu-grietinele-maya-gold-200-ml","status":"publish","type":"product","link":"https:\/\/chiaseklos.lt\/en\/product\/ekologiska-kokosu-grietinele-maya-gold-200-ml\/","title":{"rendered":"Ekologi\u0161ka kokos\u0173 grietin\u0117l\u0117 Maya Gold 200 ml"},"content":{"rendered":"<p>Ekologi\u0161ka kokos\u0173 grietin\u0117l\u0117 Maya Gold 200 ml<\/p>\n<p>Ekologi\u0161kas kokos\u0173 kremas. I\u0161 ekologini\u0173 \u017eem\u0117s \u016bki\u0173. \u0160ri Lankos \u017eem\u0117s \u016bkis.<\/p>\n<p>Laikyti sausoje ir v\u0117sioje vietoje<\/p>\n<p>Sudedamosios dalys; Ekologi\u0161kas kokos\u0173 pienas 60%, vanduo 40%. Maistingumas 100 ml: energin\u0117 vert\u0117 3719 kJ\/ 889 kcal; riebalai \u2013 22 g, i\u0161 kuri\u0173 so\u010di\u0173j\u0173 riebal\u0173 r\u016bg\u0161\u010di\u0173 \u2013 19,3 g, angliavandeniai \u2013 3,3 g, i\u0161 kuri\u0173 cukr\u0173 \u2013 2 g, baltymai \u2013 1 g, druska \u2013 0,0171 g.<\/p>","protected":false},"excerpt":{"rendered":"<p>Ekologi\u0161ka kokos\u0173 grietin\u0117l\u0117 Maya Gold 200 ml Ekologi\u0161kas kokos\u0173 kremas. I\u0161 ekologini\u0173 \u017eem\u0117s \u016bki\u0173. \u0160ri Lankos \u017eem\u0117s \u016bkis. Laikyti sausoje ir v\u0117sioje vietoje Sudedamosios dalys; Ekologi\u0161kas kokos\u0173 pienas 60%, vanduo 40%. Maistingumas 100 ml: energin\u0117 vert\u0117 3719 kJ\/ 889 kcal; riebalai \u2013 22 g, i\u0161 kuri\u0173 so\u010di\u0173j\u0173 riebal\u0173 r\u016bg\u0161\u010di\u0173 \u2013 19,3 g, angliavandeniai \u2013 3,3&#8230;<\/p>","protected":false},"featured_media":16776,"template":"","meta":{"_acf_changed":false},"product_brand":[],"product_cat":[72],"product_tag":[],"class_list":{"0":"post-16775","1":"product","2":"type-product","3":"status-publish","4":"has-post-thumbnail","6":"product_cat-sirupai","7":"nt-post-class","8":"","9":"masonry-item","10":"col-lg-6","14":"excerpt-none","18":"first","19":"outofstock","20":"taxable","21":"shipping-taxable","22":"purchasable","23":"product-type-simple","24":"add-to-wishlist-after_add_to_cart"},"acf":[],"_links":{"self":[{"href":"https:\/\/chiaseklos.lt\/en\/wp-json\/wp\/v2\/product\/16775","targetHints":{"allow":["GET"]}}],"collection":[{"href":"https:\/\/chiaseklos.lt\/en\/wp-json\/wp\/v2\/product"}],"about":[{"href":"https:\/\/chiaseklos.lt\/en\/wp-json\/wp\/v2\/types\/product"}],"wp:featuredmedia":[{"embeddable":true,"href":"https:\/\/chiaseklos.lt\/en\/wp-json\/wp\/v2\/media\/16776"}],"wp:attachment":[{"href":"https:\/\/chiaseklos.lt\/en\/wp-json\/wp\/v2\/media?parent=16775"}],"wp:term":[{"taxonomy":"product_brand","embeddable":true,"href":"https:\/\/chiaseklos.lt\/en\/wp-json\/wp\/v2\/product_brand?post=16775"},{"taxonomy":"product_cat","embeddable":true,"href":"https:\/\/chiaseklos.lt\/en\/wp-json\/wp\/v2\/product_cat?post=16775"},{"taxonomy":"product_tag","embeddable":true,"href":"https:\/\/chiaseklos.lt\/en\/wp-json\/wp\/v2\/product_tag?post=16775"}],"curies":[{"name":"wp","href":"https:\/\/api.w.org\/{rel}","templated":true}]}}