{"id":16773,"date":"2021-09-16T08:01:45","date_gmt":"2021-09-16T08:01:45","guid":{"rendered":"http:\/\/chiaseklos.lt\/?post_type=product&#038;p=16773"},"modified":"2024-12-17T07:17:48","modified_gmt":"2024-12-17T07:17:48","slug":"ekologiskas-kokosu-gerimas-maya-gold-400-ml","status":"publish","type":"product","link":"https:\/\/chiaseklos.lt\/en\/product\/ekologiskas-kokosu-gerimas-maya-gold-400-ml\/","title":{"rendered":"Kokos\u0173 g\u0117rimas Maya Gold, 400 ml"},"content":{"rendered":"<p>Kokos\u0173 g\u0117rimas Maya Gold, 400 ml<\/p>\n<ul>\n<li>Be laktoz\u0117s;\u00a0ekologi\u0161kas;<\/li>\n<li>Tinkama vegetarams ir veganams.<\/li>\n<\/ul>\n<p><strong>Sud\u0117tin\u0117s dalys: 5<\/strong>0% ekologi\u0161kas kokos\u0173 g\u0117rimas, 50% vanduo.\u00a0<strong>Maistin\u0117 vert\u0117 (100 g.):\u00a0<\/strong>energetin\u0117 vert\u0117 726 kJ\/174 kcal, riebal\u0173 17 g. (i\u0161 kuri\u0173 so\u010di\u0173j\u0173 riebal\u0173 14,9 g.), angliavandeni\u0173 2,6 g. (i\u0161 kuri\u0173 cukraus 1,7 g.), baltymai 1,1 g, skaidulos 1 g, druskos 0,15 mg Laikyti tamsioje, v\u0117sioje vietoje.<\/p>\n<p>Kai nenaudojate, konteiner\u012f laikyti u\u017edaryt\u0105. Venkite tiesiogini\u0173 saul\u0117s spinduli\u0173 ir laikykite ne auk\u0161tesn\u0117je kaip 30\u00b0C temperat\u016broje.\u00a0Atidarius laikyti \u0161aldytuve.<\/p>\n<p><strong>Kilm\u0117s \u0161alis:<\/strong>\u00a0Filipinai<\/p>","protected":false},"excerpt":{"rendered":"<p>Kokos\u0173 g\u0117rimas Maya Gold, 400 ml Be laktoz\u0117s;\u00a0ekologi\u0161kas; Tinkama vegetarams ir veganams. Sud\u0117tin\u0117s dalys: 50% ekologi\u0161kas kokos\u0173 g\u0117rimas, 50% vanduo.\u00a0Maistin\u0117 vert\u0117 (100 g.):\u00a0energetin\u0117 vert\u0117 726 kJ\/174 kcal, riebal\u0173 17 g. (i\u0161 kuri\u0173 so\u010di\u0173j\u0173 riebal\u0173 14,9 g.), angliavandeni\u0173 2,6 g. (i\u0161 kuri\u0173 cukraus 1,7 g.), baltymai 1,1 g, skaidulos 1 g, druskos 0,15 mg Laikyti tamsioje,&#8230;<\/p>","protected":false},"featured_media":16774,"template":"","meta":{"_acf_changed":false},"product_brand":[],"product_cat":[63],"product_tag":[],"class_list":{"0":"post-16773","1":"product","2":"type-product","3":"status-publish","4":"has-post-thumbnail","6":"product_cat-arbatos","7":"nt-post-class","8":"","9":"masonry-item","10":"col-lg-6","14":"excerpt-none","18":"first","19":"outofstock","20":"taxable","21":"shipping-taxable","22":"purchasable","23":"product-type-simple","24":"add-to-wishlist-after_add_to_cart"},"acf":[],"_links":{"self":[{"href":"https:\/\/chiaseklos.lt\/en\/wp-json\/wp\/v2\/product\/16773","targetHints":{"allow":["GET"]}}],"collection":[{"href":"https:\/\/chiaseklos.lt\/en\/wp-json\/wp\/v2\/product"}],"about":[{"href":"https:\/\/chiaseklos.lt\/en\/wp-json\/wp\/v2\/types\/product"}],"wp:featuredmedia":[{"embeddable":true,"href":"https:\/\/chiaseklos.lt\/en\/wp-json\/wp\/v2\/media\/16774"}],"wp:attachment":[{"href":"https:\/\/chiaseklos.lt\/en\/wp-json\/wp\/v2\/media?parent=16773"}],"wp:term":[{"taxonomy":"product_brand","embeddable":true,"href":"https:\/\/chiaseklos.lt\/en\/wp-json\/wp\/v2\/product_brand?post=16773"},{"taxonomy":"product_cat","embeddable":true,"href":"https:\/\/chiaseklos.lt\/en\/wp-json\/wp\/v2\/product_cat?post=16773"},{"taxonomy":"product_tag","embeddable":true,"href":"https:\/\/chiaseklos.lt\/en\/wp-json\/wp\/v2\/product_tag?post=16773"}],"curies":[{"name":"wp","href":"https:\/\/api.w.org\/{rel}","templated":true}]}}