{"id":16699,"date":"2021-09-07T13:12:53","date_gmt":"2021-09-07T13:12:53","guid":{"rendered":"http:\/\/chiaseklos.lt\/?post_type=product&#038;p=16699"},"modified":"2025-11-15T13:05:43","modified_gmt":"2025-11-15T13:05:43","slug":"dziovinti-papajos-gabaliukai-be-cukraus","status":"publish","type":"product","link":"https:\/\/chiaseklos.lt\/en\/product\/dziovinti-papajos-gabaliukai-be-cukraus\/","title":{"rendered":"D\u017eiovinti papajos gabaliukai be prid\u0117tinio cukraus"},"content":{"rendered":"<p>D\u017eiovinti papajos gabaliukai be prid\u0117tinio cukraus<\/p>\n<p>tai nat\u016braliai sald\u016bs papajos gabaliukai. Egzoti\u0161ko \u0161velnaus skonio, puikus u\u017ekandis.<\/p>\n<p><strong>Maistin\u0117 ir energin\u0117 vert\u0117 100g:\u00a0<\/strong>1548 kJ \/ 370 kcal, riebalai 0 g, i\u0161 kuri\u0173 so\u010di\u0173j\u0173 rug\u0161\u010di\u0173 0 g, angliavandeniai 93, i\u0161 kuri\u0173 cukr\u0173 42 g, baltymai 0 g, druska 0 g.<\/p>\n<p>Sudedamosios dalys: d\u017eiovinta papaja 100%.<\/p>\n<p>Kilm\u0117s \u0161alis: Tailandas.<\/p>\n<p>Laikyti sausoje ir v\u0117sioje vietoje.<\/p>\n<p>Produktas gali sukelti alergij\u0105.<\/p>","protected":false},"excerpt":{"rendered":"<p>D\u017eiovinti papajos gabaliukai be prid\u0117tinio cukraus tai nat\u016braliai sald\u016bs papajos gabaliukai. Egzoti\u0161ko \u0161velnaus skonio, puikus u\u017ekandis. Maistin\u0117 ir energin\u0117 vert\u0117 100g:\u00a01548 kJ \/ 370 kcal, riebalai 0 g, i\u0161 kuri\u0173 so\u010di\u0173j\u0173 rug\u0161\u010di\u0173 0 g, angliavandeniai 93, i\u0161 kuri\u0173 cukr\u0173 42 g, baltymai 0 g, druska 0 g. Sudedamosios dalys: d\u017eiovinta papaja 100%. Kilm\u0117s \u0161alis: Tailandas&#8230;.<\/p>","protected":false},"featured_media":34732,"template":"","meta":{"_acf_changed":false},"product_brand":[],"product_cat":[42],"product_tag":[],"class_list":{"0":"post-16699","1":"product","2":"type-product","3":"status-publish","4":"has-post-thumbnail","6":"product_cat-dziovinti-vaisiai-uogos","7":"nt-post-class","8":"","9":"masonry-item","10":"col-lg-6","14":"excerpt-none","18":"first","19":"outofstock","20":"taxable","21":"shipping-taxable","22":"purchasable","23":"product-type-variable","24":"add-to-wishlist-after_add_to_cart"},"acf":[],"_links":{"self":[{"href":"https:\/\/chiaseklos.lt\/en\/wp-json\/wp\/v2\/product\/16699","targetHints":{"allow":["GET"]}}],"collection":[{"href":"https:\/\/chiaseklos.lt\/en\/wp-json\/wp\/v2\/product"}],"about":[{"href":"https:\/\/chiaseklos.lt\/en\/wp-json\/wp\/v2\/types\/product"}],"wp:featuredmedia":[{"embeddable":true,"href":"https:\/\/chiaseklos.lt\/en\/wp-json\/wp\/v2\/media\/34732"}],"wp:attachment":[{"href":"https:\/\/chiaseklos.lt\/en\/wp-json\/wp\/v2\/media?parent=16699"}],"wp:term":[{"taxonomy":"product_brand","embeddable":true,"href":"https:\/\/chiaseklos.lt\/en\/wp-json\/wp\/v2\/product_brand?post=16699"},{"taxonomy":"product_cat","embeddable":true,"href":"https:\/\/chiaseklos.lt\/en\/wp-json\/wp\/v2\/product_cat?post=16699"},{"taxonomy":"product_tag","embeddable":true,"href":"https:\/\/chiaseklos.lt\/en\/wp-json\/wp\/v2\/product_tag?post=16699"}],"curies":[{"name":"wp","href":"https:\/\/api.w.org\/{rel}","templated":true}]}}