{"id":16689,"date":"2021-09-07T12:48:49","date_gmt":"2021-09-07T12:48:49","guid":{"rendered":"http:\/\/chiaseklos.lt\/?post_type=product&#038;p=16689"},"modified":"2025-04-11T08:14:17","modified_gmt":"2025-04-11T08:14:17","slug":"kmynai","status":"publish","type":"product","link":"https:\/\/chiaseklos.lt\/en\/product\/kmynai\/","title":{"rendered":"Kmynai"},"content":{"rendered":"<p>Kmynai<\/p>\n<p>tai vertingas bei labai m\u0117giamas prieskoninis augalas, jo s\u0117klos nuo seno naudojamos kepant duon\u0105, rauginant dar\u017eoves ir kt.<\/p>\n<p>Kilm\u0117s \u0161alis: Lietuva<\/p>\n<p>Energin\u0117 ir maistin\u0117 vert\u0117 100 g: 485 kcal\/2025 kJ, riebal\u0173 14,6 g, i\u0161 kuri\u0173 so\u010di\u0173j\u0173 riebal\u0173 r\u016bg\u0161\u010di\u0173 0,6 g, angliavandeni\u0173 49,9 g, i\u0161 kuri\u0173 cukr\u0173 0,6 g, baltym\u0173 19,8 g, druskos 0,04 g.<\/p>\n<p>Sudedamosios dalys: kmynai.<\/p>\n<p>Laikyti sausoje, \u0161varioje ir v\u0117sioje vietoje. Laikymo temperat\u016bra: nuo 0\u00b0C iki 25\u00b0C.<\/p>","protected":false},"excerpt":{"rendered":"<p>Kmynai tai vertingas bei labai m\u0117giamas prieskoninis augalas, jo s\u0117klos nuo seno naudojamos kepant duon\u0105, rauginant dar\u017eoves ir kt. Kilm\u0117s \u0161alis: Lietuva Energin\u0117 ir maistin\u0117 vert\u0117 100 g: 485 kcal\/2025 kJ, riebal\u0173 14,6 g, i\u0161 kuri\u0173 so\u010di\u0173j\u0173 riebal\u0173 r\u016bg\u0161\u010di\u0173 0,6 g, angliavandeni\u0173 49,9 g, i\u0161 kuri\u0173 cukr\u0173 0,6 g, baltym\u0173 19,8 g, druskos 0,04 g&#8230;.<\/p>","protected":false},"featured_media":16696,"template":"","meta":{"_acf_changed":false},"product_brand":[],"product_cat":[68],"product_tag":[],"class_list":{"0":"post-16689","1":"product","2":"type-product","3":"status-publish","4":"has-post-thumbnail","6":"product_cat-prieskoniai","7":"nt-post-class","8":"","9":"masonry-item","10":"col-lg-6","14":"excerpt-none","18":"first","19":"instock","20":"taxable","21":"shipping-taxable","22":"purchasable","23":"product-type-variable","24":"add-to-wishlist-after_add_to_cart"},"acf":[],"_links":{"self":[{"href":"https:\/\/chiaseklos.lt\/en\/wp-json\/wp\/v2\/product\/16689","targetHints":{"allow":["GET"]}}],"collection":[{"href":"https:\/\/chiaseklos.lt\/en\/wp-json\/wp\/v2\/product"}],"about":[{"href":"https:\/\/chiaseklos.lt\/en\/wp-json\/wp\/v2\/types\/product"}],"wp:featuredmedia":[{"embeddable":true,"href":"https:\/\/chiaseklos.lt\/en\/wp-json\/wp\/v2\/media\/16696"}],"wp:attachment":[{"href":"https:\/\/chiaseklos.lt\/en\/wp-json\/wp\/v2\/media?parent=16689"}],"wp:term":[{"taxonomy":"product_brand","embeddable":true,"href":"https:\/\/chiaseklos.lt\/en\/wp-json\/wp\/v2\/product_brand?post=16689"},{"taxonomy":"product_cat","embeddable":true,"href":"https:\/\/chiaseklos.lt\/en\/wp-json\/wp\/v2\/product_cat?post=16689"},{"taxonomy":"product_tag","embeddable":true,"href":"https:\/\/chiaseklos.lt\/en\/wp-json\/wp\/v2\/product_tag?post=16689"}],"curies":[{"name":"wp","href":"https:\/\/api.w.org\/{rel}","templated":true}]}}