{"id":16493,"date":"2021-07-28T07:36:11","date_gmt":"2021-07-28T07:36:11","guid":{"rendered":"http:\/\/chiaseklos.lt\/?post_type=product&#038;p=16493"},"modified":"2026-01-16T13:56:50","modified_gmt":"2026-01-16T13:56:50","slug":"eritritolis","status":"publish","type":"product","link":"https:\/\/chiaseklos.lt\/en\/product\/eritritolis\/","title":{"rendered":"Saldiklis eritritolis"},"content":{"rendered":"<h3 class=\"h2 fl\">Saldiklis eritritolis<\/h3>\n<p>Tai nat\u016bralus saldiklis &#8211;\u00a0kurio saldumas prilygsta 70% cukraus. Prid\u0117tinio cukraus alternatyva \u012fvairiems patiekalams ir g\u0117rimams pasaldinti.<\/p>\n<p>Eritritolis neturi kalorij\u0173 ir nekenkia dantims.<\/p>\n<p>Sudedamosios dalys:\u00a0granuliuotas eritritolis<\/p>\n<p>Naudojimo instrukcija: tinka kar\u0161tiems ir \u0161altiems g\u0117rimams bei kepiniams saldinti. Ribotai naudoti maisto produktuose. Vartojant dideliais kiekiais gali tur\u0117ti vidurius laisvinant\u012f poreik\u012f.<\/p>\n<p>Maistin\u0117 vert\u0117:<\/p>\n<table border=\"1\">\n<tbody>\n<tr>\n<td>Energin\u0117 vert\u0117:\u00a0 100 g &#8211;<\/td>\n<td>\u00a0 \u00a00 kJ \/ 0 kcal<\/td>\n<\/tr>\n<tr>\n<td>Riebalai<\/td>\n<td>\u00a0 \u00a00 g<\/td>\n<\/tr>\n<tr>\n<td>&#8211; i\u0161 j\u0173 so\u010di\u0173j\u0173 riebal\u0173 r\u016bg\u0161\u010di\u0173<\/td>\n<td>\u00a0 \u00a00 g<\/td>\n<\/tr>\n<tr>\n<td>Angliavandeniai<\/td>\n<td>\u00a0 \u00a0100 g<\/td>\n<\/tr>\n<tr>\n<td>&#8211; i\u0161 j\u0173 cukr\u0173<\/td>\n<td>\u00a0 \u00a00 g<\/td>\n<\/tr>\n<tr>\n<td>&#8211; i\u0161 j\u0173 polioli\u0173<\/td>\n<td>\u00a0 \u00a0100 g<\/td>\n<\/tr>\n<tr>\n<td>Skaidulin\u0117s med\u017eiagos<\/td>\n<td>\u00a0 \u00a00 g<\/td>\n<\/tr>\n<tr>\n<td>Baltymai<\/td>\n<td>\u00a0 \u00a00 g<\/td>\n<\/tr>\n<tr>\n<td>Druska<\/td>\n<td>\u00a0 \u00a00 g<\/td>\n<\/tr>\n<\/tbody>\n<\/table>\n<p>Laikymo s\u0105lygos: laikyti sausoje, v\u0117sioje vietoje, vengti tiesiogini\u0173 saul\u0117s spinduli\u0173.<\/p>\n<p>&nbsp;<\/p>","protected":false},"excerpt":{"rendered":"<p>Saldiklis eritritolis Tai nat\u016bralus saldiklis &#8211;\u00a0kurio saldumas prilygsta 70% cukraus. Prid\u0117tinio cukraus alternatyva \u012fvairiems patiekalams ir g\u0117rimams pasaldinti. Eritritolis neturi kalorij\u0173 ir nekenkia dantims. Sudedamosios dalys:\u00a0granuliuotas eritritolis Naudojimo instrukcija: tinka kar\u0161tiems ir \u0161altiems g\u0117rimams bei kepiniams saldinti. Ribotai naudoti maisto produktuose. Vartojant dideliais kiekiais gali tur\u0117ti vidurius laisvinant\u012f poreik\u012f. Maistin\u0117 vert\u0117: Energin\u0117 vert\u0117:\u00a0 100 g&#8230;<\/p>","protected":false},"featured_media":16497,"template":"","meta":{"_acf_changed":false},"product_brand":[],"product_cat":[65,63],"product_tag":[],"class_list":{"0":"post-16493","1":"product","2":"type-product","3":"status-publish","4":"has-post-thumbnail","6":"product_cat-supermaistas","7":"product_cat-arbatos","8":"nt-post-class","9":"","10":"masonry-item","11":"col-lg-6","15":"excerpt-none","19":"first","20":"instock","21":"taxable","22":"shipping-taxable","23":"purchasable","24":"product-type-variable","25":"add-to-wishlist-after_add_to_cart"},"acf":[],"_links":{"self":[{"href":"https:\/\/chiaseklos.lt\/en\/wp-json\/wp\/v2\/product\/16493","targetHints":{"allow":["GET"]}}],"collection":[{"href":"https:\/\/chiaseklos.lt\/en\/wp-json\/wp\/v2\/product"}],"about":[{"href":"https:\/\/chiaseklos.lt\/en\/wp-json\/wp\/v2\/types\/product"}],"wp:featuredmedia":[{"embeddable":true,"href":"https:\/\/chiaseklos.lt\/en\/wp-json\/wp\/v2\/media\/16497"}],"wp:attachment":[{"href":"https:\/\/chiaseklos.lt\/en\/wp-json\/wp\/v2\/media?parent=16493"}],"wp:term":[{"taxonomy":"product_brand","embeddable":true,"href":"https:\/\/chiaseklos.lt\/en\/wp-json\/wp\/v2\/product_brand?post=16493"},{"taxonomy":"product_cat","embeddable":true,"href":"https:\/\/chiaseklos.lt\/en\/wp-json\/wp\/v2\/product_cat?post=16493"},{"taxonomy":"product_tag","embeddable":true,"href":"https:\/\/chiaseklos.lt\/en\/wp-json\/wp\/v2\/product_tag?post=16493"}],"curies":[{"name":"wp","href":"https:\/\/api.w.org\/{rel}","templated":true}]}}