{"id":16488,"date":"2021-07-28T07:02:42","date_gmt":"2021-07-28T07:02:42","guid":{"rendered":"http:\/\/chiaseklos.lt\/?post_type=product&#038;p=16488"},"modified":"2026-03-09T13:22:18","modified_gmt":"2026-03-09T13:22:18","slug":"ksilitolis-berzu-cukrus","status":"publish","type":"product","link":"https:\/\/chiaseklos.lt\/en\/product\/ksilitolis-berzu-cukrus\/","title":{"rendered":"Ksilitolis (ber\u017e\u0173 cukrus)"},"content":{"rendered":"<p data-start=\"287\" data-end=\"357\"><strong data-start=\"287\" data-end=\"355\">Ksilitolis (ber\u017e\u0173 cukrus) \u2013 nat\u016bralus saldiklis j\u016bs\u0173 patiekalams<\/strong><\/p>\n<p data-start=\"0\" data-end=\"440\"><strong data-start=\"0\" data-end=\"29\">Ksilitolis (ber\u017e\u0173 cukrus)<\/strong> \u2013 tai nat\u016bralios kilm\u0117s saldiklis, kuris da\u017enai pasirenkamas kaip alternatyva \u012fprastam cukrui. \u0160is produktas pasi\u017eymi maloniu saldumu ir skoniu, labai pana\u0161iu \u012f tradicin\u012f balt\u0105j\u012f cukr\u0173, tod\u0117l gali b\u016bti lengvai naudojamas kasdien\u0117je mityboje. <strong data-start=\"272\" data-end=\"286\">Ksilitolis<\/strong> pla\u010diai naudojamas saldinti g\u0117rimus, desertus, kepinius ir \u012fvairius kitus patiekalus, kai norima i\u0161laikyti saldum\u0105, ta\u010diau rinktis kitok\u012f saldinimo b\u016bd\u0105.<\/p>\n<p data-start=\"442\" data-end=\"875\">Ksilitolis priklauso <strong data-start=\"463\" data-end=\"495\">cukraus alkoholi\u0173 (polioli\u0173)<\/strong> grupei. Tai nat\u016braliai gamtoje aptinkama med\u017eiaga, randama nedideliais kiekiais \u012fvairiuose augaluose, vaisiuose ir dar\u017eov\u0117se. Pramon\u0117je ksilitolis da\u017eniausiai i\u0161gaunamas i\u0161 augalin\u0117s kilm\u0117s \u017ealiav\u0173, pavyzd\u017eiui, medienos ar augalini\u0173 skaidul\u0173. D\u0117l savo savybi\u0173 \u0161is saldiklis tapo populiarus daugelyje pasaulio \u0161ali\u0173 ir da\u017enai naudojamas maisto gaminiuose kaip cukraus alternatyva.<\/p>\n<p data-start=\"877\" data-end=\"1244\">Vienas i\u0161 ksilitolio privalum\u0173 \u2013 jo <strong data-start=\"913\" data-end=\"955\">saldumas labai pana\u0161us \u012f \u012fprast\u0105 cukr\u0173<\/strong>, tod\u0117l j\u012f paprasta naudoti \u012fvairiuose receptuose. Daugeliu atvej\u0173 ksilitol\u012f galima naudoti pana\u0161iais kiekiais kaip ir cukr\u0173, tod\u0117l jis puikiai tinka tiek kasdieniams patiekalams, tiek kepiniams. <strong data-start=\"1151\" data-end=\"1167\">Ber\u017e\u0173 cukrus<\/strong> pasi\u017eymi \u0161variu, maloniu skoniu ir nesuteikia kartumo ar dirbtinio poskonio.<\/p>\n<p data-start=\"1246\" data-end=\"1588\"><strong data-start=\"1246\" data-end=\"1275\">Ksilitolis (ber\u017e\u0173 cukrus)<\/strong> yra labai universalus virtuv\u0117je. Juo galima saldinti <strong data-start=\"1329\" data-end=\"1382\">arbat\u0105, kav\u0105, kakav\u0105, glotnu\u010dius ar kitus g\u0117rimus<\/strong>. Taip pat ksilitolis puikiai tinka ruo\u0161iant <strong data-start=\"1427\" data-end=\"1502\">kepinius, sausainius, pyragus, desertus ar \u012fvairius sald\u017eius patiekalus<\/strong>. D\u0117l savo savybi\u0173 jis gali b\u016bti naudojamas daugelyje recept\u0173 vietoje \u012fprasto cukraus.<\/p>\n<p data-start=\"1590\" data-end=\"1895\">\u0160is saldiklis da\u017enai pasirenkamas \u017emoni\u0173, kurie ie\u0161ko \u012fvairi\u0173 saldinimo alternatyv\u0173 ir siekia didesn\u0117s \u012fvairov\u0117s savo mityboje. <strong data-start=\"1718\" data-end=\"1732\">Ksilitolis<\/strong> yra patogus naudoti, nes lengvai tirpsta ir gerai dera su \u012fvairiais ingredientais. D\u0117l neutralios spalvos ir skonio jis nepakei\u010dia patiekal\u0173 i\u0161vaizdos ar aromato.<\/p>\n<p data-start=\"1897\" data-end=\"2164\"><strong data-start=\"1897\" data-end=\"1926\">Vartojimo rekomendacijos.<\/strong><br data-start=\"1926\" data-end=\"1929\" \/>Ksilitol\u012f galima naudoti pagal skon\u012f, kaip ir \u012fprast\u0105 cukr\u0173. Juo galima saldinti g\u0117rimus, naudoti kepiniuose, desertuose ar kituose patiekaluose. Pradedant vartoti rekomenduojama prad\u0117ti nuo ma\u017eesni\u0173 kieki\u0173 ir palaipsniui juos didinti.<\/p>\n<p data-start=\"2166\" data-end=\"2475\"><strong data-start=\"2166\" data-end=\"2189\">Svarbi informacija.<\/strong><br data-start=\"2189\" data-end=\"2192\" \/>Per didelis ksilitolio vartojimas gali sukelti vidurius laisvinant\u012f poveik\u012f. Produkt\u0105 rekomenduojama vartoti saikingai kaip ir kitus saldiklius. Taip pat svarbu laikyti produkt\u0105 <strong data-start=\"2370\" data-end=\"2415\">nepasiekiamoje vietoje naminiams gyv\u016bnams<\/strong>, nes didesnis ksilitolio kiekis gali b\u016bti jiems pavojingas.<\/p>\n<p data-start=\"2166\" data-end=\"2475\"><strong data-start=\"2477\" data-end=\"2500\">Sudedamosios dalys:<\/strong> 100 % ksilitolis (ber\u017e\u0173 cukrus).<\/p>\n<p><strong>Laikymo s\u0105lygos:\u00a0<\/strong>atidarius laikyti sandarioje pakuot\u0117je, sausoje, v\u0117sioje (&lt; 20\u00b0C) vietoje, atokiai nuo tiesiogini\u0173 saul\u0117s spinduli\u0173.<\/p>\n<p>Kilm\u0117s \u0161alis: Suomija<\/p>\n<p>Maistin\u0117 vert\u0117:<\/p>\n<table border=\"1\">\n<tbody>\n<tr>\n<td>Energin\u0117 vert\u0117:\u00a0 100 g &#8211;<\/td>\n<td>\u00a0 \u00a01000 kJ \/ 240 kcal<\/td>\n<\/tr>\n<tr>\n<td>Riebalai<\/td>\n<td>\u00a0 \u00a00 g<\/td>\n<\/tr>\n<tr>\n<td>&#8211; i\u0161 j\u0173 so\u010di\u0173j\u0173 riebal\u0173 r\u016bg\u0161\u010di\u0173<\/td>\n<td>\u00a0 \u00a00 g<\/td>\n<\/tr>\n<tr>\n<td>Angliavandeniai<\/td>\n<td>\u00a0 \u00a099,5 g<\/td>\n<\/tr>\n<tr>\n<td>&#8211; i\u0161 j\u0173 cukr\u0173<\/td>\n<td>\u00a0 \u00a00 g<\/td>\n<\/tr>\n<tr>\n<td>&#8211; i\u0161 j\u0173 polioli\u0173<\/td>\n<td>\u00a0 \u00a099,5 g<\/td>\n<\/tr>\n<tr>\n<td>Skaidulin\u0117s med\u017eiagos<\/td>\n<td>\u00a0 \u00a00 g<\/td>\n<\/tr>\n<tr>\n<td>Baltymai<\/td>\n<td>\u00a0 \u00a00 g<\/td>\n<\/tr>\n<tr>\n<td>Druska<\/td>\n<td>\u00a0 \u00a00 g<\/td>\n<\/tr>\n<\/tbody>\n<\/table>\n<p>&nbsp;<\/p>","protected":false},"excerpt":{"rendered":"<p>Ksilitolis (ber\u017e\u0173 cukrus) \u2013 nat\u016bralus saldiklis j\u016bs\u0173 patiekalams Ksilitolis (ber\u017e\u0173 cukrus) \u2013 tai nat\u016bralios kilm\u0117s saldiklis, kuris da\u017enai pasirenkamas kaip alternatyva \u012fprastam cukrui. \u0160is produktas pasi\u017eymi maloniu saldumu ir skoniu, labai pana\u0161iu \u012f tradicin\u012f balt\u0105j\u012f cukr\u0173, tod\u0117l gali b\u016bti lengvai naudojamas kasdien\u0117je mityboje. Ksilitolis pla\u010diai naudojamas saldinti g\u0117rimus, desertus, kepinius ir \u012fvairius kitus patiekalus, kai&#8230;<\/p>","protected":false},"featured_media":34720,"template":"","meta":{"_acf_changed":false},"product_brand":[],"product_cat":[65,63],"product_tag":[],"class_list":{"0":"post-16488","1":"product","2":"type-product","3":"status-publish","4":"has-post-thumbnail","6":"product_cat-supermaistas","7":"product_cat-arbatos","8":"nt-post-class","9":"","10":"masonry-item","11":"col-lg-6","15":"excerpt-none","19":"first","20":"instock","21":"taxable","22":"shipping-taxable","23":"purchasable","24":"product-type-variable","25":"add-to-wishlist-after_add_to_cart"},"acf":[],"_links":{"self":[{"href":"https:\/\/chiaseklos.lt\/en\/wp-json\/wp\/v2\/product\/16488","targetHints":{"allow":["GET"]}}],"collection":[{"href":"https:\/\/chiaseklos.lt\/en\/wp-json\/wp\/v2\/product"}],"about":[{"href":"https:\/\/chiaseklos.lt\/en\/wp-json\/wp\/v2\/types\/product"}],"wp:featuredmedia":[{"embeddable":true,"href":"https:\/\/chiaseklos.lt\/en\/wp-json\/wp\/v2\/media\/34720"}],"wp:attachment":[{"href":"https:\/\/chiaseklos.lt\/en\/wp-json\/wp\/v2\/media?parent=16488"}],"wp:term":[{"taxonomy":"product_brand","embeddable":true,"href":"https:\/\/chiaseklos.lt\/en\/wp-json\/wp\/v2\/product_brand?post=16488"},{"taxonomy":"product_cat","embeddable":true,"href":"https:\/\/chiaseklos.lt\/en\/wp-json\/wp\/v2\/product_cat?post=16488"},{"taxonomy":"product_tag","embeddable":true,"href":"https:\/\/chiaseklos.lt\/en\/wp-json\/wp\/v2\/product_tag?post=16488"}],"curies":[{"name":"wp","href":"https:\/\/api.w.org\/{rel}","templated":true}]}}