{"id":16473,"date":"2021-07-27T13:21:21","date_gmt":"2021-07-27T13:21:21","guid":{"rendered":"http:\/\/chiaseklos.lt\/?post_type=product&#038;p=16473"},"modified":"2025-12-08T14:46:19","modified_gmt":"2025-12-08T14:46:19","slug":"chlorella-tabletes","status":"publish","type":"product","link":"https:\/\/chiaseklos.lt\/en\/product\/chlorella-tabletes\/","title":{"rendered":"Chlorella tablet\u0117s"},"content":{"rendered":"<h2 class=\"product_title entry-title\">Chlorella tablet\u0117s<\/h2>\n<p>100 g. \u2013 390 vnt table\u010di\u0173<br \/>\n300 g \u2013 1170 vnt table\u010di\u0173<\/p>\n<p><strong>Chlorella<\/strong>\u00a0(Lot.\u00a0<em>Chlorella vulgaris<\/em>) \u2013 tai g\u0117lame vandenyje augantys laisvai plaukiojantys vienal\u0105s\u010diai \u017ealieji mikrodumbliai (fitoplanktonas). Itin turtingi chlorofilo. D\u0117l savo ypating\u0173 maistini\u0173 savybi\u0173 chlorela vadinama <strong>supermaistu<\/strong>. Da\u017enai vartojama sportinink\u0173, norint papildyti mityb\u0105 baltymais ir vitaminais, organizmo valymui ir kt.<\/p>\n<p><strong>Sudedamosios dalys:<\/strong>\u00a01<span lang=\"en-US\">00% chlorela tablet\u0117s.\u00a0<\/span><\/p>\n<p><strong>Vartojimas:<\/strong>\u00a0Rekomenduojama vartoti po 1-2 tabletes su maistu, 1 \u2013 3 kartus dienoje, iki 6 table\u010di\u0173. Gerkite pakankamai vandens dienos b\u0117gyje. Ypa\u010d rekomenduojama prad\u0117ti nuo ma\u017eo kiekio table\u010di\u0173, j\u012f palaipsniui didinant stebint savo organizmo reakcij\u0105.<\/p>\n<p>Energin\u0117 ir maistin\u0117 vert\u0117 100g: 326 kcal\/1360 kJ, riebal\u0173 2,2 g, i\u0161 kuri\u0173 so\u010di\u0173j\u0173 riebal\u0173 r\u016bg\u0161\u010di\u0173 0,68 g, angliavandeni\u0173 17,0 g, i\u0161 kuri\u0173 cukr\u0173 0,3 g, skaidulini\u0173 med\u017eiag\u0173 12 g., baltym\u0173 53,8 g, druskos 0,2 g.<\/p>\n<p>Laikyti sausoje, v\u0117sioje vietoje. Laikymo temperat\u016bra: nuo 3\u00b0C iki 20\u00b0C.<\/p>\n<p>Kilm\u0117s \u0161alis: Kinija<\/p>\n<h5><strong>\u012eSP\u0116JIMAS<\/strong>:\u00a0Jeigu esate n\u0117\u0161\u010dia, vartojate kitus vaistus ar turite sveikatos sutrikim\u0173, prie\u0161 vartojant bet kokius papildus b\u016btinai pasitarkite su \u0161eimos gydytoju. Papildus grie\u017etai draud\u017eiama vartoti asmenims, neturintiems 18 met\u0173.\u00a0Tai yra maisto papildas ir negali b\u016bti maisto pakaitalas.<\/h5>","protected":false},"excerpt":{"rendered":"<p>Chlorella tablet\u0117s 100 g. \u2013 390 vnt table\u010di\u0173 300 g \u2013 1170 vnt table\u010di\u0173 Chlorella\u00a0(Lot.\u00a0Chlorella vulgaris) \u2013 tai g\u0117lame vandenyje augantys laisvai plaukiojantys vienal\u0105s\u010diai \u017ealieji mikrodumbliai (fitoplanktonas). Itin turtingi chlorofilo. D\u0117l savo ypating\u0173 maistini\u0173 savybi\u0173 chlorela vadinama supermaistu. Da\u017enai vartojama sportinink\u0173, norint papildyti mityb\u0105 baltymais ir vitaminais, organizmo valymui ir kt. Sudedamosios dalys:\u00a0100% chlorela tablet\u0117s.\u00a0&#8230;<\/p>","protected":false},"featured_media":16476,"template":"","meta":{"_acf_changed":false},"product_brand":[],"product_cat":[65],"product_tag":[],"class_list":{"0":"post-16473","1":"product","2":"type-product","3":"status-publish","4":"has-post-thumbnail","6":"product_cat-supermaistas","7":"nt-post-class","8":"","9":"masonry-item","10":"col-lg-6","14":"excerpt-none","18":"first","19":"instock","20":"taxable","21":"shipping-taxable","22":"purchasable","23":"product-type-variable","24":"add-to-wishlist-after_add_to_cart"},"acf":[],"_links":{"self":[{"href":"https:\/\/chiaseklos.lt\/en\/wp-json\/wp\/v2\/product\/16473","targetHints":{"allow":["GET"]}}],"collection":[{"href":"https:\/\/chiaseklos.lt\/en\/wp-json\/wp\/v2\/product"}],"about":[{"href":"https:\/\/chiaseklos.lt\/en\/wp-json\/wp\/v2\/types\/product"}],"wp:featuredmedia":[{"embeddable":true,"href":"https:\/\/chiaseklos.lt\/en\/wp-json\/wp\/v2\/media\/16476"}],"wp:attachment":[{"href":"https:\/\/chiaseklos.lt\/en\/wp-json\/wp\/v2\/media?parent=16473"}],"wp:term":[{"taxonomy":"product_brand","embeddable":true,"href":"https:\/\/chiaseklos.lt\/en\/wp-json\/wp\/v2\/product_brand?post=16473"},{"taxonomy":"product_cat","embeddable":true,"href":"https:\/\/chiaseklos.lt\/en\/wp-json\/wp\/v2\/product_cat?post=16473"},{"taxonomy":"product_tag","embeddable":true,"href":"https:\/\/chiaseklos.lt\/en\/wp-json\/wp\/v2\/product_tag?post=16473"}],"curies":[{"name":"wp","href":"https:\/\/api.w.org\/{rel}","templated":true}]}}