{"id":16450,"date":"2021-07-21T13:07:26","date_gmt":"2021-07-21T13:07:26","guid":{"rendered":"http:\/\/chiaseklos.lt\/?post_type=product&#038;p=16450"},"modified":"2026-01-16T13:53:21","modified_gmt":"2026-01-16T13:53:21","slug":"kanapine-druska","status":"publish","type":"product","link":"https:\/\/chiaseklos.lt\/en\/product\/kanapine-druska\/","title":{"rendered":"Kanapin\u0117 druska"},"content":{"rendered":"<p>Kanapin\u0117 druska<\/p>\n<p>Da\u017eniausiai m\u0117giama paberti kanapin\u0117s druskos ant bulvi\u0173, sumu\u0161tini\u0173 ar tiesiog duonos su sviestu. Tinka pagardinti ir kitus m\u0117gstamus patiekalus, salotas.<\/p>\n<p>Sudedamosios dalys: kanapi\u0173 s\u0117klos 85%, skrudinti svog\u016bnai, j\u016bros druska 7%.<\/p>\n<p>&nbsp;<\/p>\n<table border=\"0\" frame=\"void\" rules=\"none\" cellspacing=\"0\">\n<colgroup>\n<col width=\"211\" \/>\n<col width=\"79\" \/><\/colgroup>\n<tbody>\n<tr>\n<td align=\"left\" width=\"211\" height=\"19\"><b>MAISTIN\u0116 VERT\u0116 100g<\/b><\/td>\n<td align=\"left\" width=\"79\"><\/td>\n<\/tr>\n<tr>\n<td align=\"left\" height=\"26\">Energin\u0117 vert\u0117 kJ \/ kcal<\/td>\n<td align=\"left\">2446 \/ 582<\/td>\n<\/tr>\n<tr>\n<td align=\"left\" height=\"20\">Riebalai<\/td>\n<td align=\"left\">45,31 g<\/td>\n<\/tr>\n<tr>\n<td align=\"left\" height=\"20\">\u00a0 \u00a0 i\u0161 kuri\u0173\u00a0so\u010di\u0173j\u0173 riebal\u0173<\/td>\n<td align=\"left\">3,23 g<\/td>\n<\/tr>\n<tr>\n<td align=\"left\" height=\"22\">Angliavandeniai<\/td>\n<td align=\"left\">6,48 g<\/td>\n<\/tr>\n<tr>\n<td align=\"left\" height=\"20\">\u00a0 \u00a0\u00a0i\u0161 kuri\u0173 cukr\u0173<\/td>\n<td align=\"left\">0,0 g<\/td>\n<\/tr>\n<tr>\n<td align=\"left\" height=\"23\">Baltymai<\/td>\n<td align=\"left\">25,89 g<\/td>\n<\/tr>\n<tr>\n<td align=\"left\" height=\"20\">Skaidulos<\/td>\n<td align=\"left\">6,50 g<\/td>\n<\/tr>\n<tr>\n<td align=\"left\" height=\"20\">Druska<\/td>\n<td align=\"left\">1,13 g<\/td>\n<\/tr>\n<\/tbody>\n<\/table>\n<p>Kilm\u0117s \u0161alis: Lietuva<\/p>\n<p>&nbsp;<\/p>","protected":false},"excerpt":{"rendered":"<p>Kanapin\u0117 druska Da\u017eniausiai m\u0117giama paberti kanapin\u0117s druskos ant bulvi\u0173, sumu\u0161tini\u0173 ar tiesiog duonos su sviestu. Tinka pagardinti ir kitus m\u0117gstamus patiekalus, salotas. Sudedamosios dalys: kanapi\u0173 s\u0117klos 85%, skrudinti svog\u016bnai, j\u016bros druska 7%. &nbsp; MAISTIN\u0116 VERT\u0116 100g Energin\u0117 vert\u0117 kJ \/ kcal 2446 \/ 582 Riebalai 45,31 g \u00a0 \u00a0 i\u0161 kuri\u0173\u00a0so\u010di\u0173j\u0173 riebal\u0173 3,23 g Angliavandeniai&#8230;<\/p>","protected":false},"featured_media":16453,"template":"","meta":{"_acf_changed":false},"product_brand":[],"product_cat":[17,65],"product_tag":[],"class_list":{"0":"post-16450","1":"product","2":"type-product","3":"status-publish","4":"has-post-thumbnail","6":"product_cat-seklos","7":"product_cat-supermaistas","8":"nt-post-class","9":"","10":"masonry-item","11":"col-lg-6","15":"excerpt-none","19":"first","20":"instock","21":"taxable","22":"shipping-taxable","23":"purchasable","24":"product-type-variable","25":"add-to-wishlist-after_add_to_cart"},"acf":[],"_links":{"self":[{"href":"https:\/\/chiaseklos.lt\/en\/wp-json\/wp\/v2\/product\/16450","targetHints":{"allow":["GET"]}}],"collection":[{"href":"https:\/\/chiaseklos.lt\/en\/wp-json\/wp\/v2\/product"}],"about":[{"href":"https:\/\/chiaseklos.lt\/en\/wp-json\/wp\/v2\/types\/product"}],"wp:featuredmedia":[{"embeddable":true,"href":"https:\/\/chiaseklos.lt\/en\/wp-json\/wp\/v2\/media\/16453"}],"wp:attachment":[{"href":"https:\/\/chiaseklos.lt\/en\/wp-json\/wp\/v2\/media?parent=16450"}],"wp:term":[{"taxonomy":"product_brand","embeddable":true,"href":"https:\/\/chiaseklos.lt\/en\/wp-json\/wp\/v2\/product_brand?post=16450"},{"taxonomy":"product_cat","embeddable":true,"href":"https:\/\/chiaseklos.lt\/en\/wp-json\/wp\/v2\/product_cat?post=16450"},{"taxonomy":"product_tag","embeddable":true,"href":"https:\/\/chiaseklos.lt\/en\/wp-json\/wp\/v2\/product_tag?post=16450"}],"curies":[{"name":"wp","href":"https:\/\/api.w.org\/{rel}","templated":true}]}}