{"id":16444,"date":"2021-07-21T12:29:48","date_gmt":"2021-07-21T12:29:48","guid":{"rendered":"http:\/\/chiaseklos.lt\/?post_type=product&#038;p=16444"},"modified":"2025-02-05T18:03:52","modified_gmt":"2025-02-05T18:03:52","slug":"pankoliu-seklos","status":"publish","type":"product","link":"https:\/\/chiaseklos.lt\/en\/product\/pankoliu-seklos\/","title":{"rendered":"Pankoli\u0173 s\u0117klos"},"content":{"rendered":"<h3 class=\"product-title\">Pankoli\u0173 s\u0117klos<\/h3>\n<p><span style=\"color: #282828;\">Pankolio s\u0117klos yra malonaus lengvo kvapo, saldaus skonio, primenantis saldymed\u012f. Pankolio s\u0117klos da\u017enai naudojamos po valgio, kaip burnos gaiviklis, jas tiesiog kramtant.<\/span><\/p>\n<p><span style=\"color: #282828;\">Pankoliai puikiai tinka naudoti\u00a0 ruo\u0161iant kiaulien\u0105, \u0117rien\u0105, riebi\u0105 \u017euv\u012f (lydek\u0105, la\u0161i\u0161\u0105, skumbr\u0119).<\/span><\/p>\n<p><span style=\"color: #282828;\">Maistin\u0117 vert\u0117: (100g) \u2013 31 kcal; vanduo 90,2 ml; riebal\u0173 0,2 g (i\u0161 j\u0173 so\u010di\u0173j\u0173 0,1 g), angliavandeni\u0173 7,3 g (i\u0161 j\u0173 cukr\u0173 3,9 g), skaidulini\u0173 med\u017eiag\u0173 3,1 g, baltym\u0173 1,2 g, druskos &lt;0.1 g.<\/span><\/p>\n<p><span style=\"color: #282828;\">Laikyti sausoje v\u0117sioje vietoje.<\/span><\/p>\n<p><span style=\"color: #282828;\">Kilm\u0117s \u0161alis: Indija\/Egiptas<\/span><\/p>\n<p>&nbsp;<\/p>","protected":false},"excerpt":{"rendered":"<p>Pankoli\u0173 s\u0117klos Pankolio s\u0117klos yra malonaus lengvo kvapo, saldaus skonio, primenantis saldymed\u012f. Pankolio s\u0117klos da\u017enai naudojamos po valgio, kaip burnos gaiviklis, jas tiesiog kramtant. Pankoliai puikiai tinka naudoti\u00a0 ruo\u0161iant kiaulien\u0105, \u0117rien\u0105, riebi\u0105 \u017euv\u012f (lydek\u0105, la\u0161i\u0161\u0105, skumbr\u0119). Maistin\u0117 vert\u0117: (100g) \u2013 31 kcal; vanduo 90,2 ml; riebal\u0173 0,2 g (i\u0161 j\u0173 so\u010di\u0173j\u0173 0,1 g), angliavandeni\u0173 7,3&#8230;<\/p>","protected":false},"featured_media":16446,"template":"","meta":{"_acf_changed":false},"product_brand":[],"product_cat":[17,68,63],"product_tag":[],"class_list":{"0":"post-16444","1":"product","2":"type-product","3":"status-publish","4":"has-post-thumbnail","6":"product_cat-seklos","7":"product_cat-prieskoniai","8":"product_cat-arbatos","9":"nt-post-class","10":"","11":"masonry-item","12":"col-lg-6","16":"excerpt-none","20":"first","21":"instock","22":"taxable","23":"shipping-taxable","24":"purchasable","25":"product-type-variable","26":"add-to-wishlist-after_add_to_cart"},"acf":[],"_links":{"self":[{"href":"https:\/\/chiaseklos.lt\/en\/wp-json\/wp\/v2\/product\/16444","targetHints":{"allow":["GET"]}}],"collection":[{"href":"https:\/\/chiaseklos.lt\/en\/wp-json\/wp\/v2\/product"}],"about":[{"href":"https:\/\/chiaseklos.lt\/en\/wp-json\/wp\/v2\/types\/product"}],"wp:featuredmedia":[{"embeddable":true,"href":"https:\/\/chiaseklos.lt\/en\/wp-json\/wp\/v2\/media\/16446"}],"wp:attachment":[{"href":"https:\/\/chiaseklos.lt\/en\/wp-json\/wp\/v2\/media?parent=16444"}],"wp:term":[{"taxonomy":"product_brand","embeddable":true,"href":"https:\/\/chiaseklos.lt\/en\/wp-json\/wp\/v2\/product_brand?post=16444"},{"taxonomy":"product_cat","embeddable":true,"href":"https:\/\/chiaseklos.lt\/en\/wp-json\/wp\/v2\/product_cat?post=16444"},{"taxonomy":"product_tag","embeddable":true,"href":"https:\/\/chiaseklos.lt\/en\/wp-json\/wp\/v2\/product_tag?post=16444"}],"curies":[{"name":"wp","href":"https:\/\/api.w.org\/{rel}","templated":true}]}}