{"id":16304,"date":"2021-06-18T12:58:43","date_gmt":"2021-06-18T12:58:43","guid":{"rendered":"http:\/\/chiaseklos.lt\/?post_type=product&#038;p=16304"},"modified":"2024-04-16T08:56:33","modified_gmt":"2024-04-16T08:56:33","slug":"prieskoniu-misinys-kiaulienai-50g","status":"publish","type":"product","link":"https:\/\/chiaseklos.lt\/en\/product\/prieskoniu-misinys-kiaulienai-50g\/","title":{"rendered":"Prieskoni\u0173 mi\u0161inys Kiaulienai 50g."},"content":{"rendered":"<p>Prieskoni\u0173 mi\u0161inys Kiaulienai 50g<\/p>\n<p>Puikiai tinka kiaulienos ir kitos m\u0117sos marinavimui, patiekalams i\u0161 smulkintos m\u0117sos, tro\u0161kiniams bei u\u017ekep\u0117l\u0117ms.<\/p>\n<p>Prieskoniai (\u010desnakai,GARSTY\u010cIOS, svog\u016bnai, kmynai, karis, juodieji pipirai, \u010dili paprikos, ciber\u017eol\u0117s, bazilikai, mair\u016bnai, \u010diobreliai, petra\u017eol\u0117s)-100 %<\/p>","protected":false},"excerpt":{"rendered":"<p>Prieskoni\u0173 mi\u0161inys Kiaulienai 50g Puikiai tinka kiaulienos ir kitos m\u0117sos marinavimui, patiekalams i\u0161 smulkintos m\u0117sos, tro\u0161kiniams bei u\u017ekep\u0117l\u0117ms. Prieskoniai (\u010desnakai,GARSTY\u010cIOS, svog\u016bnai, kmynai, karis, juodieji pipirai, \u010dili paprikos, ciber\u017eol\u0117s, bazilikai, mair\u016bnai, \u010diobreliai, petra\u017eol\u0117s)-100 %<\/p>","protected":false},"featured_media":16305,"template":"","meta":{"_acf_changed":false},"product_brand":[],"product_cat":[68],"product_tag":[],"class_list":{"0":"post-16304","1":"product","2":"type-product","3":"status-publish","4":"has-post-thumbnail","6":"product_cat-prieskoniai","7":"nt-post-class","8":"","9":"masonry-item","10":"col-lg-6","14":"excerpt-none","18":"first","19":"instock","20":"taxable","21":"shipping-taxable","22":"purchasable","23":"product-type-simple","24":"add-to-wishlist-after_add_to_cart"},"acf":[],"_links":{"self":[{"href":"https:\/\/chiaseklos.lt\/en\/wp-json\/wp\/v2\/product\/16304","targetHints":{"allow":["GET"]}}],"collection":[{"href":"https:\/\/chiaseklos.lt\/en\/wp-json\/wp\/v2\/product"}],"about":[{"href":"https:\/\/chiaseklos.lt\/en\/wp-json\/wp\/v2\/types\/product"}],"wp:featuredmedia":[{"embeddable":true,"href":"https:\/\/chiaseklos.lt\/en\/wp-json\/wp\/v2\/media\/16305"}],"wp:attachment":[{"href":"https:\/\/chiaseklos.lt\/en\/wp-json\/wp\/v2\/media?parent=16304"}],"wp:term":[{"taxonomy":"product_brand","embeddable":true,"href":"https:\/\/chiaseklos.lt\/en\/wp-json\/wp\/v2\/product_brand?post=16304"},{"taxonomy":"product_cat","embeddable":true,"href":"https:\/\/chiaseklos.lt\/en\/wp-json\/wp\/v2\/product_cat?post=16304"},{"taxonomy":"product_tag","embeddable":true,"href":"https:\/\/chiaseklos.lt\/en\/wp-json\/wp\/v2\/product_tag?post=16304"}],"curies":[{"name":"wp","href":"https:\/\/api.w.org\/{rel}","templated":true}]}}