{"id":16301,"date":"2021-06-18T12:54:30","date_gmt":"2021-06-18T12:54:30","guid":{"rendered":"http:\/\/chiaseklos.lt\/?post_type=product&#038;p=16301"},"modified":"2025-12-10T08:20:49","modified_gmt":"2025-12-10T08:20:49","slug":"prieskoniai-bulvems-be-druskos-50g","status":"publish","type":"product","link":"https:\/\/chiaseklos.lt\/en\/product\/prieskoniai-bulvems-be-druskos-50g\/","title":{"rendered":"Prieskoniai Bulv\u0117ms be druskos  50g"},"content":{"rendered":"<p><strong>Prieskoniai Bulv\u0117ms be druskos\u00a0 50g.<\/strong><\/p>\n<p>Prieskoni\u0173 mi\u0161inys skirtas gardinti orkait\u0117je ar keptuv\u0117je kepamas bulves. Taip pat puikiai tinka dar\u017eov\u0117ms bei kiaulienai.<\/p>\n<p>Sud\u0117tis: Prieskoniai (\u010desnakai, svog\u016bnai, kmynai, juodieji pipirai, ciber\u017eol\u0117, krapai, petra\u017eol\u0117s) &#8211; 100 %.<\/p>","protected":false},"excerpt":{"rendered":"<p>Prieskoniai Bulv\u0117ms be druskos\u00a0 50g. Prieskoni\u0173 mi\u0161inys skirtas gardinti orkait\u0117je ar keptuv\u0117je kepamas bulves. Taip pat puikiai tinka dar\u017eov\u0117ms bei kiaulienai. Sud\u0117tis: Prieskoniai (\u010desnakai, svog\u016bnai, kmynai, juodieji pipirai, ciber\u017eol\u0117, krapai, petra\u017eol\u0117s) &#8211; 100 %.<\/p>","protected":false},"featured_media":16302,"template":"","meta":{"_acf_changed":false},"product_brand":[],"product_cat":[68],"product_tag":[],"class_list":{"0":"post-16301","1":"product","2":"type-product","3":"status-publish","4":"has-post-thumbnail","6":"product_cat-prieskoniai","7":"nt-post-class","8":"","9":"masonry-item","10":"col-lg-6","14":"excerpt-none","18":"first","19":"instock","20":"taxable","21":"shipping-taxable","22":"purchasable","23":"product-type-simple","24":"add-to-wishlist-after_add_to_cart"},"acf":[],"_links":{"self":[{"href":"https:\/\/chiaseklos.lt\/en\/wp-json\/wp\/v2\/product\/16301","targetHints":{"allow":["GET"]}}],"collection":[{"href":"https:\/\/chiaseklos.lt\/en\/wp-json\/wp\/v2\/product"}],"about":[{"href":"https:\/\/chiaseklos.lt\/en\/wp-json\/wp\/v2\/types\/product"}],"wp:featuredmedia":[{"embeddable":true,"href":"https:\/\/chiaseklos.lt\/en\/wp-json\/wp\/v2\/media\/16302"}],"wp:attachment":[{"href":"https:\/\/chiaseklos.lt\/en\/wp-json\/wp\/v2\/media?parent=16301"}],"wp:term":[{"taxonomy":"product_brand","embeddable":true,"href":"https:\/\/chiaseklos.lt\/en\/wp-json\/wp\/v2\/product_brand?post=16301"},{"taxonomy":"product_cat","embeddable":true,"href":"https:\/\/chiaseklos.lt\/en\/wp-json\/wp\/v2\/product_cat?post=16301"},{"taxonomy":"product_tag","embeddable":true,"href":"https:\/\/chiaseklos.lt\/en\/wp-json\/wp\/v2\/product_tag?post=16301"}],"curies":[{"name":"wp","href":"https:\/\/api.w.org\/{rel}","templated":true}]}}