{"id":16298,"date":"2021-06-18T12:42:31","date_gmt":"2021-06-18T12:42:31","guid":{"rendered":"http:\/\/chiaseklos.lt\/?post_type=product&#038;p=16298"},"modified":"2024-05-06T09:00:10","modified_gmt":"2024-05-06T09:00:10","slug":"universalus-prieskoniu-misinys-50g","status":"publish","type":"product","link":"https:\/\/chiaseklos.lt\/en\/product\/universalus-prieskoniu-misinys-50g\/","title":{"rendered":"Universalus prieskoni\u0173 mi\u0161inys  50g."},"content":{"rendered":"<p>Universalus prieskoni\u0173 mi\u0161inys 50g.<\/p>\n<p>Tinka visiems patiekalams gardinti.<\/p>\n<p>Prieskoniai (\u010desnakai, morkos, svog\u016bnai, pastarnokai, petra\u017eol\u0117s, ciber\u017eol\u0117) -59 %, druska, dekstroz\u0117.<\/p>","protected":false},"excerpt":{"rendered":"<p>Universalus prieskoni\u0173 mi\u0161inys 50g. Tinka visiems patiekalams gardinti. Prieskoniai (\u010desnakai, morkos, svog\u016bnai, pastarnokai, petra\u017eol\u0117s, ciber\u017eol\u0117) -59 %, druska, dekstroz\u0117.<\/p>","protected":false},"featured_media":16299,"template":"","meta":{"_acf_changed":false},"product_brand":[],"product_cat":[68],"product_tag":[],"class_list":{"0":"post-16298","1":"product","2":"type-product","3":"status-publish","4":"has-post-thumbnail","6":"product_cat-prieskoniai","7":"nt-post-class","8":"","9":"masonry-item","10":"col-lg-6","14":"excerpt-none","18":"first","19":"instock","20":"taxable","21":"shipping-taxable","22":"purchasable","23":"product-type-simple","24":"add-to-wishlist-after_add_to_cart"},"acf":[],"_links":{"self":[{"href":"https:\/\/chiaseklos.lt\/en\/wp-json\/wp\/v2\/product\/16298","targetHints":{"allow":["GET"]}}],"collection":[{"href":"https:\/\/chiaseklos.lt\/en\/wp-json\/wp\/v2\/product"}],"about":[{"href":"https:\/\/chiaseklos.lt\/en\/wp-json\/wp\/v2\/types\/product"}],"wp:featuredmedia":[{"embeddable":true,"href":"https:\/\/chiaseklos.lt\/en\/wp-json\/wp\/v2\/media\/16299"}],"wp:attachment":[{"href":"https:\/\/chiaseklos.lt\/en\/wp-json\/wp\/v2\/media?parent=16298"}],"wp:term":[{"taxonomy":"product_brand","embeddable":true,"href":"https:\/\/chiaseklos.lt\/en\/wp-json\/wp\/v2\/product_brand?post=16298"},{"taxonomy":"product_cat","embeddable":true,"href":"https:\/\/chiaseklos.lt\/en\/wp-json\/wp\/v2\/product_cat?post=16298"},{"taxonomy":"product_tag","embeddable":true,"href":"https:\/\/chiaseklos.lt\/en\/wp-json\/wp\/v2\/product_tag?post=16298"}],"curies":[{"name":"wp","href":"https:\/\/api.w.org\/{rel}","templated":true}]}}