{"id":16292,"date":"2021-06-18T12:30:20","date_gmt":"2021-06-18T12:30:20","guid":{"rendered":"http:\/\/chiaseklos.lt\/?post_type=product&#038;p=16292"},"modified":"2026-02-28T13:57:01","modified_gmt":"2026-02-28T13:57:01","slug":"provanso-zoleles-50-g","status":"publish","type":"product","link":"https:\/\/chiaseklos.lt\/en\/product\/provanso-zoleles-50-g\/","title":{"rendered":"Provanso \u017eolel\u0117s 50 g."},"content":{"rendered":"<p>Provanso \u017eolel\u0117s 50g<\/p>\n<p>Vartojamas salot\u0173 pada\u017eams, dar\u017eovi\u0173, m\u0117sos,laukinienos patiekalams, marinatams gardinti.<\/p>\n<p>Sud\u0117tis: Prieskoniai: rozmarinas,bazilikas,mair\u016bnas,raudon\u0117lis, \u010diobrelis, da\u0161is \u2013 100 %<\/p>","protected":false},"excerpt":{"rendered":"<p>Provanso \u017eolel\u0117s 50g Vartojamas salot\u0173 pada\u017eams, dar\u017eovi\u0173, m\u0117sos,laukinienos patiekalams, marinatams gardinti. Sud\u0117tis: Prieskoniai: rozmarinas,bazilikas,mair\u016bnas,raudon\u0117lis, \u010diobrelis, da\u0161is \u2013 100 %<\/p>","protected":false},"featured_media":16293,"template":"","meta":{"_acf_changed":false},"product_brand":[],"product_cat":[68],"product_tag":[],"class_list":{"0":"post-16292","1":"product","2":"type-product","3":"status-publish","4":"has-post-thumbnail","6":"product_cat-prieskoniai","7":"nt-post-class","8":"","9":"masonry-item","10":"col-lg-6","14":"excerpt-none","18":"first","19":"outofstock","20":"taxable","21":"shipping-taxable","22":"purchasable","23":"product-type-simple","24":"add-to-wishlist-after_add_to_cart"},"acf":[],"_links":{"self":[{"href":"https:\/\/chiaseklos.lt\/en\/wp-json\/wp\/v2\/product\/16292","targetHints":{"allow":["GET"]}}],"collection":[{"href":"https:\/\/chiaseklos.lt\/en\/wp-json\/wp\/v2\/product"}],"about":[{"href":"https:\/\/chiaseklos.lt\/en\/wp-json\/wp\/v2\/types\/product"}],"wp:featuredmedia":[{"embeddable":true,"href":"https:\/\/chiaseklos.lt\/en\/wp-json\/wp\/v2\/media\/16293"}],"wp:attachment":[{"href":"https:\/\/chiaseklos.lt\/en\/wp-json\/wp\/v2\/media?parent=16292"}],"wp:term":[{"taxonomy":"product_brand","embeddable":true,"href":"https:\/\/chiaseklos.lt\/en\/wp-json\/wp\/v2\/product_brand?post=16292"},{"taxonomy":"product_cat","embeddable":true,"href":"https:\/\/chiaseklos.lt\/en\/wp-json\/wp\/v2\/product_cat?post=16292"},{"taxonomy":"product_tag","embeddable":true,"href":"https:\/\/chiaseklos.lt\/en\/wp-json\/wp\/v2\/product_tag?post=16292"}],"curies":[{"name":"wp","href":"https:\/\/api.w.org\/{rel}","templated":true}]}}