{"id":16095,"date":"2021-05-25T13:02:14","date_gmt":"2021-05-25T13:02:14","guid":{"rendered":"http:\/\/chiaseklos.lt\/?post_type=product&#038;p=16095"},"modified":"2026-02-20T11:57:21","modified_gmt":"2026-02-20T11:57:21","slug":"kepinti-ir-sudyti-zemes-riesutai-be-luobeles","status":"publish","type":"product","link":"https:\/\/chiaseklos.lt\/en\/product\/kepinti-ir-sudyti-zemes-riesutai-be-luobeles\/","title":{"rendered":"Kepinti ir s\u016bdyti \u017eem\u0117s rie\u0161utai be luobel\u0117s"},"content":{"rendered":"<p>Kepinti ir s\u016bdyti \u017eem\u0117s rie\u0161utai be luobel\u0117s<\/p>\n<p>tra\u0161k\u016bs s\u016bdyti \u017eem\u0117s rie\u0161utai &#8211; puikus ir sveikas u\u017ekandis. Tinka salotoms, ko\u0161\u0117ms, kulinariniams gaminiams.<\/p>\n<p>Gausu baltym\u0173, lastelienos &#8211; puikiai tinka kasdieniniam vartojimui!<\/p>\n<p>Energin\u0117 ir maistin\u0117 vert\u0117 100 g: 596 kcal\/2469 kJ, riebal\u0173 46 g, i\u0161 kuri\u0173 so\u010di\u0173j\u0173 riebal\u0173 r\u016bg\u0161\u010di\u0173 6,5 g, angliavandeni\u0173 13 g, i\u0161 kuri\u0173 cukr\u0173 6,3 g, baltym\u0173 28g, druskos 1,5 g.<\/p>\n<p>Kilm\u0117s \u0161alis: Argentina<\/p>\n<p>&nbsp;<\/p>","protected":false},"excerpt":{"rendered":"<p>Kepinti ir s\u016bdyti \u017eem\u0117s rie\u0161utai be luobel\u0117s tra\u0161k\u016bs s\u016bdyti \u017eem\u0117s rie\u0161utai &#8211; puikus ir sveikas u\u017ekandis. Tinka salotoms, ko\u0161\u0117ms, kulinariniams gaminiams. Gausu baltym\u0173, lastelienos &#8211; puikiai tinka kasdieniniam vartojimui! Energin\u0117 ir maistin\u0117 vert\u0117 100 g: 596 kcal\/2469 kJ, riebal\u0173 46 g, i\u0161 kuri\u0173 so\u010di\u0173j\u0173 riebal\u0173 r\u016bg\u0161\u010di\u0173 6,5 g, angliavandeni\u0173 13 g, i\u0161 kuri\u0173 cukr\u0173 6,3&#8230;<\/p>","protected":false},"featured_media":16099,"template":"","meta":{"_acf_changed":false},"product_brand":[],"product_cat":[61],"product_tag":[],"class_list":{"0":"post-16095","1":"product","2":"type-product","3":"status-publish","4":"has-post-thumbnail","6":"product_cat-riesutai","7":"nt-post-class","8":"","9":"masonry-item","10":"col-lg-6","14":"excerpt-none","18":"first","19":"instock","20":"taxable","21":"shipping-taxable","22":"purchasable","23":"product-type-variable","24":"add-to-wishlist-after_add_to_cart"},"acf":[],"_links":{"self":[{"href":"https:\/\/chiaseklos.lt\/en\/wp-json\/wp\/v2\/product\/16095","targetHints":{"allow":["GET"]}}],"collection":[{"href":"https:\/\/chiaseklos.lt\/en\/wp-json\/wp\/v2\/product"}],"about":[{"href":"https:\/\/chiaseklos.lt\/en\/wp-json\/wp\/v2\/types\/product"}],"wp:featuredmedia":[{"embeddable":true,"href":"https:\/\/chiaseklos.lt\/en\/wp-json\/wp\/v2\/media\/16099"}],"wp:attachment":[{"href":"https:\/\/chiaseklos.lt\/en\/wp-json\/wp\/v2\/media?parent=16095"}],"wp:term":[{"taxonomy":"product_brand","embeddable":true,"href":"https:\/\/chiaseklos.lt\/en\/wp-json\/wp\/v2\/product_brand?post=16095"},{"taxonomy":"product_cat","embeddable":true,"href":"https:\/\/chiaseklos.lt\/en\/wp-json\/wp\/v2\/product_cat?post=16095"},{"taxonomy":"product_tag","embeddable":true,"href":"https:\/\/chiaseklos.lt\/en\/wp-json\/wp\/v2\/product_tag?post=16095"}],"curies":[{"name":"wp","href":"https:\/\/api.w.org\/{rel}","templated":true}]}}