{"id":15923,"date":"2021-04-28T06:57:40","date_gmt":"2021-04-28T06:57:40","guid":{"rendered":"http:\/\/chiaseklos.lt\/?post_type=product&#038;p=15923"},"modified":"2026-04-15T14:01:06","modified_gmt":"2026-04-15T14:01:06","slug":"neaktyviu-maistiniu-mieliu-dribsniai","status":"publish","type":"product","link":"https:\/\/chiaseklos.lt\/en\/product\/neaktyviu-maistiniu-mieliu-dribsniai\/","title":{"rendered":"Neaktyvi\u0173 maistini\u0173 mieli\u0173 dribsniai"},"content":{"rendered":"<p data-start=\"367\" data-end=\"458\"><strong data-start=\"367\" data-end=\"456\">Neaktyvi\u0173 maistini\u0173 mieli\u0173 dribsniai \u2013 maistingas ir skanus papildas j\u016bs\u0173 patiekalams<\/strong><\/p>\n<p data-start=\"0\" data-end=\"521\"><strong data-start=\"0\" data-end=\"40\">Neaktyvi\u0173 maistini\u0173 mieli\u0173 dribsniai<\/strong> \u2013 tai nat\u016bralus ir vis labiau vertinamas maisto produktas, da\u017enai naudojamas kaip pagardas \u012fvairiems patiekalams. \u0160ie dribsniai gaminami i\u0161 specialiai apdorot\u0173 mieli\u0173, kurios yra <strong data-start=\"220\" data-end=\"234\">neaktyvios<\/strong>, tod\u0117l jos nefermentuoja ir n\u0117ra naudojamos kepimui kaip \u012fprastos kepimo miel\u0117s. D\u0117l \u0161ios prie\u017easties <strong data-start=\"337\" data-end=\"377\">neaktyvi\u0173 maistini\u0173 mieli\u0173 dribsniai<\/strong> yra patogus ingredientas kasdien\u0117je virtuv\u0117je, suteikiantis patiekalams subtil\u0173 skon\u012f ir papildantis mityb\u0105 \u012fvairiomis maistin\u0117mis med\u017eiagomis.<\/p>\n<p data-start=\"523\" data-end=\"831\">Neaktyvios maistin\u0117s miel\u0117s pasi\u017eymi \u0161velniu, \u0161iek tiek rie\u0161utiniu ir <strong data-start=\"593\" data-end=\"621\">s\u016brio primenan\u010diu skoniu<\/strong>, tod\u0117l jos da\u017enai naudojamos kaip pagardas \u012fvairiuose patiekaluose. D\u0117l \u0161io skonio mieli\u0173 dribsniai yra itin populiar\u016bs tarp \u017emoni\u0173, kurie ie\u0161ko nauj\u0173 skoni\u0173 virtuv\u0117je arba renkasi <strong data-start=\"803\" data-end=\"830\">augalin\u0117s kilm\u0117s mityb\u0105<\/strong>.<\/p>\n<p data-start=\"833\" data-end=\"1156\"><strong data-start=\"833\" data-end=\"873\">Neaktyvi\u0173 maistini\u0173 mieli\u0173 dribsniai<\/strong> nat\u016braliai turi <strong data-start=\"890\" data-end=\"932\">augalini\u0173 baltym\u0173 ir B grup\u0117s vitamin\u0173<\/strong>, kurie b\u016bdingi miel\u0117ms. Taip pat miel\u0117se randama \u012fvairi\u0173 mineralini\u0173 med\u017eiag\u0173. D\u0117l \u0161ios sud\u0117ties \u0161is produktas da\u017enai \u012ftraukiamas \u012f \u012fvairi\u0105 ir subalansuot\u0105 mityb\u0105, ypa\u010d tarp \u017emoni\u0173, kurie renkasi augalin\u0117s kilm\u0117s produktus.<\/p>\n<p data-start=\"1158\" data-end=\"1474\">Kadangi \u0161is produktas yra <strong data-start=\"1184\" data-end=\"1204\">augalin\u0117s kilm\u0117s<\/strong>, jis tinka <strong data-start=\"1216\" data-end=\"1242\">veganams ir vegetarams<\/strong>, taip pat visiems, kurie nori praturtinti savo kasdien\u0119 mityb\u0105 \u012fvairesniais ingredientais. Neaktyvi\u0173 maistini\u0173 mieli\u0173 dribsniai neturi gyv\u016bnin\u0117s kilm\u0117s ingredient\u0173 ir gali b\u016bti naudojami kaip pagardas daugelyje skirting\u0173 patiekal\u0173.<\/p>\n<p data-start=\"1476\" data-end=\"1871\">Vienas did\u017eiausi\u0173 \u0161io produkto privalum\u0173 \u2013 jo <strong data-start=\"1522\" data-end=\"1549\">universalumas virtuv\u0117je<\/strong>. Neaktyvi\u0173 maistini\u0173 mieli\u0173 dribsniai gali b\u016bti naudojami kaip pagardas \u012fvairiems kasdieniams patiekalams. Jie puikiai dera su <strong data-start=\"1677\" data-end=\"1747\">salotomis, makaronais, dar\u017eovi\u0173 patiekalais, sriubomis ir pada\u017eais<\/strong>. Taip pat mieli\u0173 dribsniai gali b\u016bti naudojami ruo\u0161iant <strong data-start=\"1804\" data-end=\"1870\">u\u017etep\u0117les, dar\u017eovi\u0173 patiekalus ar \u012fvairius vegani\u0161kus receptus<\/strong>.<\/p>\n<p data-start=\"1873\" data-end=\"2154\">D\u0117l savo skonio \u0161ie dribsniai da\u017enai naudojami kaip <strong data-start=\"1925\" data-end=\"1973\">alternatyva s\u016briui kai kuriuose patiekaluose<\/strong>, nes suteikia lengv\u0105 s\u016brio aromat\u0105 ir malon\u0173 skon\u012f. Jie gali b\u016bti barstomi ant <strong data-start=\"2053\" data-end=\"2112\">makaron\u0173, ry\u017ei\u0173 patiekal\u0173, dar\u017eovi\u0173 tro\u0161kini\u0173 ar salot\u0173<\/strong>, suteikiant patiekalams papildomo skonio.<\/p>\n<p data-start=\"2156\" data-end=\"2396\">Neaktyvi\u0173 maistini\u0173 mieli\u0173 dribsniai taip pat gali b\u016bti naudojami ruo\u0161iant <strong data-start=\"2231\" data-end=\"2303\">naminius pada\u017eus, vegani\u0161kus s\u016brio pakaitalus ar \u012fvairius u\u017ekand\u017eius<\/strong>. Nedidelis \u0161io produkto kiekis gali suteikti patiekalams sodresn\u012f skon\u012f ir \u012fdomesn\u012f aromat\u0105.<\/p>\n<p data-start=\"2398\" data-end=\"2715\"><strong data-start=\"2398\" data-end=\"2413\">Vartojimas.<\/strong><br data-start=\"2413\" data-end=\"2416\" \/>Neaktyvi\u0173 maistini\u0173 mieli\u0173 dribsniai da\u017eniausiai naudojami kaip pagardas. Juos galima barstyti ant m\u0117gstam\u0173 patiekal\u0173 arba \u012fmai\u0161yti \u012f \u012fvairius receptus pagal skon\u012f. Paprastai naudojamas nedidelis kiekis, pavyzd\u017eiui, 1\u20132 arbatiniai \u0161auk\u0161teliai, ta\u010diau kiek\u012f galima reguliuoti pagal individual\u0173 skon\u012f.<\/p>\n<p data-start=\"2717\" data-end=\"2876\"><strong data-start=\"2717\" data-end=\"2737\">Laikymo s\u0105lygos.<\/strong><br data-start=\"2737\" data-end=\"2740\" \/>Produkt\u0105 rekomenduojama laikyti <strong data-start=\"2772\" data-end=\"2802\">sausoje ir v\u0117sioje vietoje<\/strong>, sandariai u\u017edarytoje pakuot\u0117je, kad b\u016bt\u0173 i\u0161saugotas jo skonis ir kokyb\u0117.<\/p>\n<p data-start=\"2298\" data-end=\"2555\"><strong data-start=\"2298\" data-end=\"2321\">Sudedamosios dalys:<\/strong> 100 % <strong data-start=\"2328\" data-end=\"2368\">neaktyvi\u0173 maistini\u0173 mieli\u0173 dribsniai<\/strong>, be sintetini\u0173 pried\u0173, da\u017eikli\u0173 ar konservant\u0173. Laikyti sausoje, v\u0117sioje vietoje, sandariai u\u017edarytoje pakuot\u0117je, kad dribsniai i\u0161laikyt\u0173 skon\u012f, aromat\u0105 ir visas maisting\u0105sias savybes.<\/p>\n<p data-start=\"2557\" data-end=\"2930\">Pasirinkdami <strong data-start=\"2570\" data-end=\"2611\">neaktyvius maistini\u0173 mieli\u0173 dribsnius<\/strong>, j\u016bs gaunate nat\u016bral\u0173, <strong data-start=\"2635\" data-end=\"2657\">maisting\u0105 produkt\u0105<\/strong>, kuris ne tik pagerina patiekal\u0173 skon\u012f, bet ir prisideda prie subalansuotos, sveikos mitybos bei nat\u016bralios energijos palaikymo kiekvien\u0105 dien\u0105. Tai idealus <strong data-start=\"2815\" data-end=\"2838\">vegani\u0161kas papildas<\/strong>, tinka tiek profesionaliai virtuvei, tiek kasdienei sveikos gyvensenos rutinos praktikai.<\/p>\n<p>Kilm\u0117s \u0161alis: Pranc\u016bzija\/Kinija<\/p>\n<p>&nbsp;<\/p>","protected":false},"excerpt":{"rendered":"<p>Neaktyvi\u0173 maistini\u0173 mieli\u0173 dribsniai \u2013 maistingas ir skanus papildas j\u016bs\u0173 patiekalams Neaktyvi\u0173 maistini\u0173 mieli\u0173 dribsniai \u2013 tai nat\u016bralus ir vis labiau vertinamas maisto produktas, da\u017enai naudojamas kaip pagardas \u012fvairiems patiekalams. \u0160ie dribsniai gaminami i\u0161 specialiai apdorot\u0173 mieli\u0173, kurios yra neaktyvios, tod\u0117l jos nefermentuoja ir n\u0117ra naudojamos kepimui kaip \u012fprastos kepimo miel\u0117s. D\u0117l \u0161ios prie\u017easties neaktyvi\u0173&#8230;<\/p>","protected":false},"featured_media":34547,"template":"","meta":{"_acf_changed":false},"product_brand":[],"product_cat":[70,65,68],"product_tag":[],"class_list":{"0":"post-15923","1":"product","2":"type-product","3":"status-publish","4":"has-post-thumbnail","6":"product_cat-akcijos","7":"product_cat-supermaistas","8":"product_cat-prieskoniai","9":"nt-post-class","10":"","11":"masonry-item","12":"col-lg-6","16":"excerpt-none","20":"first","21":"instock","22":"sale","23":"taxable","24":"shipping-taxable","25":"purchasable","26":"product-type-variable","27":"add-to-wishlist-after_add_to_cart"},"acf":[],"_links":{"self":[{"href":"https:\/\/chiaseklos.lt\/en\/wp-json\/wp\/v2\/product\/15923","targetHints":{"allow":["GET"]}}],"collection":[{"href":"https:\/\/chiaseklos.lt\/en\/wp-json\/wp\/v2\/product"}],"about":[{"href":"https:\/\/chiaseklos.lt\/en\/wp-json\/wp\/v2\/types\/product"}],"wp:featuredmedia":[{"embeddable":true,"href":"https:\/\/chiaseklos.lt\/en\/wp-json\/wp\/v2\/media\/34547"}],"wp:attachment":[{"href":"https:\/\/chiaseklos.lt\/en\/wp-json\/wp\/v2\/media?parent=15923"}],"wp:term":[{"taxonomy":"product_brand","embeddable":true,"href":"https:\/\/chiaseklos.lt\/en\/wp-json\/wp\/v2\/product_brand?post=15923"},{"taxonomy":"product_cat","embeddable":true,"href":"https:\/\/chiaseklos.lt\/en\/wp-json\/wp\/v2\/product_cat?post=15923"},{"taxonomy":"product_tag","embeddable":true,"href":"https:\/\/chiaseklos.lt\/en\/wp-json\/wp\/v2\/product_tag?post=15923"}],"curies":[{"name":"wp","href":"https:\/\/api.w.org\/{rel}","templated":true}]}}