{"id":15385,"date":"2021-02-25T14:10:06","date_gmt":"2021-02-25T14:10:06","guid":{"rendered":"http:\/\/chiaseklos.lt\/?post_type=product&#038;p=15385"},"modified":"2026-04-04T06:28:16","modified_gmt":"2026-04-04T06:28:16","slug":"lukstentos-saulegrazu-seklos","status":"publish","type":"product","link":"https:\/\/chiaseklos.lt\/en\/product\/lukstentos-saulegrazu-seklos\/","title":{"rendered":"Saul\u0117gr\u0105\u017e\u0173 s\u0117klos luk\u0161tentos"},"content":{"rendered":"<p><span style=\"color: #000000;\">Saul\u0117gr\u0105\u017e\u0173 s\u0117klos luk\u0161tentos<\/span><\/p>\n<p><span style=\"color: #000000;\">Saul\u0117gr\u0105\u017e\u0173 s\u0117klos yra ne tik skanus u\u017ekandis, bet ir naudingas kiekvieno organizmui.<\/span><\/p>\n<p><span style=\"color: #000000;\">Tinka gardinti salotas, gaminti u\u017etep\u0117les, skaninti konditerinius gaminius, u\u017ekand\u017eiauti vienas.<\/span><\/p>\n<p><span style=\"color: #000000;\">Sudedamosios dalys: saul\u0117gr\u0105\u017e\u0173 s\u0117klos<\/span><\/p>\n<p><span style=\"color: #000000;\">Energin\u0117 ir maistin\u0117 vert\u0117 100 g: 604 kcal\/2504 kJ; riebal\u0173 48,31g, i\u0161 kuri\u0173 so\u010di\u0173j\u0173 riebal\u0173 r\u016bg\u0161\u010di\u0173 5,59g; angliavandeni\u0173 25,12g, i\u0161 kuri\u0173 cukr\u0173 2,78g; skaidulini\u0173 med\u017eiag\u0173 3,41g; baltym\u0173 18,84g; druskos 0,1g.<\/span><\/p>\n<p><span style=\"color: #000000;\">Kilm\u0117s \u0161alis: Bulgarija\/Ukraina\/Moldavija<\/span><\/p>\n<p>&nbsp;<\/p>","protected":false},"excerpt":{"rendered":"<p>Saul\u0117gr\u0105\u017e\u0173 s\u0117klos luk\u0161tentos Saul\u0117gr\u0105\u017e\u0173 s\u0117klos yra ne tik skanus u\u017ekandis, bet ir naudingas kiekvieno organizmui. Tinka gardinti salotas, gaminti u\u017etep\u0117les, skaninti konditerinius gaminius, u\u017ekand\u017eiauti vienas. Sudedamosios dalys: saul\u0117gr\u0105\u017e\u0173 s\u0117klos Energin\u0117 ir maistin\u0117 vert\u0117 100 g: 604 kcal\/2504 kJ; riebal\u0173 48,31g, i\u0161 kuri\u0173 so\u010di\u0173j\u0173 riebal\u0173 r\u016bg\u0161\u010di\u0173 5,59g; angliavandeni\u0173 25,12g, i\u0161 kuri\u0173 cukr\u0173 2,78g; skaidulini\u0173 med\u017eiag\u0173 3,41g;&#8230;<\/p>","protected":false},"featured_media":15386,"template":"","meta":{"_acf_changed":false},"product_brand":[],"product_cat":[17],"product_tag":[],"class_list":{"0":"post-15385","1":"product","2":"type-product","3":"status-publish","4":"has-post-thumbnail","6":"product_cat-seklos","7":"nt-post-class","8":"","9":"masonry-item","10":"col-lg-6","14":"excerpt-none","18":"first","19":"instock","20":"taxable","21":"shipping-taxable","22":"purchasable","23":"product-type-variable","24":"add-to-wishlist-after_add_to_cart"},"acf":[],"_links":{"self":[{"href":"https:\/\/chiaseklos.lt\/en\/wp-json\/wp\/v2\/product\/15385","targetHints":{"allow":["GET"]}}],"collection":[{"href":"https:\/\/chiaseklos.lt\/en\/wp-json\/wp\/v2\/product"}],"about":[{"href":"https:\/\/chiaseklos.lt\/en\/wp-json\/wp\/v2\/types\/product"}],"wp:featuredmedia":[{"embeddable":true,"href":"https:\/\/chiaseklos.lt\/en\/wp-json\/wp\/v2\/media\/15386"}],"wp:attachment":[{"href":"https:\/\/chiaseklos.lt\/en\/wp-json\/wp\/v2\/media?parent=15385"}],"wp:term":[{"taxonomy":"product_brand","embeddable":true,"href":"https:\/\/chiaseklos.lt\/en\/wp-json\/wp\/v2\/product_brand?post=15385"},{"taxonomy":"product_cat","embeddable":true,"href":"https:\/\/chiaseklos.lt\/en\/wp-json\/wp\/v2\/product_cat?post=15385"},{"taxonomy":"product_tag","embeddable":true,"href":"https:\/\/chiaseklos.lt\/en\/wp-json\/wp\/v2\/product_tag?post=15385"}],"curies":[{"name":"wp","href":"https:\/\/api.w.org\/{rel}","templated":true}]}}