{"id":15316,"date":"2021-02-18T09:08:18","date_gmt":"2021-02-18T09:08:18","guid":{"rendered":"http:\/\/chiaseklos.lt\/?post_type=product&#038;p=15316"},"modified":"2026-03-09T13:55:28","modified_gmt":"2026-03-09T13:55:28","slug":"datules-be-kauliuko-deglet-nour","status":"publish","type":"product","link":"https:\/\/chiaseklos.lt\/en\/product\/datules-be-kauliuko-deglet-nour\/","title":{"rendered":"Datul\u0117s be kauliuko Deglet Nour"},"content":{"rendered":"<h3 data-start=\"177\" data-end=\"242\">Datul\u0117s be kauliuko Deglet Nour \u2013 nat\u016bralus saldus u\u017ekandis<\/h3>\n<p data-start=\"244\" data-end=\"548\"><strong data-start=\"244\" data-end=\"279\">Datul\u0117s be kauliuko Deglet Nour<\/strong> \u2013 tai nat\u016braliai sald\u017eios, mink\u0161tos ir aromatingos datul\u0117s, puikiai tinkamos tiek kasdieniam vartojimui, tiek sveikiems u\u017ekand\u017eiams. Jos i\u0161siskiria subtiliu karameliniu skoniu ir malonia tekst\u016bra, tod\u0117l jas lengva valgyti vienas arba naudoti \u012fvairiuose patiekaluose.<\/p>\n<p data-start=\"550\" data-end=\"1039\">\u0160ios datul\u0117s yra lengvai vir\u0161kinamos ir pasi\u017eymi auk\u0161ta maistine verte. Jose gausu <strong data-start=\"633\" data-end=\"679\">vitamin\u0173, mineral\u0173 ir skaidulini\u0173 med\u017eiag\u0173<\/strong>, tod\u0117l jos gali b\u016bti puikus nat\u016bralus energijos \u0161altinis tiek vaikams, tiek suaugusiems. D\u0117l saldaus skonio ir lengvos vir\u0161kinamumo jos da\u017enai naudojamos <strong data-start=\"834\" data-end=\"903\">pusry\u010di\u0173 ko\u0161\u0117se, kokteiliuose, desertuose ar sveikuose kepiniuose<\/strong>. Deglet Nour datul\u0117s suteikia nat\u016bral\u0173 saldum\u0105 be prid\u0117tinio cukraus, tod\u0117l tai sveikesn\u0117 alternatyva cukraus turintiems saldikliams.<\/p>\n<p data-start=\"1041\" data-end=\"1063\"><strong data-start=\"1041\" data-end=\"1061\">Nauda sveikatai:<\/strong><\/p>\n<ul data-start=\"1064\" data-end=\"1373\">\n<li data-start=\"1064\" data-end=\"1142\">\n<p data-start=\"1066\" data-end=\"1142\"><strong data-start=\"1066\" data-end=\"1080\">Skaidulos:<\/strong> palaiko vir\u0161kinimo sistem\u0105 ir ilgiau i\u0161laiko sotumo jausm\u0105.<\/p>\n<\/li>\n<li data-start=\"1143\" data-end=\"1225\">\n<p data-start=\"1145\" data-end=\"1225\"><strong data-start=\"1145\" data-end=\"1172\">Vitaminai ir mineralai:<\/strong> kalio, magnio, gele\u017eies ir antioksidant\u0173 \u0161altinis.<\/p>\n<\/li>\n<li data-start=\"1226\" data-end=\"1373\">\n<p data-start=\"1228\" data-end=\"1373\"><strong data-start=\"1228\" data-end=\"1261\">Nat\u016bralus energijos \u0161altinis:<\/strong> greitai suteikia energijos, tod\u0117l tinka u\u017ekand\u017eiams darbo metu, sporto treniruo\u010di\u0173 metu ar mokykloje vaikams.<\/p>\n<\/li>\n<\/ul>\n<p data-start=\"1375\" data-end=\"1730\">Datul\u0117s Deglet Nour puikiai tinka <strong data-start=\"1409\" data-end=\"1442\">naudoti \u012fvairiuose receptuose<\/strong>: jas galima smulkinti ir d\u0117ti \u012f ko\u0161es, blenderiu sumai\u0161yti su rie\u0161ut\u0173 sviestu arba augaliniais g\u0117rimais, gaminti sveikus baton\u0117lius, saldinti desertus ar sveikus kepinius. Be to, jos yra patogios naudoti kaip greitas u\u017ekandis kelion\u0117se ar darbe, nes nereikia jokio papildomo paruo\u0161imo.<\/p>\n<p data-start=\"1732\" data-end=\"2104\">\u0160ios datul\u0117s be kauliuko \u2013 <strong data-start=\"1759\" data-end=\"1821\">nat\u016bralus, sveikas ir prakti\u0161kas pasirinkimas visai \u0161eimai<\/strong>. Jas galima \u012ftraukti \u012f kasdien\u0119 mityb\u0105 tiek vaikams, tiek suaugusiems, siekiant palaikyti sveik\u0105 energijos lyg\u012f ir pagerinti bendr\u0105 mitybos kokyb\u0119. D\u0117l savo nat\u016bralaus skonio, saldumo ir tekst\u016bros Deglet Nour datul\u0117s yra universali priemon\u0117 virtuv\u0117je ir sveik\u0173 u\u017ekand\u017ei\u0173 gamyboje.<\/p>\n<p data-start=\"2106\" data-end=\"2245\"><strong data-start=\"2106\" data-end=\"2129\">Sudedamosios dalys:<\/strong> 100 % d\u017eiovintos datul\u0117s be kauliuko.<br data-start=\"2167\" data-end=\"2170\" \/><strong data-start=\"2170\" data-end=\"2183\">Laikymas:<\/strong> sausoje, v\u0117sioje vietoje, nuo tiesiogini\u0173 saul\u0117s spinduli\u0173.<\/p>\n<p data-start=\"2247\" data-end=\"2424\"><strong data-start=\"2247\" data-end=\"2282\">Datul\u0117s be kauliuko Deglet Nour<\/strong> \u2013 tai nat\u016bralus, maistingas ir gardus pasirinkimas, padedantis praturtinti kasdien\u0119 mityb\u0105 sveikais ir skaniais ingredientais visai \u0161eimai.<\/p>\n<p>Energin\u0117 ir maistin\u0117 vert\u0117 100g: 344 kcal\/1350 kJ, riebal\u0173 0,5 g, i\u0161 kuri\u0173 so\u010di\u0173j\u0173 riebal\u0173 r\u016bg\u0161\u010di\u0173 0 g, angliavandeni\u0173 83 g, i\u0161 kuri\u0173 cukr\u0173 72 g, baltym\u0173 2 g, druskos 0,14g.<\/p>\n<p>Laikymo s\u0105lygos: laikyti v\u0117sioje vietoje, temperat\u016bra\u00a0nuo 0\u00b0C iki 25\u00b0C<\/p>\n<p>Kilm\u0117s \u0161alis; Al\u017eyras\/Tunisas<\/p>\n<p>&nbsp;<\/p>\n<p>&nbsp;<\/p>","protected":false},"excerpt":{"rendered":"<p>Datul\u0117s be kauliuko Deglet Nour \u2013 nat\u016bralus saldus u\u017ekandis Datul\u0117s be kauliuko Deglet Nour \u2013 tai nat\u016braliai sald\u017eios, mink\u0161tos ir aromatingos datul\u0117s, puikiai tinkamos tiek kasdieniam vartojimui, tiek sveikiems u\u017ekand\u017eiams. Jos i\u0161siskiria subtiliu karameliniu skoniu ir malonia tekst\u016bra, tod\u0117l jas lengva valgyti vienas arba naudoti \u012fvairiuose patiekaluose. \u0160ios datul\u0117s yra lengvai vir\u0161kinamos ir pasi\u017eymi auk\u0161ta&#8230;<\/p>","protected":false},"featured_media":15320,"template":"","meta":{"_acf_changed":false},"product_brand":[],"product_cat":[42,70],"product_tag":[],"class_list":{"0":"post-15316","1":"product","2":"type-product","3":"status-publish","4":"has-post-thumbnail","6":"product_cat-dziovinti-vaisiai-uogos","7":"product_cat-akcijos","8":"nt-post-class","9":"","10":"masonry-item","11":"col-lg-6","15":"excerpt-none","19":"first","20":"instock","21":"sale","22":"taxable","23":"shipping-taxable","24":"purchasable","25":"product-type-variable","26":"add-to-wishlist-after_add_to_cart"},"acf":[],"_links":{"self":[{"href":"https:\/\/chiaseklos.lt\/en\/wp-json\/wp\/v2\/product\/15316","targetHints":{"allow":["GET"]}}],"collection":[{"href":"https:\/\/chiaseklos.lt\/en\/wp-json\/wp\/v2\/product"}],"about":[{"href":"https:\/\/chiaseklos.lt\/en\/wp-json\/wp\/v2\/types\/product"}],"wp:featuredmedia":[{"embeddable":true,"href":"https:\/\/chiaseklos.lt\/en\/wp-json\/wp\/v2\/media\/15320"}],"wp:attachment":[{"href":"https:\/\/chiaseklos.lt\/en\/wp-json\/wp\/v2\/media?parent=15316"}],"wp:term":[{"taxonomy":"product_brand","embeddable":true,"href":"https:\/\/chiaseklos.lt\/en\/wp-json\/wp\/v2\/product_brand?post=15316"},{"taxonomy":"product_cat","embeddable":true,"href":"https:\/\/chiaseklos.lt\/en\/wp-json\/wp\/v2\/product_cat?post=15316"},{"taxonomy":"product_tag","embeddable":true,"href":"https:\/\/chiaseklos.lt\/en\/wp-json\/wp\/v2\/product_tag?post=15316"}],"curies":[{"name":"wp","href":"https:\/\/api.w.org\/{rel}","templated":true}]}}