{"id":15082,"date":"2021-02-03T09:20:20","date_gmt":"2021-02-03T09:20:20","guid":{"rendered":"http:\/\/chiaseklos.lt\/?post_type=product&#038;p=15082"},"modified":"2025-08-05T09:23:45","modified_gmt":"2025-08-05T09:23:45","slug":"raudonieji-pipirai-zirneliais-50-g","status":"publish","type":"product","link":"https:\/\/chiaseklos.lt\/en\/product\/raudonieji-pipirai-zirneliais-50-g\/","title":{"rendered":"Raudonieji pipirai \u017eirneliais 50 g."},"content":{"rendered":"<p><span style=\"color: #000000;\">Raudonieji pipirai \u017eirneliais 50 g.<\/span><\/p>\n<p><span style=\"color: #000000;\">Maistin\u0117 vert\u0117 100g: 39 kcal; lipidai 0,4g, i\u0161 j\u0173 sotieji riebalai 0g, polinesotieji riebalai 0,2g, mononesotieji riebalai 0g; natris 9 mg; kalis 322 mg; angliavandeniai 9g, i\u0161 j\u0173 maistin\u0117s skaidulos 1,5g, cukrus 5g; baltymai 1,9g; vitaminas 952 IU; vitaminas C 143,7 IU; kalcis 14 mg; gele\u017eis 1 mg; vitaminas B6 0,5 mg; magnis 23 mg.<\/span><\/p>\n<p><span style=\"color: #000000;\">Kilm\u0117s \u0161alis: Brazilija<\/span><\/p>\n<p>&nbsp;<\/p>","protected":false},"excerpt":{"rendered":"<p>Raudonieji pipirai \u017eirneliais 50 g. Maistin\u0117 vert\u0117 100g: 39 kcal; lipidai 0,4g, i\u0161 j\u0173 sotieji riebalai 0g, polinesotieji riebalai 0,2g, mononesotieji riebalai 0g; natris 9 mg; kalis 322 mg; angliavandeniai 9g, i\u0161 j\u0173 maistin\u0117s skaidulos 1,5g, cukrus 5g; baltymai 1,9g; vitaminas 952 IU; vitaminas C 143,7 IU; kalcis 14 mg; gele\u017eis 1 mg; vitaminas B6&#8230;<\/p>","protected":false},"featured_media":15084,"template":"","meta":{"_acf_changed":false},"product_brand":[],"product_cat":[68],"product_tag":[],"class_list":{"0":"post-15082","1":"product","2":"type-product","3":"status-publish","4":"has-post-thumbnail","6":"product_cat-prieskoniai","7":"nt-post-class","8":"","9":"masonry-item","10":"col-lg-6","14":"excerpt-none","18":"first","19":"instock","20":"taxable","21":"shipping-taxable","22":"purchasable","23":"product-type-variable","24":"add-to-wishlist-after_add_to_cart"},"acf":[],"_links":{"self":[{"href":"https:\/\/chiaseklos.lt\/en\/wp-json\/wp\/v2\/product\/15082","targetHints":{"allow":["GET"]}}],"collection":[{"href":"https:\/\/chiaseklos.lt\/en\/wp-json\/wp\/v2\/product"}],"about":[{"href":"https:\/\/chiaseklos.lt\/en\/wp-json\/wp\/v2\/types\/product"}],"wp:featuredmedia":[{"embeddable":true,"href":"https:\/\/chiaseklos.lt\/en\/wp-json\/wp\/v2\/media\/15084"}],"wp:attachment":[{"href":"https:\/\/chiaseklos.lt\/en\/wp-json\/wp\/v2\/media?parent=15082"}],"wp:term":[{"taxonomy":"product_brand","embeddable":true,"href":"https:\/\/chiaseklos.lt\/en\/wp-json\/wp\/v2\/product_brand?post=15082"},{"taxonomy":"product_cat","embeddable":true,"href":"https:\/\/chiaseklos.lt\/en\/wp-json\/wp\/v2\/product_cat?post=15082"},{"taxonomy":"product_tag","embeddable":true,"href":"https:\/\/chiaseklos.lt\/en\/wp-json\/wp\/v2\/product_tag?post=15082"}],"curies":[{"name":"wp","href":"https:\/\/api.w.org\/{rel}","templated":true}]}}