{"id":15079,"date":"2021-02-03T09:08:18","date_gmt":"2021-02-03T09:08:18","guid":{"rendered":"http:\/\/chiaseklos.lt\/?post_type=product&#038;p=15079"},"modified":"2026-03-17T10:08:04","modified_gmt":"2026-03-17T10:08:04","slug":"baltieji-pipirai-zirneliais-50-g","status":"publish","type":"product","link":"https:\/\/chiaseklos.lt\/en\/product\/baltieji-pipirai-zirneliais-50-g\/","title":{"rendered":"Baltieji pipirai \u017eirneliais 50 g."},"content":{"rendered":"<p><span style=\"color: #000000;\">Baltieji pipirai \u017eirneliais 50 g.<\/span><\/p>\n<p><span style=\"color: #000000;\">Baltieji pipirai gaminami i\u0161 Piper Nigrum augalo, ta\u010diau \u010dia naudojamos prinokusios s\u0117klos, kurios mirkomos vandenyje tam, kad nusilupt\u0173 odel\u0117. Tokiu b\u016bdu gaunami \u0161viesios spalvos pipirai, kuri\u0173 skonis yra \u0161velnus.<\/span><\/p>\n<p><span style=\"color: #000000;\">Maistin\u0117 vert\u0117 100g: 296 kcal; vanduo 11,4 ml; baltymai 10,4g; angliavandeniai 68,6g, i\u0161 j\u0173 skaidulos 26,2g; riebalai 2,1g, i\u0161 j\u0173: sotieji riebalai 0,6g, polinesotieji riebalai 0,6g, mononesotieji riebalai 0,8g.<\/span><\/p>\n<p><span style=\"color: #000000;\">Kilm\u0117s \u0161alis: Vietnamas<\/span><\/p>","protected":false},"excerpt":{"rendered":"<p>Baltieji pipirai \u017eirneliais 50 g. Baltieji pipirai gaminami i\u0161 Piper Nigrum augalo, ta\u010diau \u010dia naudojamos prinokusios s\u0117klos, kurios mirkomos vandenyje tam, kad nusilupt\u0173 odel\u0117. Tokiu b\u016bdu gaunami \u0161viesios spalvos pipirai, kuri\u0173 skonis yra \u0161velnus. Maistin\u0117 vert\u0117 100g: 296 kcal; vanduo 11,4 ml; baltymai 10,4g; angliavandeniai 68,6g, i\u0161 j\u0173 skaidulos 26,2g; riebalai 2,1g, i\u0161 j\u0173: sotieji&#8230;<\/p>","protected":false},"featured_media":15080,"template":"","meta":{"_acf_changed":false},"product_brand":[],"product_cat":[68],"product_tag":[],"class_list":{"0":"post-15079","1":"product","2":"type-product","3":"status-publish","4":"has-post-thumbnail","6":"product_cat-prieskoniai","7":"nt-post-class","8":"","9":"masonry-item","10":"col-lg-6","14":"excerpt-none","18":"first","19":"outofstock","20":"taxable","21":"shipping-taxable","22":"purchasable","23":"product-type-variable","24":"add-to-wishlist-after_add_to_cart"},"acf":[],"_links":{"self":[{"href":"https:\/\/chiaseklos.lt\/en\/wp-json\/wp\/v2\/product\/15079","targetHints":{"allow":["GET"]}}],"collection":[{"href":"https:\/\/chiaseklos.lt\/en\/wp-json\/wp\/v2\/product"}],"about":[{"href":"https:\/\/chiaseklos.lt\/en\/wp-json\/wp\/v2\/types\/product"}],"wp:featuredmedia":[{"embeddable":true,"href":"https:\/\/chiaseklos.lt\/en\/wp-json\/wp\/v2\/media\/15080"}],"wp:attachment":[{"href":"https:\/\/chiaseklos.lt\/en\/wp-json\/wp\/v2\/media?parent=15079"}],"wp:term":[{"taxonomy":"product_brand","embeddable":true,"href":"https:\/\/chiaseklos.lt\/en\/wp-json\/wp\/v2\/product_brand?post=15079"},{"taxonomy":"product_cat","embeddable":true,"href":"https:\/\/chiaseklos.lt\/en\/wp-json\/wp\/v2\/product_cat?post=15079"},{"taxonomy":"product_tag","embeddable":true,"href":"https:\/\/chiaseklos.lt\/en\/wp-json\/wp\/v2\/product_tag?post=15079"}],"curies":[{"name":"wp","href":"https:\/\/api.w.org\/{rel}","templated":true}]}}