{"id":15073,"date":"2021-02-03T08:43:39","date_gmt":"2021-02-03T08:43:39","guid":{"rendered":"http:\/\/chiaseklos.lt\/?post_type=product&#038;p=15073"},"modified":"2025-07-23T16:03:09","modified_gmt":"2025-07-23T16:03:09","slug":"juodieji-pipirai-zirneliai-50g","status":"publish","type":"product","link":"https:\/\/chiaseklos.lt\/en\/product\/juodieji-pipirai-zirneliai-50g\/","title":{"rendered":"Juodieji pipirai \u017eirneliais 50g."},"content":{"rendered":"<h1 class=\"product-title product_title entry-title\">Juodieji pipirai \u017eirneliai 50g.<\/h1>\n<p style=\"background: white; margin: 6.0pt 0in 6.0pt 0in;\"><span style=\"font-size: 10.5pt; font-family: Arial, sans-serif; color: #000000;\">Juodasis pipiras kil\u0119s i\u0161 Piet\u0173\u00a0Indijos, bet dabar auginamas daugelyje\u00a0tropini\u0173\u00a0region\u0173 (Pietry\u010di\u0173 Azijoje, Malaj\u0173 salyne, Madagaskare).<\/span><\/p>\n<p style=\"background: white; font-variant-ligatures: normal; font-variant-caps: normal; orphans: 2; text-align: start; widows: 2; -webkit-text-stroke-width: 0px; word-spacing: 0px; margin: 6pt 0in;\"><span style=\"font-size: 10.5pt; font-family: Arial, sans-serif; color: #000000;\">Juodojo pipiro kaulavaisiai pla\u010diai naudojami buityje kaip\u00a0prieskonis. Vienas svarbiausi\u0173 maistini\u0173\u00a0pipir\u0173. I\u0161 \u0161io augalo gaminami\u00a0juodieji,\u00a0baltieji\u00a0ir\u00a0\u017ealieji\u00a0pipirai.<\/span><\/p>\n<p><span style=\"color: #000000;\">Maistin\u0117 vert\u0117 100g: 251 kcal; lipidai 3,3g, i\u0161 j\u0173 sotieji riebalai 1,4g, polinesotieji riebalai 1g, mononesotieji riebalai 0,7g; natris 20 mg; kalis 1329 mg; angliavandeniai 64g, i\u0161 j\u0173 maistin\u0117s skaidulos 25g, cukrus 0,6g; baltymai 10g; vitaminas 547 IU; kalcis 443 mg; gele\u017eis 9,7 mg; vitaminas B6 0,3 mg; magnis 1,71 mg.<\/span><\/p>\n<p><span style=\"color: #000000;\">Kilm\u0117s \u0161alis: Vietnamas<\/span><\/p>","protected":false},"excerpt":{"rendered":"<p>Juodieji pipirai \u017eirneliai 50g. Juodasis pipiras kil\u0119s i\u0161 Piet\u0173\u00a0Indijos, bet dabar auginamas daugelyje\u00a0tropini\u0173\u00a0region\u0173 (Pietry\u010di\u0173 Azijoje, Malaj\u0173 salyne, Madagaskare). Juodojo pipiro kaulavaisiai pla\u010diai naudojami buityje kaip\u00a0prieskonis. Vienas svarbiausi\u0173 maistini\u0173\u00a0pipir\u0173. I\u0161 \u0161io augalo gaminami\u00a0juodieji,\u00a0baltieji\u00a0ir\u00a0\u017ealieji\u00a0pipirai. Maistin\u0117 vert\u0117 100g: 251 kcal; lipidai 3,3g, i\u0161 j\u0173 sotieji riebalai 1,4g, polinesotieji riebalai 1g, mononesotieji riebalai 0,7g; natris 20 mg; kalis 1329&#8230;<\/p>","protected":false},"featured_media":15075,"template":"","meta":{"_acf_changed":false},"product_brand":[],"product_cat":[68],"product_tag":[],"class_list":{"0":"post-15073","1":"product","2":"type-product","3":"status-publish","4":"has-post-thumbnail","6":"product_cat-prieskoniai","7":"nt-post-class","8":"","9":"masonry-item","10":"col-lg-6","14":"excerpt-none","18":"first","19":"instock","20":"taxable","21":"shipping-taxable","22":"purchasable","23":"product-type-variable","24":"add-to-wishlist-after_add_to_cart"},"acf":[],"_links":{"self":[{"href":"https:\/\/chiaseklos.lt\/en\/wp-json\/wp\/v2\/product\/15073","targetHints":{"allow":["GET"]}}],"collection":[{"href":"https:\/\/chiaseklos.lt\/en\/wp-json\/wp\/v2\/product"}],"about":[{"href":"https:\/\/chiaseklos.lt\/en\/wp-json\/wp\/v2\/types\/product"}],"wp:featuredmedia":[{"embeddable":true,"href":"https:\/\/chiaseklos.lt\/en\/wp-json\/wp\/v2\/media\/15075"}],"wp:attachment":[{"href":"https:\/\/chiaseklos.lt\/en\/wp-json\/wp\/v2\/media?parent=15073"}],"wp:term":[{"taxonomy":"product_brand","embeddable":true,"href":"https:\/\/chiaseklos.lt\/en\/wp-json\/wp\/v2\/product_brand?post=15073"},{"taxonomy":"product_cat","embeddable":true,"href":"https:\/\/chiaseklos.lt\/en\/wp-json\/wp\/v2\/product_cat?post=15073"},{"taxonomy":"product_tag","embeddable":true,"href":"https:\/\/chiaseklos.lt\/en\/wp-json\/wp\/v2\/product_tag?post=15073"}],"curies":[{"name":"wp","href":"https:\/\/api.w.org\/{rel}","templated":true}]}}