{"id":14879,"date":"2021-01-15T08:12:44","date_gmt":"2021-01-15T08:12:44","guid":{"rendered":"http:\/\/chiaseklos.lt\/?post_type=product&#038;p=14879"},"modified":"2026-01-21T14:02:17","modified_gmt":"2026-01-21T14:02:17","slug":"kedrines-pinijos","status":"publish","type":"product","link":"https:\/\/chiaseklos.lt\/en\/product\/kedrines-pinijos\/","title":{"rendered":"Kedrin\u0117s pinijos"},"content":{"rendered":"<p><span style=\"color: #000000;\">Kedrin\u0117s pinijos<\/span><\/p>\n<p><span style=\"color: #000000;\">Kedrin\u0117s pinijos \u2013 vertingas maisto produktas. Itin turtingos polineso\u010di\u0173j\u0173 riebal\u0173 r\u016bg\u0161\u010di\u0173, nauding\u0173 \u017emon\u0117ms, sergantiems \u0161irdies ir kraujagysli\u0173 ligomis, vitamin\u0173 (A, B, D, E, F) mikroelement\u0173 (fosforo, magnio, cinko, vario, jodo, mangano ir kt.), antioksidant\u0173 ir kit\u0173 veikli\u0173j\u0173 med\u017eiag\u0173.<\/span><br \/>\n<span style=\"color: #000000;\">Sausoje keptuv\u0117je paskrudintas pinijas galima kramsnoti kaip u\u017ekand\u012f, gardinti jomis salotas, \u0161pinat\u0173 ir bakla\u017ean\u0173 patiekalus. Sugr\u016bst\u0173 pinij\u0173 mai\u0161oma \u012f pesto pada\u017e\u0105.<\/span><\/p>\n<p><span style=\"color: #000000;\">Sudedamosios dalys: kedrin\u0117s pinijos\u00a0<\/span><\/p>\n<p><span style=\"color: #000000;\">Kilm\u0117s \u0161alis: Kinija\/Rusija<\/span><\/p>\n<p><span style=\"color: #000000;\">100 g. maistin\u0117 vert\u0117:\u00a0<\/span><span style=\"color: #000000;\">energetin\u0117 vert\u0117: 698 kcal \/ 2923 kJ;\u00a0<\/span><span style=\"color: #000000;\">angliavandeni\u0173: 9,8 g. i\u0161 j\u0173 cukr\u0173: 0 g;\u00a0<\/span><span style=\"color: #000000;\">riebal\u0173: 70,6 g. i\u0161 j\u0173 so\u010di\u0173j\u0173 riebal\u0173: 0 g;\u00a0<\/span><span style=\"color: #000000;\">baltym\u0173: 13,4 g;\u00a0<\/span><span style=\"color: #000000;\">druskos: 0 mg.<\/span><\/p>\n<p>&nbsp;<\/p>\n<p>&nbsp;<\/p>","protected":false},"excerpt":{"rendered":"<p>Kedrin\u0117s pinijos Kedrin\u0117s pinijos \u2013 vertingas maisto produktas. Itin turtingos polineso\u010di\u0173j\u0173 riebal\u0173 r\u016bg\u0161\u010di\u0173, nauding\u0173 \u017emon\u0117ms, sergantiems \u0161irdies ir kraujagysli\u0173 ligomis, vitamin\u0173 (A, B, D, E, F) mikroelement\u0173 (fosforo, magnio, cinko, vario, jodo, mangano ir kt.), antioksidant\u0173 ir kit\u0173 veikli\u0173j\u0173 med\u017eiag\u0173. Sausoje keptuv\u0117je paskrudintas pinijas galima kramsnoti kaip u\u017ekand\u012f, gardinti jomis salotas, \u0161pinat\u0173 ir bakla\u017ean\u0173 patiekalus&#8230;.<\/p>","protected":false},"featured_media":34552,"template":"","meta":{"_acf_changed":false},"product_brand":[],"product_cat":[61],"product_tag":[],"class_list":{"0":"post-14879","1":"product","2":"type-product","3":"status-publish","4":"has-post-thumbnail","6":"product_cat-riesutai","7":"nt-post-class","8":"","9":"masonry-item","10":"col-lg-6","14":"excerpt-none","18":"first","19":"instock","20":"taxable","21":"shipping-taxable","22":"purchasable","23":"product-type-variable","24":"add-to-wishlist-after_add_to_cart"},"acf":[],"_links":{"self":[{"href":"https:\/\/chiaseklos.lt\/en\/wp-json\/wp\/v2\/product\/14879","targetHints":{"allow":["GET"]}}],"collection":[{"href":"https:\/\/chiaseklos.lt\/en\/wp-json\/wp\/v2\/product"}],"about":[{"href":"https:\/\/chiaseklos.lt\/en\/wp-json\/wp\/v2\/types\/product"}],"wp:featuredmedia":[{"embeddable":true,"href":"https:\/\/chiaseklos.lt\/en\/wp-json\/wp\/v2\/media\/34552"}],"wp:attachment":[{"href":"https:\/\/chiaseklos.lt\/en\/wp-json\/wp\/v2\/media?parent=14879"}],"wp:term":[{"taxonomy":"product_brand","embeddable":true,"href":"https:\/\/chiaseklos.lt\/en\/wp-json\/wp\/v2\/product_brand?post=14879"},{"taxonomy":"product_cat","embeddable":true,"href":"https:\/\/chiaseklos.lt\/en\/wp-json\/wp\/v2\/product_cat?post=14879"},{"taxonomy":"product_tag","embeddable":true,"href":"https:\/\/chiaseklos.lt\/en\/wp-json\/wp\/v2\/product_tag?post=14879"}],"curies":[{"name":"wp","href":"https:\/\/api.w.org\/{rel}","templated":true}]}}