{"id":14659,"date":"2020-12-16T18:31:24","date_gmt":"2020-12-16T18:31:24","guid":{"rendered":"http:\/\/chiaseklos.lt\/?post_type=product&#038;p=14659"},"modified":"2025-11-17T09:30:18","modified_gmt":"2025-11-17T09:30:18","slug":"dziovintos-vysnios","status":"publish","type":"product","link":"https:\/\/chiaseklos.lt\/en\/product\/dziovintos-vysnios\/","title":{"rendered":"D\u017eiovintos vy\u0161nios"},"content":{"rendered":"<p><strong><span style=\"color: #000000;\">D\u017eiovintos vy\u0161nios<\/span><\/strong><\/p>\n<p><span style=\"color: #000000;\">Tai itin malonaus skonio uogos be prid\u0117tinio cukraus. D\u017eiovintos vy\u0161nios \u2013 puiki i\u0161eitis m\u0117gautis gard\u017eiomis ir sveikomis uogomis visus metus.<\/span><\/p>\n<p><span style=\"color: #000000;\">Maistin\u0117 vert\u0117 100g: 1503 kJ\/354 kcal; riebalai 0,5g, i\u0161 kuri\u0173 so\u010di\u0173j\u0173 riebal\u0173 rug\u0161\u010di\u0173 0g; angliavandeniai 85g, i\u0161 kuri\u0173 cukr\u0173 67g; baltymai 2,6g; druska 0,06g.<\/span><\/p>\n<p><span style=\"color: #000000;\">Tinka skanauti vienas, gardinti ko\u0161es, salotas, jogurtus.<\/span><\/p>\n<p>Sudedamosios dalys: d\u017eiovintos vy\u0161nios,<\/p>\n<p><span style=\"color: #000000;\">Kilm\u0117s \u0161alis: Bulgarija<\/span><\/p>\n<p>&nbsp;<\/p>","protected":false},"excerpt":{"rendered":"<p>D\u017eiovintos vy\u0161nios Tai itin malonaus skonio uogos be prid\u0117tinio cukraus. D\u017eiovintos vy\u0161nios \u2013 puiki i\u0161eitis m\u0117gautis gard\u017eiomis ir sveikomis uogomis visus metus. Maistin\u0117 vert\u0117 100g: 1503 kJ\/354 kcal; riebalai 0,5g, i\u0161 kuri\u0173 so\u010di\u0173j\u0173 riebal\u0173 rug\u0161\u010di\u0173 0g; angliavandeniai 85g, i\u0161 kuri\u0173 cukr\u0173 67g; baltymai 2,6g; druska 0,06g. Tinka skanauti vienas, gardinti ko\u0161es, salotas, jogurtus. Sudedamosios dalys:&#8230;<\/p>","protected":false},"featured_media":14660,"template":"","meta":{"_acf_changed":false},"product_brand":[],"product_cat":[42],"product_tag":[],"class_list":{"0":"post-14659","1":"product","2":"type-product","3":"status-publish","4":"has-post-thumbnail","6":"product_cat-dziovinti-vaisiai-uogos","7":"nt-post-class","8":"","9":"masonry-item","10":"col-lg-6","14":"excerpt-none","18":"first","19":"instock","20":"taxable","21":"shipping-taxable","22":"purchasable","23":"product-type-variable","24":"add-to-wishlist-after_add_to_cart"},"acf":[],"_links":{"self":[{"href":"https:\/\/chiaseklos.lt\/en\/wp-json\/wp\/v2\/product\/14659","targetHints":{"allow":["GET"]}}],"collection":[{"href":"https:\/\/chiaseklos.lt\/en\/wp-json\/wp\/v2\/product"}],"about":[{"href":"https:\/\/chiaseklos.lt\/en\/wp-json\/wp\/v2\/types\/product"}],"wp:featuredmedia":[{"embeddable":true,"href":"https:\/\/chiaseklos.lt\/en\/wp-json\/wp\/v2\/media\/14660"}],"wp:attachment":[{"href":"https:\/\/chiaseklos.lt\/en\/wp-json\/wp\/v2\/media?parent=14659"}],"wp:term":[{"taxonomy":"product_brand","embeddable":true,"href":"https:\/\/chiaseklos.lt\/en\/wp-json\/wp\/v2\/product_brand?post=14659"},{"taxonomy":"product_cat","embeddable":true,"href":"https:\/\/chiaseklos.lt\/en\/wp-json\/wp\/v2\/product_cat?post=14659"},{"taxonomy":"product_tag","embeddable":true,"href":"https:\/\/chiaseklos.lt\/en\/wp-json\/wp\/v2\/product_tag?post=14659"}],"curies":[{"name":"wp","href":"https:\/\/api.w.org\/{rel}","templated":true}]}}