{"id":14555,"date":"2021-01-14T13:14:45","date_gmt":"2021-01-14T13:14:45","guid":{"rendered":"http:\/\/chiaseklos.lt\/?post_type=product&#038;p=14555"},"modified":"2026-04-02T10:39:55","modified_gmt":"2026-04-02T10:39:55","slug":"ekologiski-maya-gold-sirupai-350g","status":"publish","type":"product","link":"https:\/\/chiaseklos.lt\/en\/product\/ekologiski-maya-gold-sirupai-350g\/","title":{"rendered":"MAYA GOLD SIRUPAI 350g."},"content":{"rendered":"<h3>\u00a0MAYA GOLD SIRUPAI<\/h3>\n<p>I\u0161sirinkite m\u0117giamiausius ir gardinkite savo gaminius sveikai bei gard\u017eiai.<\/p>\n<h3 class=\"nomarg f_36\">MAYA GOLD LIGHT KOKOS\u0172 SIRUPAS 350 G<\/h3>\n<h5><span class=\"JLqJ4b ChMk0b\" data-language-for-alternatives=\"lt\" data-language-to-translate-into=\"en\" data-phrase-index=\"0\">Skanus sirupas i\u0161 kokos\u0173 cukraus.<\/span> <span class=\"JLqJ4b ChMk0b\" data-language-for-alternatives=\"lt\" data-language-to-translate-into=\"en\" data-phrase-index=\"1\">D\u0117l karamelinio poskonio jis idealiai tinka naudoti desertams ar saldinti kar\u0161tus g\u0117rimus bei kepinius.<\/span><\/h5>\n<h3 class=\"nomarg f_36\">MAYA GOLD LIGHT AGAV\u0172 SIRUPAS 350 G<\/h3>\n<h5 class=\"nomarg f_36\">Agav\u0173 sirupas da\u017enai vadinamas agav\u0173 nektaru, saldiklis, i\u0161gaunamas i\u0161 keletos agav\u0173 r\u016b\u0161i\u0173. Agav\u0173 sirupas saldesnis nei medus ir ma\u017eiau klampus. \u0160is\u00a0MAYA GOLD LIGHT AGAV\u0172 SIRUPAS, <strong>\u0161velnaus skonio bei aromato m\u0117g\u0117jams<\/strong>. Tinka saldinti kokteilius, ledus, var\u0161k\u0119, ko\u0161es ir t.t.<\/h5>\n<h5 class=\"nomarg f_36\"><strong>Energin\u0117 vert\u0117:<\/strong>\u00a01298 kJ\/ 310 kcal;Riebalai:\u00a00 g.;\u00a0So\u010diosios riebal\u0173 r\u016bg\u0161tys:\u00a00 g.\u00a0Angliavandeniai:\u00a078 g.\u00a0Cukr\u016bs:\u00a077 g<br \/>\nBaltymai:\u00a00 g.\u00a0Druska:\u00a00 g.<\/h5>\n<h3 class=\"nomarg f_36\">MAYA GOLD DARK AGAV\u0172 SIRUPAS 350 G<\/h3>\n<h5 class=\"nomarg f_36\">Agav\u0173 sirupas da\u017enai vadinamas agav\u0173 nektaru, saldiklis, i\u0161gaunamas i\u0161 keletos agav\u0173 r\u016b\u0161i\u0173. Agav\u0173 sirupas saldesnis nei medus ir ma\u017eiau klampus. \u0160is\u00a0MAYA GOLD DARK AGAV\u0172 SIRUPAS <strong>a\u0161tresnio bei sodresnio poskonio<\/strong> bei aromato m\u0117g\u0117jams.\u00a0Tinka saldinti kokteilius, ledus, var\u0161k\u0119, ko\u0161es ir t.t.<\/h5>\n<h5 class=\"nomarg f_36\"><strong>Energin\u0117 vert\u0117:<\/strong>\u00a01298 kJ\/ 310 kcal;Riebalai:\u00a00 g.;\u00a0So\u010diosios riebal\u0173 r\u016bg\u0161tys:\u00a00 g.\u00a0Angliavandeniai:\u00a078 g.\u00a0Cukr\u016bs:\u00a077 g<br \/>\nBaltymai:\u00a00 g.\u00a0Druska:\u00a00 g<\/h5>","protected":false},"excerpt":{"rendered":"<p>\u00a0MAYA GOLD SIRUPAI I\u0161sirinkite m\u0117giamiausius ir gardinkite savo gaminius sveikai bei gard\u017eiai. MAYA GOLD LIGHT KOKOS\u0172 SIRUPAS 350 G Skanus sirupas i\u0161 kokos\u0173 cukraus. D\u0117l karamelinio poskonio jis idealiai tinka naudoti desertams ar saldinti kar\u0161tus g\u0117rimus bei kepinius. MAYA GOLD LIGHT AGAV\u0172 SIRUPAS 350 G Agav\u0173 sirupas da\u017enai vadinamas agav\u0173 nektaru, saldiklis, i\u0161gaunamas i\u0161 keletos&#8230;<\/p>","protected":false},"featured_media":14862,"template":"","meta":{"_acf_changed":false},"product_brand":[],"product_cat":[72],"product_tag":[],"class_list":{"0":"post-14555","1":"product","2":"type-product","3":"status-publish","4":"has-post-thumbnail","6":"product_cat-sirupai","7":"nt-post-class","8":"","9":"masonry-item","10":"col-lg-6","14":"excerpt-none","18":"first","19":"outofstock","20":"taxable","21":"shipping-taxable","22":"purchasable","23":"product-type-variable","24":"add-to-wishlist-after_add_to_cart"},"acf":[],"_links":{"self":[{"href":"https:\/\/chiaseklos.lt\/en\/wp-json\/wp\/v2\/product\/14555","targetHints":{"allow":["GET"]}}],"collection":[{"href":"https:\/\/chiaseklos.lt\/en\/wp-json\/wp\/v2\/product"}],"about":[{"href":"https:\/\/chiaseklos.lt\/en\/wp-json\/wp\/v2\/types\/product"}],"wp:featuredmedia":[{"embeddable":true,"href":"https:\/\/chiaseklos.lt\/en\/wp-json\/wp\/v2\/media\/14862"}],"wp:attachment":[{"href":"https:\/\/chiaseklos.lt\/en\/wp-json\/wp\/v2\/media?parent=14555"}],"wp:term":[{"taxonomy":"product_brand","embeddable":true,"href":"https:\/\/chiaseklos.lt\/en\/wp-json\/wp\/v2\/product_brand?post=14555"},{"taxonomy":"product_cat","embeddable":true,"href":"https:\/\/chiaseklos.lt\/en\/wp-json\/wp\/v2\/product_cat?post=14555"},{"taxonomy":"product_tag","embeddable":true,"href":"https:\/\/chiaseklos.lt\/en\/wp-json\/wp\/v2\/product_tag?post=14555"}],"curies":[{"name":"wp","href":"https:\/\/api.w.org\/{rel}","templated":true}]}}