{"id":14529,"date":"2020-12-08T13:58:23","date_gmt":"2020-12-08T13:58:23","guid":{"rendered":"http:\/\/chiaseklos.lt\/?post_type=product&#038;p=14529"},"modified":"2025-02-19T10:11:05","modified_gmt":"2025-02-19T10:11:05","slug":"ozrages-seklos","status":"publish","type":"product","link":"https:\/\/chiaseklos.lt\/en\/product\/ozrages-seklos\/","title":{"rendered":"O\u017erag\u0117s s\u0117klos"},"content":{"rendered":"<p><span style=\"color: #000000;\">O\u017erag\u0117s s\u0117klos<\/span><\/p>\n<p><span style=\"color: #000000;\">Vaistin\u0117 o\u017erag\u0117 dar vadinama kupranugari\u0173 \u017eole arba graikiniu \u0161ienu. A\u0161troko, i\u0161rai\u0161kingo skonio, tod\u0117l tinka ruo\u0161iant salotas, humus\u0105, ant sumu\u0161tini\u0173 ar dar\u017eovi\u0173.<\/span><\/p>\n<p><span style=\"color: #000000;\">Vaistini\u0173 o\u017eragi\u0173 preparatai veikia tonizuojamai, tod\u0117l padeda \u012fveikti nuovarg\u012f, grei\u010diau sustipr\u0117jama po sunki\u0173 lig\u0173. Kadangi juose yra daug gleivi\u0173, kurios padengia gleivines ir jas apsaugo nuo dirginimo, vartojami sergant skausm\u0105 sukelian\u010diomis vir\u0161kinimo organ\u0173 ligomis. Gleiv\u0117s taip pat padidina i\u0161mat\u0173 t\u016br\u012f ir jas sumink\u0161tina, tod\u0117l o\u017eragi\u0173 preparatais gydomas skausmingas viduri\u0173 u\u017ekiet\u0117jimas.<\/span><\/p>\n<p><span style=\"color: #000000;\">Vaistin\u0117s o\u017erag\u0117s s\u0117klose yra kumarin\u0173, steroidini\u0173\u00a0saponin\u0173,\u00a0eterinio aliejaus, suteikian\u010dio s\u0117kloms b\u016bding\u0105 kvap\u0105, ir\u00a0alkaloid\u0173, o stiebuose ir lapuose\u00a0\u2013\u00a0cholino, saponin\u0173, diosgenino,\u00a0gleivi\u0173, kartumyn\u0173,\u00a0tanino, derv\u0173,\u00a0vitamino C\u00a0bei riebi\u0173j\u0173 aliej\u0173.<\/span><\/p>\n<p><span style=\"color: #000000;\">100g o\u017erag\u0117s s\u0117kl\u0173 sudaro: 323 kcal; lipidai\u00a0 6g, i\u0161 j\u0173 sotieji riebalai 1,5g; cholesterolis 0 mg; natris 67 mg; kalis 770 mg; angliavandeniai 58g, i\u0161 j\u0173 maistin\u0117s skaidulos 25g; baltymai 23g; vitaminas A 60 IU; vitaminas C 3 mg; kalcis 176 mg; gele\u017eis 33,5 mg; vitaminas B6 0,6 mg; magnis 191 mg.<\/span><\/p>\n<p><span style=\"color: #000000;\">Sudedamosios dalys:\u00a0100% o\u017erag\u0117s s\u0117klos<\/span><\/p>\n<p><span style=\"color: #282828;\">Kilm\u0117s \u0161alis: Indija, Egiptas<\/span><\/p>","protected":false},"excerpt":{"rendered":"<p>O\u017erag\u0117s s\u0117klos Vaistin\u0117 o\u017erag\u0117 dar vadinama kupranugari\u0173 \u017eole arba graikiniu \u0161ienu. A\u0161troko, i\u0161rai\u0161kingo skonio, tod\u0117l tinka ruo\u0161iant salotas, humus\u0105, ant sumu\u0161tini\u0173 ar dar\u017eovi\u0173. Vaistini\u0173 o\u017eragi\u0173 preparatai veikia tonizuojamai, tod\u0117l padeda \u012fveikti nuovarg\u012f, grei\u010diau sustipr\u0117jama po sunki\u0173 lig\u0173. Kadangi juose yra daug gleivi\u0173, kurios padengia gleivines ir jas apsaugo nuo dirginimo, vartojami sergant skausm\u0105 sukelian\u010diomis vir\u0161kinimo&#8230;<\/p>","protected":false},"featured_media":14534,"template":"","meta":{"_acf_changed":false},"product_brand":[],"product_cat":[17],"product_tag":[],"class_list":{"0":"post-14529","1":"product","2":"type-product","3":"status-publish","4":"has-post-thumbnail","6":"product_cat-seklos","7":"nt-post-class","8":"","9":"masonry-item","10":"col-lg-6","14":"excerpt-none","18":"first","19":"instock","20":"taxable","21":"shipping-taxable","22":"purchasable","23":"product-type-variable","24":"add-to-wishlist-after_add_to_cart"},"acf":[],"_links":{"self":[{"href":"https:\/\/chiaseklos.lt\/en\/wp-json\/wp\/v2\/product\/14529","targetHints":{"allow":["GET"]}}],"collection":[{"href":"https:\/\/chiaseklos.lt\/en\/wp-json\/wp\/v2\/product"}],"about":[{"href":"https:\/\/chiaseklos.lt\/en\/wp-json\/wp\/v2\/types\/product"}],"wp:featuredmedia":[{"embeddable":true,"href":"https:\/\/chiaseklos.lt\/en\/wp-json\/wp\/v2\/media\/14534"}],"wp:attachment":[{"href":"https:\/\/chiaseklos.lt\/en\/wp-json\/wp\/v2\/media?parent=14529"}],"wp:term":[{"taxonomy":"product_brand","embeddable":true,"href":"https:\/\/chiaseklos.lt\/en\/wp-json\/wp\/v2\/product_brand?post=14529"},{"taxonomy":"product_cat","embeddable":true,"href":"https:\/\/chiaseklos.lt\/en\/wp-json\/wp\/v2\/product_cat?post=14529"},{"taxonomy":"product_tag","embeddable":true,"href":"https:\/\/chiaseklos.lt\/en\/wp-json\/wp\/v2\/product_tag?post=14529"}],"curies":[{"name":"wp","href":"https:\/\/api.w.org\/{rel}","templated":true}]}}