{"id":14521,"date":"2020-12-08T13:19:41","date_gmt":"2020-12-08T13:19:41","guid":{"rendered":"http:\/\/chiaseklos.lt\/?post_type=product&#038;p=14521"},"modified":"2026-04-09T06:35:55","modified_gmt":"2026-04-09T06:35:55","slug":"kanapiu-seklos-lukstentos","status":"publish","type":"product","link":"https:\/\/chiaseklos.lt\/en\/product\/kanapiu-seklos-lukstentos\/","title":{"rendered":"Kanapi\u0173 s\u0117klos luk\u0161tentos\/branduoliai"},"content":{"rendered":"<h4 data-section-id=\"1sj1cwq\" data-start=\"199\" data-end=\"250\">Kanapi\u0173 s\u0117klos luk\u0161tentos \u2013 nat\u016bral\u016bs branduoliai<\/h4>\n<h4 data-section-id=\"12ddc8o\" data-start=\"252\" data-end=\"301\">Subalansuotai mitybai ir kasdieniam vartojimui<\/h4>\n<p data-start=\"303\" data-end=\"796\">Kanapi\u0173 s\u0117klos luk\u0161tentos yra nat\u016bralus ir maistingas pasirinkimas tiems, kurie siekia subalansuotos mitybos. \u0160iose s\u0117klose gausu vitamin\u0173 ir mikroelement\u0173, toki\u0173 kaip vitaminai E, B1, B3, B6, gele\u017eis, fosforas, magnis, cinkas, varis, manganas, kalis bei folio r\u016bg\u0161tis. Be to, kanapi\u0173 s\u0117klos yra puikus nepakei\u010diam\u0173 polineso\u010di\u0173j\u0173 riebal\u0173 r\u016bg\u0161\u010di\u0173 Omega-6 ir Omega-3 \u0161altinis. D\u0117l \u0161i\u0173 savybi\u0173 jos gali b\u016bti naudingos kasdien\u0117je mityboje kaip nat\u016bralus energijos ir maistini\u0173 med\u017eiag\u0173 \u0161altinis.<\/p>\n<p data-start=\"798\" data-end=\"1022\">Luk\u0161tentos kanapi\u0173 s\u0117klos pasi\u017eymi subtiliu, \u0161iek tiek rie\u0161ut\u0173 primenan\u010diu skoniu, tod\u0117l jas lengva \u012ftraukti \u012f \u012fvairius patiekalus. Tai ne tik maistingas, bet ir skanus pasirinkimas tiek sald\u017eiuose, tiek s\u016briuose receptuose.<\/p>\n<h4 data-section-id=\"1rqgz3v\" data-start=\"1029\" data-end=\"1060\">Kaip naudoti kanapi\u0173 s\u0117klas?<\/h4>\n<p data-start=\"1062\" data-end=\"1150\">Luk\u0161tentos kanapi\u0173 s\u0117klos yra universalios ir tinka \u012fvairiems kulinariniams sprendimams:<\/p>\n<ul data-start=\"1152\" data-end=\"1444\">\n<li data-section-id=\"9s5bdr\" data-start=\"1152\" data-end=\"1225\">\n<p data-start=\"1154\" data-end=\"1225\">Gardinti salotas, suteikiant tra\u0161kumo ir papildom\u0173 maistini\u0173 med\u017eiag\u0173<\/p>\n<\/li>\n<li data-section-id=\"9et1v6\" data-start=\"1226\" data-end=\"1279\">\n<p data-start=\"1228\" data-end=\"1279\">\u012etraukti \u012f \u017ealiuosius kokteilius, jogurt\u0105 ar ko\u0161\u0119<\/p>\n<\/li>\n<li data-section-id=\"5qey3i\" data-start=\"1280\" data-end=\"1329\">\n<p data-start=\"1282\" data-end=\"1329\">Naudoti kepiniuose, pyraguose ar baton\u0117liuose<\/p>\n<\/li>\n<li data-section-id=\"1c0n4k5\" data-start=\"1330\" data-end=\"1377\">\n<p data-start=\"1332\" data-end=\"1377\">Papuo\u0161ti desertus ar sveikuosius u\u017ekand\u017eius<\/p>\n<\/li>\n<li data-section-id=\"qwmvf9\" data-start=\"1378\" data-end=\"1444\">\n<p data-start=\"1380\" data-end=\"1444\">Derinti su kitomis s\u0117klomis, rie\u0161utais ar d\u017eiovintais vaisiais<\/p>\n<\/li>\n<\/ul>\n<p data-start=\"1446\" data-end=\"1588\">D\u0117l subtilaus skonio kanapi\u0173 s\u0117klos puikiai dera su \u012fvairiais ingredientais, suteikdamos patiekalams malon\u0173 rie\u0161ut\u0173 aromat\u0105 ir maistin\u0119 vert\u0119.<\/p>\n<p data-start=\"1625\" data-end=\"1671\"><strong data-start=\"1625\" data-end=\"1648\">Sudedamosios dalys:<\/strong><br data-start=\"1648\" data-end=\"1651\" \/>Luk\u0161tentos kanap\u0117s<\/p>\n<p data-start=\"1673\" data-end=\"1702\"><strong data-start=\"1673\" data-end=\"1700\">Maistin\u0117 vert\u0117 (100 g):<\/strong><\/p>\n<ul data-start=\"1703\" data-end=\"1890\">\n<li data-section-id=\"1v0xk90\" data-start=\"1703\" data-end=\"1741\">\n<p data-start=\"1705\" data-end=\"1741\">Energin\u0117 vert\u0117: 604 kcal \/ 2501 kJ<\/p>\n<\/li>\n<li data-section-id=\"1t7fkn\" data-start=\"1742\" data-end=\"1762\">\n<p data-start=\"1744\" data-end=\"1762\">Riebalai: 52,0 g<\/p>\n<\/li>\n<li data-section-id=\"2dnu4o\" data-start=\"1763\" data-end=\"1801\">\n<p data-start=\"1765\" data-end=\"1801\">I\u0161 j\u0173 so\u010di\u0173j\u0173 riebal\u0173 r\u016bg\u0161\u010di\u0173: 4 g<\/p>\n<\/li>\n<li data-section-id=\"1bntp2o\" data-start=\"1802\" data-end=\"1829\">\n<p data-start=\"1804\" data-end=\"1829\">Angliavandeniai: 10,3 g<\/p>\n<\/li>\n<li data-section-id=\"14pqkbt\" data-start=\"1830\" data-end=\"1850\">\n<p data-start=\"1832\" data-end=\"1850\">I\u0161 j\u0173 cukr\u0173: 1 g<\/p>\n<\/li>\n<li data-section-id=\"6xeusv\" data-start=\"1851\" data-end=\"1871\">\n<p data-start=\"1853\" data-end=\"1871\">Baltymai: 32,0 g<\/p>\n<\/li>\n<li data-section-id=\"1klxms3\" data-start=\"1872\" data-end=\"1890\">\n<p data-start=\"1874\" data-end=\"1890\">Druska: 0,00 g<\/p>\n<\/li>\n<\/ul>\n<p data-start=\"1892\" data-end=\"2103\">Luk\u0161tentos kanapi\u0173 s\u0117klos yra maistingos, turtingos baltymais ir sveik\u0173j\u0173 riebal\u0173 r\u016bg\u0161timis, tod\u0117l jos puikiai tinka kaip energingas ingredientas tiek pusry\u010diams, tiek u\u017ekand\u017eiams ar gaminant sveikus desertus.<\/p>\n<h4 data-section-id=\"1hh2gvd\" data-start=\"2110\" data-end=\"2128\">Laikymo s\u0105lygos<\/h4>\n<p data-start=\"2130\" data-end=\"2367\">Kanapi\u0173 s\u0117klas rekomenduojama laikyti sausoje ir v\u0117sioje vietoje, apsaugotoje nuo tiesiogini\u0173 saul\u0117s spinduli\u0173. Laikymo temperat\u016bra: nuo 0\u00b0C iki 25\u00b0C. Tinkamai laikomos s\u0117klos i\u0161laiko savo tra\u0161kum\u0105, skon\u012f ir maistin\u0119 vert\u0119 ilgesn\u012f laik\u0105.<\/p>\n<p data-start=\"2398\" data-end=\"2824\">Luk\u0161tentos kanapi\u0173 s\u0117klos yra nat\u016bralus, auk\u0161tos kokyb\u0117s produktas, puikiai tinkantis kasdieniam vartojimui ir kulinarijai. Jos suteikia patiekalams rie\u0161ut\u0173 aromat\u0105, papildom\u0173 baltym\u0173, vitamin\u0173 ir nepakei\u010diam\u0173 polineso\u010di\u0173j\u0173 riebal\u0173 r\u016bg\u0161\u010di\u0173. Tai prakti\u0161kas ir maistingas ingredientas, kur\u012f galima lengvai \u012ftraukti \u012f \u012fvairius patiekalus, nuo salot\u0173 iki kepini\u0173, ir m\u0117gautis nat\u016braliu, subtiliu skoniu bei sveikatingumo priedu.<\/p>\n<p>Kilm\u0117s \u0161alis: Lietuva\/Lenkija\/Kinija\/Kanada<\/p>\n<p>&nbsp;<\/p>","protected":false},"excerpt":{"rendered":"<p>Kanapi\u0173 s\u0117klos luk\u0161tentos \u2013 nat\u016bral\u016bs branduoliai Subalansuotai mitybai ir kasdieniam vartojimui Kanapi\u0173 s\u0117klos luk\u0161tentos yra nat\u016bralus ir maistingas pasirinkimas tiems, kurie siekia subalansuotos mitybos. \u0160iose s\u0117klose gausu vitamin\u0173 ir mikroelement\u0173, toki\u0173 kaip vitaminai E, B1, B3, B6, gele\u017eis, fosforas, magnis, cinkas, varis, manganas, kalis bei folio r\u016bg\u0161tis. Be to, kanapi\u0173 s\u0117klos yra puikus nepakei\u010diam\u0173 polineso\u010di\u0173j\u0173&#8230;<\/p>","protected":false},"featured_media":14522,"template":"","meta":{"_acf_changed":false},"product_brand":[],"product_cat":[17,65],"product_tag":[],"class_list":{"0":"post-14521","1":"product","2":"type-product","3":"status-publish","4":"has-post-thumbnail","6":"product_cat-seklos","7":"product_cat-supermaistas","8":"nt-post-class","9":"","10":"masonry-item","11":"col-lg-6","15":"excerpt-none","19":"first","20":"instock","21":"taxable","22":"shipping-taxable","23":"purchasable","24":"product-type-variable","25":"add-to-wishlist-after_add_to_cart"},"acf":[],"_links":{"self":[{"href":"https:\/\/chiaseklos.lt\/en\/wp-json\/wp\/v2\/product\/14521","targetHints":{"allow":["GET"]}}],"collection":[{"href":"https:\/\/chiaseklos.lt\/en\/wp-json\/wp\/v2\/product"}],"about":[{"href":"https:\/\/chiaseklos.lt\/en\/wp-json\/wp\/v2\/types\/product"}],"wp:featuredmedia":[{"embeddable":true,"href":"https:\/\/chiaseklos.lt\/en\/wp-json\/wp\/v2\/media\/14522"}],"wp:attachment":[{"href":"https:\/\/chiaseklos.lt\/en\/wp-json\/wp\/v2\/media?parent=14521"}],"wp:term":[{"taxonomy":"product_brand","embeddable":true,"href":"https:\/\/chiaseklos.lt\/en\/wp-json\/wp\/v2\/product_brand?post=14521"},{"taxonomy":"product_cat","embeddable":true,"href":"https:\/\/chiaseklos.lt\/en\/wp-json\/wp\/v2\/product_cat?post=14521"},{"taxonomy":"product_tag","embeddable":true,"href":"https:\/\/chiaseklos.lt\/en\/wp-json\/wp\/v2\/product_tag?post=14521"}],"curies":[{"name":"wp","href":"https:\/\/api.w.org\/{rel}","templated":true}]}}